{"id":18687,"date":"2022-10-14T16:55:24","date_gmt":"2022-10-14T16:55:24","guid":{"rendered":"https:\/\/chilimag.hu\/webshop\/?post_type=product&#038;p=18687"},"modified":"2026-03-07T07:07:20","modified_gmt":"2026-03-07T07:07:20","slug":"tok-pezsmatok-black-futsu-b-s","status":"publish","type":"product","link":"https:\/\/chilimag.hu\/webshop\/termek\/tok-pezsmatok-black-futsu-b-s\/","title":{"rendered":"Black Futsu T\u00f6k B-S"},"content":{"rendered":"","protected":false},"excerpt":{"rendered":"<p><img decoding=\"async\" src=\"https:\/\/chilimag.hu\/webshop\/wp-content\/uploads\/2022\/10\/bobby-seeds-test-logo-150x150.png\" \/><\/p>\n<p>Term\u00e9kinform\u00e1ci\u00f3 &#8222;Black Futsu&#8221;<\/p>\n<p>Eredetileg Jap\u00e1nb\u00f3l sz\u00e1rmaz\u00f3 fajta<\/p>\n<p>A Black Futsu egy nagyon sz\u00e9p, strapab\u00edr\u00f3 , kiss\u00e9 v\u00e1ltoz\u00f3 m\u00e9ret\u0171, 1-3,5 kg s\u00faly\u00fa. S\u00f6t\u00e9tz\u00f6ldr\u0151l terrakott\u00e1ra v\u00e1ltoztatja a sz\u00edn\u00e9t, \u00e9s valamivel kor\u00e1bbi, mint p\u00e9ld\u00e1ul a Mucade de Provence. A gy\u00fcm\u00f6lcs\u00f6k nagyon j\u00f3l t\u00e1rolhat\u00f3k, \u00e9s a konyh\u00e1ban is kiv\u00e1l\u00f3ak.<\/p>\n<p>moschata<br \/>\n\u00c9rlel\u00e9si id\u0151: 110 nap<br \/>\nRangviselked\u00e9s: m\u00e9rs\u00e9kelt<br \/>\nA Cucurbita moschata legink\u00e1bb magas karotintartalm\u00e1val meggy\u0151z.<br \/>\nA Cucurbita moschata sok meleget ig\u00e9nyel, ez\u00e9rt el\u0151 kell termeszteni. A legfeljebb 110 napos \u00e9r\u00e9si idej\u0171 fajt\u00e1k azt\u00e1n a hideg vid\u00e9keken is j\u00f3l fejl\u0151dnek.<\/p>\n<p>Lehets\u00e9ges k\u00e1rtev\u0151k: csig\u00e1k, madarak, egerek, tetvek, lisztharmat.<\/p>\n<p>A csomag 10 szem magot tartalmaz.<\/p>\n","protected":false},"featured_media":33167,"comment_status":"closed","ping_status":"closed","template":"","meta":[],"product_brand":[],"product_cat":[345],"product_tag":[],"class_list":{"0":"post-18687","1":"product","2":"type-product","3":"status-publish","4":"has-post-thumbnail","6":"product_cat-suto-fozo-es-disztokok","8":"first","9":"instock","10":"taxable","11":"shipping-taxable","12":"purchasable","13":"product-type-simple"},"_links":{"self":[{"href":"https:\/\/chilimag.hu\/webshop\/wp-json\/wp\/v2\/product\/18687","targetHints":{"allow":["GET"]}}],"collection":[{"href":"https:\/\/chilimag.hu\/webshop\/wp-json\/wp\/v2\/product"}],"about":[{"href":"https:\/\/chilimag.hu\/webshop\/wp-json\/wp\/v2\/types\/product"}],"replies":[{"embeddable":true,"href":"https:\/\/chilimag.hu\/webshop\/wp-json\/wp\/v2\/comments?post=18687"}],"wp:featuredmedia":[{"embeddable":true,"href":"https:\/\/chilimag.hu\/webshop\/wp-json\/wp\/v2\/media\/33167"}],"wp:attachment":[{"href":"https:\/\/chilimag.hu\/webshop\/wp-json\/wp\/v2\/media?parent=18687"}],"wp:term":[{"taxonomy":"product_brand","embeddable":true,"href":"https:\/\/chilimag.hu\/webshop\/wp-json\/wp\/v2\/product_brand?post=18687"},{"taxonomy":"product_cat","embeddable":true,"href":"https:\/\/chilimag.hu\/webshop\/wp-json\/wp\/v2\/product_cat?post=18687"},{"taxonomy":"product_tag","embeddable":true,"href":"https:\/\/chilimag.hu\/webshop\/wp-json\/wp\/v2\/product_tag?post=18687"}],"curies":[{"name":"wp","href":"https:\/\/api.w.org\/{rel}","templated":true}]}}