{"id":18677,"date":"2022-10-14T16:06:42","date_gmt":"2022-10-14T16:06:42","guid":{"rendered":"https:\/\/chilimag.hu\/webshop\/?post_type=product&#038;p=18677"},"modified":"2026-04-03T09:10:34","modified_gmt":"2026-04-03T09:10:34","slug":"paradicsom-raf-bio-b-s","status":"publish","type":"product","link":"https:\/\/chilimag.hu\/webshop\/termek\/paradicsom-raf-bio-b-s\/","title":{"rendered":"RAF Bio B-S Paradicsom"},"content":{"rendered":"","protected":false},"excerpt":{"rendered":"<p><img decoding=\"async\" src=\"https:\/\/chilimag.hu\/webshop\/wp-content\/uploads\/2022\/10\/bobby-seeds-test-logo-150x150.png\" \/><\/p>\n<p>Term\u00e9kinform\u00e1ci\u00f3 &#8222;Tomato RAF BIO&#8221;<\/p>\n<p>A Raf egy ellen\u00e1ll\u00f3 Marmande paradicsom, j\u00f3 term\u00e9ssel<\/p>\n<p>A piros gy\u00fcm\u00f6lcs\u00f6k nagyok, lapos g\u00f6mb\u00f6ly\u0171ek, h\u00fasosak \u00e9s j\u00f3 \u00edz\u0171ek, t\u00f6meg\u00fck k\u00f6r\u00fclbel\u00fcl 200\u2013250 gramm. A fajta ellen\u00e1ll a Fusariumnak. Sz\u00fcretre k\u00e9sz piros sz\u00edn\u0171 z\u00f6ld v\u00e1ll\u00fa, k\u00fclt\u00e9ren strapab\u00edr\u00f3. \u00dcvegh\u00e1zba \u00e9s v\u00e9dett kult\u00far\u00e1ba egyar\u00e1nt alkalmas, de a szabadban meleg helyeken is j\u00f3l \u00e9rzi mag\u00e1t.<\/p>\n<p>Solanum lycopersicum<br \/>\nA betakar\u00edt\u00e1s j\u00falius v\u00e9g\u00e9t\u0151l szeptemberig tart<br \/>\nFebru\u00e1rt\u00f3l \u00e1prilisig 20-25 \u00b0C-ra vetj\u00fck, majd az \u00fcltet\u00e9sig el\u0151teny\u00e9sztj\u00fck<\/p>\n<p>Paradicsom tipp:<br \/>\nSoha ne \u00f6nt\u00f6zz\u00fck a n\u00f6v\u00e9nyeket csaphideg v\u00edzzel, a v\u00edznek legal\u00e1bb szobah\u0151m\u00e9rs\u00e9klet\u0171nek kell lennie. Mindig \u00fcgyeljen arra, hogy a levelek sz\u00e1razak legyenek, hogy cs\u00f6kkentse a paradicsom rothad\u00e1s\u00e1nak es\u00e9ly\u00e9t.<\/p>\n<p>A csomag 10 szem magot tartalmaz.<\/p>\n","protected":false},"featured_media":18678,"comment_status":"closed","ping_status":"closed","template":"","meta":[],"product_brand":[],"product_cat":[10],"product_tag":[],"class_list":{"0":"post-18677","1":"product","2":"type-product","3":"status-publish","4":"has-post-thumbnail","6":"product_cat-paradicsom","8":"first","9":"outofstock","10":"taxable","11":"shipping-taxable","12":"purchasable","13":"product-type-simple"},"_links":{"self":[{"href":"https:\/\/chilimag.hu\/webshop\/wp-json\/wp\/v2\/product\/18677","targetHints":{"allow":["GET"]}}],"collection":[{"href":"https:\/\/chilimag.hu\/webshop\/wp-json\/wp\/v2\/product"}],"about":[{"href":"https:\/\/chilimag.hu\/webshop\/wp-json\/wp\/v2\/types\/product"}],"replies":[{"embeddable":true,"href":"https:\/\/chilimag.hu\/webshop\/wp-json\/wp\/v2\/comments?post=18677"}],"wp:featuredmedia":[{"embeddable":true,"href":"https:\/\/chilimag.hu\/webshop\/wp-json\/wp\/v2\/media\/18678"}],"wp:attachment":[{"href":"https:\/\/chilimag.hu\/webshop\/wp-json\/wp\/v2\/media?parent=18677"}],"wp:term":[{"taxonomy":"product_brand","embeddable":true,"href":"https:\/\/chilimag.hu\/webshop\/wp-json\/wp\/v2\/product_brand?post=18677"},{"taxonomy":"product_cat","embeddable":true,"href":"https:\/\/chilimag.hu\/webshop\/wp-json\/wp\/v2\/product_cat?post=18677"},{"taxonomy":"product_tag","embeddable":true,"href":"https:\/\/chilimag.hu\/webshop\/wp-json\/wp\/v2\/product_tag?post=18677"}],"curies":[{"name":"wp","href":"https:\/\/api.w.org\/{rel}","templated":true}]}}