{"id":18675,"date":"2022-10-14T16:03:57","date_gmt":"2022-10-14T16:03:57","guid":{"rendered":"https:\/\/chilimag.hu\/webshop\/?post_type=product&#038;p=18675"},"modified":"2026-03-31T12:29:13","modified_gmt":"2026-03-31T12:29:13","slug":"paradicsom-tschernij-prinz-bio-b-s","status":"publish","type":"product","link":"https:\/\/chilimag.hu\/webshop\/termek\/paradicsom-tschernij-prinz-bio-b-s\/","title":{"rendered":"Tschernij Prinz Bio B-S Paradicsom"},"content":{"rendered":"","protected":false},"excerpt":{"rendered":"<p><img decoding=\"async\" src=\"https:\/\/chilimag.hu\/webshop\/wp-content\/uploads\/2022\/10\/bobby-seeds-test-logo-150x150.png\" \/><\/p>\n<p>Term\u00e9kinform\u00e1ci\u00f3 &#8222;Tomato Tschernij Prinz ORGANIC&#8221;<\/p>\n<p>Kiv\u00e1l\u00f3, j\u00f3 \u00edz\u0171 barna-piros marhasteak paradicsom<br \/>\nA Tschernij Prinz egy kiv\u00e1l\u00f3 \u00edz\u0171, barn\u00e1sv\u00f6r\u00f6s, lapos g\u00f6mb\u00f6ly\u0171 marhapecsenyeparadicsom, mely szib\u00e9riai eredet\u00e9b\u0151l fakad, hogy ez a f\u00e9ldetermin\u00e1ns fajta n\u00e1lunk a szabadban is vir\u00e1gzik.<\/p>\n<p>Solanum lycopersicum<br \/>\nA betakar\u00edt\u00e1s j\u00falius v\u00e9g\u00e9t\u0151l okt\u00f3berig tart, k\u00f6r\u00fclbel\u00fcl 20-22 h\u00e9ttel a vet\u00e9s ut\u00e1n<br \/>\nEgy adag k\u00f6r\u00fclbel\u00fcl 20 n\u00f6v\u00e9nyhez elegend\u0151<br \/>\nFebru\u00e1rt\u00f3l \u00e1prilisig 20-25 \u00b0C-ra vetj\u00fck, majd az \u00fcltet\u00e9sig el\u0151teny\u00e9sztj\u00fck<\/p>\n<p>A paradicsom szereti a napos \u00e9s sz\u00e9lv\u00e9dett helyeket. A talaj legyen laza, humuszos \u00e9s t\u00e1panyagban gazdag. A paradicsomn\u00f6v\u00e9nyeknek nagy v\u00edzig\u00e9ny\u00fck van<\/p>\n<p>A csomag 10 szem magot tartalmaz.<\/p>\n","protected":false},"featured_media":18676,"comment_status":"closed","ping_status":"closed","template":"","meta":[],"product_brand":[],"product_cat":[10],"product_tag":[],"class_list":{"0":"post-18675","1":"product","2":"type-product","3":"status-publish","4":"has-post-thumbnail","6":"product_cat-paradicsom","8":"first","9":"instock","10":"taxable","11":"shipping-taxable","12":"purchasable","13":"product-type-simple"},"_links":{"self":[{"href":"https:\/\/chilimag.hu\/webshop\/wp-json\/wp\/v2\/product\/18675","targetHints":{"allow":["GET"]}}],"collection":[{"href":"https:\/\/chilimag.hu\/webshop\/wp-json\/wp\/v2\/product"}],"about":[{"href":"https:\/\/chilimag.hu\/webshop\/wp-json\/wp\/v2\/types\/product"}],"replies":[{"embeddable":true,"href":"https:\/\/chilimag.hu\/webshop\/wp-json\/wp\/v2\/comments?post=18675"}],"wp:featuredmedia":[{"embeddable":true,"href":"https:\/\/chilimag.hu\/webshop\/wp-json\/wp\/v2\/media\/18676"}],"wp:attachment":[{"href":"https:\/\/chilimag.hu\/webshop\/wp-json\/wp\/v2\/media?parent=18675"}],"wp:term":[{"taxonomy":"product_brand","embeddable":true,"href":"https:\/\/chilimag.hu\/webshop\/wp-json\/wp\/v2\/product_brand?post=18675"},{"taxonomy":"product_cat","embeddable":true,"href":"https:\/\/chilimag.hu\/webshop\/wp-json\/wp\/v2\/product_cat?post=18675"},{"taxonomy":"product_tag","embeddable":true,"href":"https:\/\/chilimag.hu\/webshop\/wp-json\/wp\/v2\/product_tag?post=18675"}],"curies":[{"name":"wp","href":"https:\/\/api.w.org\/{rel}","templated":true}]}}