{"id":18638,"date":"2022-10-11T16:12:36","date_gmt":"2022-10-11T16:12:36","guid":{"rendered":"https:\/\/chilimag.hu\/webshop\/?post_type=product&#038;p=18638"},"modified":"2026-01-07T13:47:06","modified_gmt":"2026-01-07T13:47:06","slug":"bengal-naga-peach","status":"publish","type":"product","link":"https:\/\/chilimag.hu\/webshop\/termek\/bengal-naga-peach\/","title":{"rendered":"Bengal Naga Peach"},"content":{"rendered":"","protected":false},"excerpt":{"rendered":"<p><img decoding=\"async\" src=\"https:\/\/chilimag.hu\/webshop\/wp-content\/uploads\/2014\/11\/chilimag-logo-2-150x150.jpg\" \/><\/p>\n<p>Le\u00edr\u00e1s:<\/p>\n<p>Capsicum Chinense<\/p>\n<p>A beng\u00e1li Naga-barackot eredetileg abnorm\u00e1lis n\u00f6v\u00e9nyk\u00e9nt \u00e9szlelt\u00e9k egy angol \u00fcvegh\u00e1zban, amely tele van Bhut Jolokia n\u00f6v\u00e9nyekkel a Sea Spring Seedsn\u00e9l, az Egyes\u00fclt Kir\u00e1lys\u00e1gban, \u00e9s onnan fejl\u0151d\u00f6tt ki.<\/p>\n<p>Ha ezt a n\u00f6v\u00e9nyt cser\u00e9pben nevelj\u00fck, t\u00f6bb mint egy m\u00e9ter magasra n\u0151, \u00e9s nagyon bokros. F\u00f6ldbe \u00fcltetve azonban ak\u00e1r 1,5 m\u00e9tert is el\u00e9rhet. Ez a chilifajta teljesen csod\u00e1latosan n\u00e9z ki, ha tele van ezekkel a fantasztikus megjelen\u00e9s\u0171 h\u00fcvelyekkel. R\u00e1ad\u00e1sul fantasztikus termel\u0151, \u00edgy rengeteg szuper cs\u00edp\u0151s paprik\u00e1t fog kapni.<\/p>\n<p>A h\u00fcvelyek vil\u00e1gos lime-z\u00f6ld sz\u00edn\u0171ek, \u00e9s teljesen \u00e9retten leny\u0171g\u00f6z\u0151 \u0151szibarackk\u00e1 v\u00e1lnak.Ez a fajta nem aj\u00e1nlott cserepes n\u00f6v\u00e9nyekhez \u00e9s kis tart\u00e1lyos termeszt\u00e9shez, mivel a n\u00f6v\u00e9nyek nagyon nagyra n\u0151nek. Szuper fajta sz\u00f3szok, sals\u00e1k \u00e9s porok k\u00e9sz\u00edt\u00e9s\u00e9hez.<\/p>\n<p>Gondoz\u00e1sa:A cs\u00edr\u00e1z\u00e1si h\u0151m\u00e9rs\u00e9klet 24\u00b0C \u00e9s 30\u00b0C k\u00f6z\u00f6tt van (cs\u00edr\u00e1z\u00e1si id\u0151: 12-21 nap); ez\u00e9rt \u00fcvegh\u00e1z \u00e9s f\u0171t\u0151sz\u0151nyeg haszn\u00e1lata javasolt. A n\u00f6v\u00e9nyeknek friss, j\u00f3l tr\u00e1gy\u00e1zott, v\u00edz\u00e1tereszt\u0151 talajra van sz\u00fcks\u00e9g\u00fck, nem t\u0171rik a bevizesed\u00e9st. Napos, v\u00e9dett helyre kell helyezni, ahol legal\u00e1bb 6 \u00f3ra napf\u00e9ny \u2013 lehet\u0151leg t\u00f6bb. Mivel a n\u00f6v\u00e9nyeknek k\u00fcl\u00f6n\u00f6sen hossz\u00fa az \u00e9r\u00e9si ideje, \u00e9rdemes cser\u00e9pben termeszteni \u0151ket, \u00edgy a napk\u00f6zbeni h\u0151m\u00e9rs\u00e9klet 12\u00b0C al\u00e1 s\u00fcllyed\u00e9sekor k\u00f6nnyen be lehet vinni a n\u00f6v\u00e9nyeket, \u00edgy minden gy\u00fcm\u00f6lcs be\u00e9rik. Ahhoz, hogy a n\u00f6v\u00e9nyt t\u00e9len is meg\u0151rizze, betakar\u00edt\u00e1s ut\u00e1n v\u00e1gja vissza 20 cm-rel, \u00e9s tegye vil\u00e1gos helyre, ahol legal\u00e1bb 15\u00b0C h\u0151m\u00e9rs\u00e9klet\u0171.<\/p>\n<p>Scouvile:800.000-<\/p>\n<p>A csomag 10 szem magot tartalmaz<\/p>\n","protected":false},"featured_media":18639,"comment_status":"closed","ping_status":"closed","template":"","meta":[],"product_brand":[],"product_cat":[8],"product_tag":[],"class_list":{"0":"post-18638","1":"product","2":"type-product","3":"status-publish","4":"has-post-thumbnail","6":"product_cat-paprika","8":"first","9":"outofstock","10":"taxable","11":"shipping-taxable","12":"purchasable","13":"product-type-simple"},"_links":{"self":[{"href":"https:\/\/chilimag.hu\/webshop\/wp-json\/wp\/v2\/product\/18638","targetHints":{"allow":["GET"]}}],"collection":[{"href":"https:\/\/chilimag.hu\/webshop\/wp-json\/wp\/v2\/product"}],"about":[{"href":"https:\/\/chilimag.hu\/webshop\/wp-json\/wp\/v2\/types\/product"}],"replies":[{"embeddable":true,"href":"https:\/\/chilimag.hu\/webshop\/wp-json\/wp\/v2\/comments?post=18638"}],"wp:featuredmedia":[{"embeddable":true,"href":"https:\/\/chilimag.hu\/webshop\/wp-json\/wp\/v2\/media\/18639"}],"wp:attachment":[{"href":"https:\/\/chilimag.hu\/webshop\/wp-json\/wp\/v2\/media?parent=18638"}],"wp:term":[{"taxonomy":"product_brand","embeddable":true,"href":"https:\/\/chilimag.hu\/webshop\/wp-json\/wp\/v2\/product_brand?post=18638"},{"taxonomy":"product_cat","embeddable":true,"href":"https:\/\/chilimag.hu\/webshop\/wp-json\/wp\/v2\/product_cat?post=18638"},{"taxonomy":"product_tag","embeddable":true,"href":"https:\/\/chilimag.hu\/webshop\/wp-json\/wp\/v2\/product_tag?post=18638"}],"curies":[{"name":"wp","href":"https:\/\/api.w.org\/{rel}","templated":true}]}}