{"id":18636,"date":"2022-10-11T16:10:17","date_gmt":"2022-10-11T16:10:17","guid":{"rendered":"https:\/\/chilimag.hu\/webshop\/?post_type=product&#038;p=18636"},"modified":"2026-02-22T13:23:11","modified_gmt":"2026-02-22T13:23:11","slug":"oriental-purple","status":"publish","type":"product","link":"https:\/\/chilimag.hu\/webshop\/termek\/oriental-purple\/","title":{"rendered":"Oriental Purple"},"content":{"rendered":"","protected":false},"excerpt":{"rendered":"<p><img decoding=\"async\" src=\"https:\/\/chilimag.hu\/webshop\/wp-content\/uploads\/2014\/11\/chilimag-logo-2-150x150.jpg\" \/><\/p>\n<p>&nbsp;<\/p>\n<p>Le\u00edr\u00e1s<\/p>\n<p>A \u00f6tsz\u00edn\u0171 chili paprika kicsi \u00e9s r\u00f6vid h\u00fcvely, \u00e1tlagosan 2-5 centim\u00e9ter hossz\u00fa, k\u00fap alak\u00fa, amely lekerek\u00edtett pontig keskenyedik. A sima b\u0151r f\u00e9nyes \u00e9s viaszos, a sz\u00ednek sz\u00e9les sk\u00e1l\u00e1ja a fiatal korban a lil\u00e1t\u00f3l kezdve a feh\u00e9rig, s\u00e1rg\u00e1ig, narancsig \u00e9s v\u00e9g\u00fcl a v\u00f6r\u00f6sig \u00e9retten. Az \u00f6t sz\u00edn jellemz\u0151en egyszerre van jelen a n\u00f6v\u00e9nyen a szezon sor\u00e1n. A felsz\u00edn alatt a h\u00fas k\u00f6zepesen vastag, ropog\u00f3s \u00e9s vizes, \u00e9s egy k\u00f6zponti \u00fcreget z\u00e1r be, amely tele van sok kerek \u00e9s lapos, kr\u00e9msz\u00edn\u0171 maggal. A k\u00ednai \u00f6tsz\u00edn\u0171 chili paprika \u00e9des, keser\u0171 \u00e9s f\u00f6ldes \u00edz\u0171, amit intenz\u00edv h\u0151 k\u00f6vet, amely gyorsan eloszlik \u00e9s nem marad el.<\/p>\n<p>Capsicum annuum<\/p>\n<p>Scouvile: 300.000-<\/p>\n<p>Gondoz\u00e1sa:A cs\u00edr\u00e1z\u00e1si h\u0151m\u00e9rs\u00e9klet 22\u00b0C \u00e9s 28\u00b0C k\u00f6z\u00f6tt van (cs\u00edr\u00e1z\u00e1si id\u0151: 8-21 nap); ez\u00e9rt \u00fcvegh\u00e1z \u00e9s f\u0171t\u0151sz\u0151nyeg haszn\u00e1lata javasolt. A n\u00f6v\u00e9nyeknek friss, j\u00f3l tr\u00e1gy\u00e1zott, v\u00edz\u00e1tereszt\u0151 talajra van sz\u00fcks\u00e9g\u00fck, nem t\u0171rik a bevizesed\u00e9st. Napos, v\u00e9dett helyre \u00fcltess\u00fck, ahol legal\u00e1bb 6 \u00f3ra \u2013 lehet\u0151leg t\u00f6bb \u2013 napf\u00e9ny \u00e9ri. Tedd ki a n\u00f6v\u00e9nyeket kb. 2-3 h\u00e9ttel az utols\u00f3 fagy ut\u00e1n.<\/p>\n<p>A csomag 10 szem magot tartalmaz.<\/p>\n","protected":false},"featured_media":18637,"comment_status":"closed","ping_status":"closed","template":"","meta":[],"product_brand":[],"product_cat":[8],"product_tag":[],"class_list":{"0":"post-18636","1":"product","2":"type-product","3":"status-publish","4":"has-post-thumbnail","6":"product_cat-paprika","8":"first","9":"instock","10":"taxable","11":"shipping-taxable","12":"purchasable","13":"product-type-simple"},"_links":{"self":[{"href":"https:\/\/chilimag.hu\/webshop\/wp-json\/wp\/v2\/product\/18636","targetHints":{"allow":["GET"]}}],"collection":[{"href":"https:\/\/chilimag.hu\/webshop\/wp-json\/wp\/v2\/product"}],"about":[{"href":"https:\/\/chilimag.hu\/webshop\/wp-json\/wp\/v2\/types\/product"}],"replies":[{"embeddable":true,"href":"https:\/\/chilimag.hu\/webshop\/wp-json\/wp\/v2\/comments?post=18636"}],"wp:featuredmedia":[{"embeddable":true,"href":"https:\/\/chilimag.hu\/webshop\/wp-json\/wp\/v2\/media\/18637"}],"wp:attachment":[{"href":"https:\/\/chilimag.hu\/webshop\/wp-json\/wp\/v2\/media?parent=18636"}],"wp:term":[{"taxonomy":"product_brand","embeddable":true,"href":"https:\/\/chilimag.hu\/webshop\/wp-json\/wp\/v2\/product_brand?post=18636"},{"taxonomy":"product_cat","embeddable":true,"href":"https:\/\/chilimag.hu\/webshop\/wp-json\/wp\/v2\/product_cat?post=18636"},{"taxonomy":"product_tag","embeddable":true,"href":"https:\/\/chilimag.hu\/webshop\/wp-json\/wp\/v2\/product_tag?post=18636"}],"curies":[{"name":"wp","href":"https:\/\/api.w.org\/{rel}","templated":true}]}}