{"id":18635,"date":"2022-10-11T16:04:58","date_gmt":"2022-10-11T16:04:58","guid":{"rendered":"https:\/\/chilimag.hu\/webshop\/?post_type=product&#038;p=18635"},"modified":"2025-08-11T09:27:36","modified_gmt":"2025-08-11T09:27:36","slug":"puma","status":"publish","type":"product","link":"https:\/\/chilimag.hu\/webshop\/termek\/puma\/","title":{"rendered":"Puma"},"content":{"rendered":"","protected":false},"excerpt":{"rendered":"<p><img decoding=\"async\" src=\"https:\/\/chilimag.hu\/webshop\/wp-content\/uploads\/2014\/11\/chilimag-logo-2-150x150.jpg\" \/><\/p>\n<p>&nbsp;<\/p>\n<p>Le\u00edr\u00e1s<\/p>\n<p>Capsicum annuum.\u00a0Nagyon cs\u00edp\u0151s habanero t\u00edpus\u00fa \u00edz.<br \/>\nH\u00e1tt\u00e9r: Ez a viszonylag \u00faj \u00e9s hallatlan fajta val\u00f3sz\u00edn\u0171leg a Pimenta de Neyde \u00e9s a Habanero golden keresztez\u00e9se. Lil\u00e1s-z\u00f6ld szint\u0151l \u00a0s\u00e1rg\u00e1ig \u00e9rikRendk\u00edv\u00fcli ehet\u0151 d\u00edszn\u00f6v\u00e9ny olasz gy\u00f6kerekkel, hat\u00e1rtalan vizu\u00e1lis intrik\u00e1val \u00e9s nagy intenzit\u00e1s\u00fa \u00edzzel. Mindegyik paprika egy kis m\u0171alkot\u00e1s, \u00e9s a n\u00f6v\u00e9ny, gy\u00fcm\u00f6lcs\u00f6s, remekm\u0171. A gy\u00fcm\u00f6lcs\u00f6k 2 \u00bd h\u00fcvelykesek, a mandarin \u00e9s az ibolya hangulatos \u00e1rnyalataiban z\u00f6ld \u00e9s m\u00e9lylila lombozat k\u00f6zepette. Habanero-szint\u0171 h\u0151vel, 300 000\u2013400 000 Scoville-egys\u00e9g m\u00e9ret\u0171, ezek a kis sz\u00e9ps\u00e9gek lend\u00fcletet adnak a kulin\u00e1ris t\u00f6rekv\u00e9seinek. Kiv\u00e1l\u00f3 v\u00e1laszt\u00e1s ehet\u0151 tereprendez\u00e9shez \u00e9s cs\u00edp\u0151s sz\u00f3sz k\u00e9sz\u00edt\u00e9s\u00e9hez.<\/p>\n<p>Gondoz\u00e1sa:A cs\u00edr\u00e1z\u00e1si h\u0151m\u00e9rs\u00e9klet 21 \u00e9s 28\u00b0C k\u00f6z\u00f6tt van (8-20 napos cs\u00edr\u00e1z\u00e1si id\u0151szak), ez\u00e9rt \u00fcvegh\u00e1z \u00e9s f\u0171t\u0151sz\u0151nyeg haszn\u00e1lata javasolt. A n\u00f6v\u00e9nyeknek friss, j\u00f3l tr\u00e1gy\u00e1zott, v\u00edz\u00e1tereszt\u0151 talajra van sz\u00fcks\u00e9g\u00fck, nem t\u0171rik a bevizesed\u00e9st. Napos, v\u00e9dett helyre kell \u00fcltetni, ahol legal\u00e1bb 6 \u00f3ra napf\u00e9ny \u2013 lehet\u0151leg t\u00f6bb. Tedd ki a n\u00f6v\u00e9nyeket kb. 2-3 h\u00e9ttel az utols\u00f3 fagy ut\u00e1n.<\/p>\n<p>A csomag 10 szem magot tartalmaz<\/p>\n","protected":false},"featured_media":26420,"comment_status":"closed","ping_status":"closed","template":"","meta":[],"product_brand":[],"product_cat":[8],"product_tag":[],"class_list":{"0":"post-18635","1":"product","2":"type-product","3":"status-publish","4":"has-post-thumbnail","6":"product_cat-paprika","8":"first","9":"instock","10":"taxable","11":"shipping-taxable","12":"purchasable","13":"product-type-simple"},"_links":{"self":[{"href":"https:\/\/chilimag.hu\/webshop\/wp-json\/wp\/v2\/product\/18635","targetHints":{"allow":["GET"]}}],"collection":[{"href":"https:\/\/chilimag.hu\/webshop\/wp-json\/wp\/v2\/product"}],"about":[{"href":"https:\/\/chilimag.hu\/webshop\/wp-json\/wp\/v2\/types\/product"}],"replies":[{"embeddable":true,"href":"https:\/\/chilimag.hu\/webshop\/wp-json\/wp\/v2\/comments?post=18635"}],"wp:featuredmedia":[{"embeddable":true,"href":"https:\/\/chilimag.hu\/webshop\/wp-json\/wp\/v2\/media\/26420"}],"wp:attachment":[{"href":"https:\/\/chilimag.hu\/webshop\/wp-json\/wp\/v2\/media?parent=18635"}],"wp:term":[{"taxonomy":"product_brand","embeddable":true,"href":"https:\/\/chilimag.hu\/webshop\/wp-json\/wp\/v2\/product_brand?post=18635"},{"taxonomy":"product_cat","embeddable":true,"href":"https:\/\/chilimag.hu\/webshop\/wp-json\/wp\/v2\/product_cat?post=18635"},{"taxonomy":"product_tag","embeddable":true,"href":"https:\/\/chilimag.hu\/webshop\/wp-json\/wp\/v2\/product_tag?post=18635"}],"curies":[{"name":"wp","href":"https:\/\/api.w.org\/{rel}","templated":true}]}}