{"id":18601,"date":"2022-10-06T17:02:04","date_gmt":"2022-10-06T17:02:04","guid":{"rendered":"https:\/\/chilimag.hu\/webshop\/?post_type=product&#038;p=18601"},"modified":"2025-08-11T07:39:10","modified_gmt":"2025-08-11T07:39:10","slug":"aji-white-fantasi","status":"publish","type":"product","link":"https:\/\/chilimag.hu\/webshop\/termek\/aji-white-fantasi\/","title":{"rendered":"Aji White Fantasy"},"content":{"rendered":"","protected":false},"excerpt":{"rendered":"<p><img decoding=\"async\" src=\"https:\/\/chilimag.hu\/webshop\/wp-content\/uploads\/2014\/11\/chilimag-logo-2-150x150.jpg\" \/><\/p>\n<p>Le\u00edr\u00e1s<\/p>\n<p>Az Aji White Fantasy Chili igazi szemet gy\u00f6ny\u00f6rk\u00f6dtet\u0151 az erk\u00e9lyen vagy a teraszon. A csinos gy\u00fcm\u00f6lcs\u00f6k harang alak\u00faak, feh\u00e9rt\u0151l vil\u00e1goss\u00e1rg\u00e1ig \u00e9rnek, \u00edz\u00fck nagyon j\u00f3: frissen gy\u00fcm\u00f6lcs\u00f6s, de \u00e9dess\u00e9g n\u00e9lk\u00fcl. Csak enyhe meleg\u00fck van, ez\u00e9rt kiv\u00e1l\u00f3an alkalmas sal\u00e1t\u00e1khoz vagy friss keny\u00e9rszeletekre. Mivel a n\u00f6v\u00e9nyek nagyon szaporak, az oldalhajt\u00e1sokat val\u00f3sz\u00edn\u0171leg meg kell t\u00e1masztani.<\/p>\n<p>Gondoz\u00e1sa: A cs\u00edr\u00e1z\u00e1si h\u0151m\u00e9rs\u00e9klet 21 \u00e9s 28\u00b0C k\u00f6z\u00f6tt van (8-20 napos cs\u00edr\u00e1z\u00e1si id\u0151szak), ez\u00e9rt \u00fcvegh\u00e1z \u00e9s f\u0171t\u0151sz\u0151nyeg haszn\u00e1lata javasolt. A n\u00f6v\u00e9nyeknek friss, j\u00f3l tr\u00e1gy\u00e1zott, v\u00edz\u00e1tereszt\u0151 talajra van sz\u00fcks\u00e9g\u00fck, nem t\u0171rik a bevizesed\u00e9st. Napos, v\u00e9dett helyre kell \u00fcltetni, ahol legal\u00e1bb 6 \u00f3ra napf\u00e9ny \u2013 lehet\u0151leg t\u00f6bb. Tedd ki a n\u00f6v\u00e9nyeket kb. 2-3 h\u00e9ttel az utols\u00f3 fagy ut\u00e1n.<\/p>\n<p>Capsicum annuum t\u00edpus<br \/>\nF\u0171szeress\u00e9gi szint 4<br \/>\nScoville 1500 &#8211; 2500 SHU<br \/>\noptim\u00e1lis cs\u00edr\u00e1z\u00e1si h\u0151m\u00e9rs\u00e9klet 21 &#8211; 28 \u00b0C<br \/>\nVet\u00e9s jan. &#8211; \u00e1pr.<br \/>\nVir\u00e1gok feh\u00e9rek (m\u00e1jus-j\u00falius)<br \/>\nN\u00f6v\u00e9nyn\u00f6veked\u00e9si szok\u00e1s bokros, kb. 70-80 cm magas<br \/>\nFeh\u00e9rt\u0151l kr\u00e9ms\u00e1rg\u00e1ig \u00e9rik<br \/>\nGy\u00fcm\u00f6lcs megjelen\u00e9se harang alak\u00fa, kb. 6 cm hossz\u00fa<br \/>\n\u00c9r\u00e9si id\u0151 90-100 nap<br \/>\nSz\u00e1rmaz\u00e1sa D\u00e9l-Amerika<\/p>\n<p>A \u00a0csomag 10 szem magot tartalmaz<\/p>\n","protected":false},"featured_media":18602,"comment_status":"closed","ping_status":"closed","template":"","meta":[],"product_brand":[],"product_cat":[8],"product_tag":[],"class_list":{"0":"post-18601","1":"product","2":"type-product","3":"status-publish","4":"has-post-thumbnail","6":"product_cat-paprika","8":"first","9":"instock","10":"taxable","11":"shipping-taxable","12":"purchasable","13":"product-type-simple"},"_links":{"self":[{"href":"https:\/\/chilimag.hu\/webshop\/wp-json\/wp\/v2\/product\/18601","targetHints":{"allow":["GET"]}}],"collection":[{"href":"https:\/\/chilimag.hu\/webshop\/wp-json\/wp\/v2\/product"}],"about":[{"href":"https:\/\/chilimag.hu\/webshop\/wp-json\/wp\/v2\/types\/product"}],"replies":[{"embeddable":true,"href":"https:\/\/chilimag.hu\/webshop\/wp-json\/wp\/v2\/comments?post=18601"}],"wp:featuredmedia":[{"embeddable":true,"href":"https:\/\/chilimag.hu\/webshop\/wp-json\/wp\/v2\/media\/18602"}],"wp:attachment":[{"href":"https:\/\/chilimag.hu\/webshop\/wp-json\/wp\/v2\/media?parent=18601"}],"wp:term":[{"taxonomy":"product_brand","embeddable":true,"href":"https:\/\/chilimag.hu\/webshop\/wp-json\/wp\/v2\/product_brand?post=18601"},{"taxonomy":"product_cat","embeddable":true,"href":"https:\/\/chilimag.hu\/webshop\/wp-json\/wp\/v2\/product_cat?post=18601"},{"taxonomy":"product_tag","embeddable":true,"href":"https:\/\/chilimag.hu\/webshop\/wp-json\/wp\/v2\/product_tag?post=18601"}],"curies":[{"name":"wp","href":"https:\/\/api.w.org\/{rel}","templated":true}]}}