{"id":18593,"date":"2022-10-06T06:46:25","date_gmt":"2022-10-06T06:46:25","guid":{"rendered":"https:\/\/chilimag.hu\/webshop\/?post_type=product&#038;p=18593"},"modified":"2024-05-28T17:03:02","modified_gmt":"2024-05-28T17:03:02","slug":"magasagyas-fabol-ng94","status":"publish","type":"product","link":"https:\/\/chilimag.hu\/webshop\/termek\/magasagyas-fabol-ng94\/","title":{"rendered":"Magas\u00e1gy\u00e1s f\u00e1b\u00f3l  (NG94)"},"content":{"rendered":"","protected":false},"excerpt":{"rendered":"<p>F\u00e1b\u00f3l k\u00e9sz\u00fclt magas\u00e1gy\u00e1s, amely nagyobb m\u00e9ret\u0171 \u00e1gy\u00e1s l\u00e9trehoz\u00e1s\u00e1ra alkalmas. A saj\u00e1t kertben t\u00f6rt\u00e9n\u0151 f\u0171szern\u00f6v\u00e9nyek, gy\u00fcm\u00f6lcs\u00f6k \u00e9s z\u00f6lds\u00e9gek sokkal finomabbak, zamatosabbak \u00e9s eg\u00e9szs\u00e9gesebbek, mint a szupermarketek polcain t\u00e1roltak. Kezd\u0151 kert\u00e9szek is k\u00f6nnyen haszn\u00e1lhatj\u00e1k egy kis odafigyel\u00e9ssel. M\u00e9ret\u00e9b\u0151l ad\u00f3d\u00f3an a kisebb \u00e9s nagyobb kerttulajdonosok sz\u00e1m\u00e1ra is aj\u00e1nlott, de nagyobb erk\u00e9lyen is haszn\u00e1lhat\u00f3. Als\u00f3 r\u00e9sze praktikus t\u00e1rol\u00f3k\u00e9nt is funkcion\u00e1lhat. \u0170rtartalma 133 liter.<\/p>\n<p>&nbsp;<\/p>\n<p>M\u00e9rete: magass\u00e1g: 78\u00a0cm, sz\u00e9less\u00e9g: 78,8 cm, hossz\u00fas\u00e1g: 78 cm<\/p>\n","protected":false},"featured_media":24377,"comment_status":"closed","ping_status":"closed","template":"","meta":[],"product_brand":[],"product_cat":[336],"product_tag":[],"class_list":{"0":"post-18593","1":"product","2":"type-product","3":"status-publish","4":"has-post-thumbnail","6":"product_cat-vetotalcak-ulteto-cserepek-es-palanta-nevelok","8":"first","9":"instock","10":"taxable","11":"shipping-taxable","12":"purchasable","13":"product-type-simple"},"_links":{"self":[{"href":"https:\/\/chilimag.hu\/webshop\/wp-json\/wp\/v2\/product\/18593","targetHints":{"allow":["GET"]}}],"collection":[{"href":"https:\/\/chilimag.hu\/webshop\/wp-json\/wp\/v2\/product"}],"about":[{"href":"https:\/\/chilimag.hu\/webshop\/wp-json\/wp\/v2\/types\/product"}],"replies":[{"embeddable":true,"href":"https:\/\/chilimag.hu\/webshop\/wp-json\/wp\/v2\/comments?post=18593"}],"wp:featuredmedia":[{"embeddable":true,"href":"https:\/\/chilimag.hu\/webshop\/wp-json\/wp\/v2\/media\/24377"}],"wp:attachment":[{"href":"https:\/\/chilimag.hu\/webshop\/wp-json\/wp\/v2\/media?parent=18593"}],"wp:term":[{"taxonomy":"product_brand","embeddable":true,"href":"https:\/\/chilimag.hu\/webshop\/wp-json\/wp\/v2\/product_brand?post=18593"},{"taxonomy":"product_cat","embeddable":true,"href":"https:\/\/chilimag.hu\/webshop\/wp-json\/wp\/v2\/product_cat?post=18593"},{"taxonomy":"product_tag","embeddable":true,"href":"https:\/\/chilimag.hu\/webshop\/wp-json\/wp\/v2\/product_tag?post=18593"}],"curies":[{"name":"wp","href":"https:\/\/api.w.org\/{rel}","templated":true}]}}