{"id":18566,"date":"2022-10-03T17:12:17","date_gmt":"2022-10-03T17:12:17","guid":{"rendered":"https:\/\/chilimag.hu\/webshop\/?post_type=product&#038;p=18566"},"modified":"2025-08-11T08:24:58","modified_gmt":"2025-08-11T08:24:58","slug":"foxta","status":"publish","type":"product","link":"https:\/\/chilimag.hu\/webshop\/termek\/foxta\/","title":{"rendered":"Foxta M-S"},"content":{"rendered":"","protected":false},"excerpt":{"rendered":"<p><img decoding=\"async\" src=\"https:\/\/chilimag.hu\/webshop\/wp-content\/uploads\/2014\/11\/chilimag-logo-2-150x150.jpg\" \/><\/p>\n<p>Term\u00e9kinform\u00e1ci\u00f3 &#8222;Foxta, cserepes chili.<\/p>\n<p>A Foxta egy nagyon dekorat\u00edv chili, f\u00fcgg\u0151leges, narancss\u00e1rga h\u00fcvelyekkel. Kompakt n\u00f6veked\u00e9se miatt kiv\u00e1l\u00f3an alkalmas 15 cm k\u00f6r\u00fcli \u00e1tm\u00e9r\u0151j\u0171 cser\u00e9pben vagy balkonl\u00e1d\u00e1ban t\u00f6rt\u00e9n\u0151 termeszt\u00e9sre<\/p>\n<p>Capsicum annum<br \/>\nJ\u00f3 m\u0171vel\u00e9ssel augusztus elej\u00e9t\u0151l lehet betakar\u00edtani<\/p>\n<p>Kezel\u00e9si tipp paprika:<br \/>\nMindig legyen egyenletesen nedves, de ne t\u00fal nedves.<br \/>\nRendszeresen tr\u00e1gy\u00e1zzunk, \u00e9s haszn\u00e1ljunk humuszos, t\u00e1panyagban gazdag talajt.<br \/>\nA paprik\u00e1nak melegre van sz\u00fcks\u00e9ge. Legjobb hely: teljes naps\u00fct\u00e9sben d\u00e9lre vagy m\u0171anyag \u00fcvegh\u00e1zban. A paprika \u00e9rz\u00e9keny a fagyra.<\/p>\n<p>A vet\u00e9s janu\u00e1r elej\u00e9t\u0151l m\u00e1rcius elej\u00e9ig 20-25 \u00b0C-on, meleg el\u0151kult\u00far\u00e1val z\u00e1rt t\u00e9rben t\u00f6rt\u00e9nik. N\u00f6veked\u00e9si magass\u00e1g kb 30 cm<\/p>\n<p>A csomag 10 szem magot tartalmaz.<\/p>\n","protected":false},"featured_media":18567,"comment_status":"closed","ping_status":"closed","template":"","meta":[],"product_brand":[],"product_cat":[8],"product_tag":[],"class_list":{"0":"post-18566","1":"product","2":"type-product","3":"status-publish","4":"has-post-thumbnail","6":"product_cat-paprika","8":"first","9":"instock","10":"taxable","11":"shipping-taxable","12":"purchasable","13":"product-type-simple"},"_links":{"self":[{"href":"https:\/\/chilimag.hu\/webshop\/wp-json\/wp\/v2\/product\/18566","targetHints":{"allow":["GET"]}}],"collection":[{"href":"https:\/\/chilimag.hu\/webshop\/wp-json\/wp\/v2\/product"}],"about":[{"href":"https:\/\/chilimag.hu\/webshop\/wp-json\/wp\/v2\/types\/product"}],"replies":[{"embeddable":true,"href":"https:\/\/chilimag.hu\/webshop\/wp-json\/wp\/v2\/comments?post=18566"}],"wp:featuredmedia":[{"embeddable":true,"href":"https:\/\/chilimag.hu\/webshop\/wp-json\/wp\/v2\/media\/18567"}],"wp:attachment":[{"href":"https:\/\/chilimag.hu\/webshop\/wp-json\/wp\/v2\/media?parent=18566"}],"wp:term":[{"taxonomy":"product_brand","embeddable":true,"href":"https:\/\/chilimag.hu\/webshop\/wp-json\/wp\/v2\/product_brand?post=18566"},{"taxonomy":"product_cat","embeddable":true,"href":"https:\/\/chilimag.hu\/webshop\/wp-json\/wp\/v2\/product_cat?post=18566"},{"taxonomy":"product_tag","embeddable":true,"href":"https:\/\/chilimag.hu\/webshop\/wp-json\/wp\/v2\/product_tag?post=18566"}],"curies":[{"name":"wp","href":"https:\/\/api.w.org\/{rel}","templated":true}]}}