{"id":18562,"date":"2022-10-03T17:01:46","date_gmt":"2022-10-03T17:01:46","guid":{"rendered":"https:\/\/chilimag.hu\/webshop\/?post_type=product&#038;p=18562"},"modified":"2026-04-04T17:05:54","modified_gmt":"2026-04-04T17:05:54","slug":"jalapeno-santiago-bio-b-s","status":"publish","type":"product","link":"https:\/\/chilimag.hu\/webshop\/termek\/jalapeno-santiago-bio-b-s\/","title":{"rendered":"Jalapeno Santiago BIO B-S"},"content":{"rendered":"","protected":false},"excerpt":{"rendered":"<p><img decoding=\"async\" src=\"https:\/\/chilimag.hu\/webshop\/wp-content\/uploads\/2022\/10\/bobby-seeds-test-logo-150x150.png\" \/><\/p>\n<p>Term\u00e9kinform\u00e1ci\u00f3 &#8222;Santiago Paprika ORGANIC&#8221;<\/p>\n<p>Vastag h\u00fas\u00fa jalapeno.<\/p>\n<p>Vastag h\u00fas\u00fa jalapeno ,nagyon produkt\u00edv. A gy\u00fcm\u00f6lcs\u00f6k z\u00f6ldt\u0151l m\u00e9lyv\u00f6r\u00f6sig \u00e9rnek. K\u00fclt\u00e9ri \u00e9s \u00fcvegh\u00e1zi kult\u00far\u00e1hoz. \u00c1ltal\u00e1ban nagyon kor\u00e1n z\u00f6lden betakar\u00edtj\u00e1k. Friss fogyaszt\u00e1sra, t\u00f6ltel\u00e9kre vagy feldolgoz\u00e1sra alkalmas.<\/p>\n<p>Capsicum annum<br \/>\nA betakar\u00edt\u00e1s j\u00falius v\u00e9g\u00e9t\u0151l t\u00f6rt\u00e9nik<br \/>\n1 adag tartalma: 10 mag<br \/>\nPaprika\/chili \u00e1pol\u00e1si tipp:<br \/>\nMindig legyen egyenletesen nedves, de ne t\u00fal nedves.<br \/>\nRendszeresen tr\u00e1gy\u00e1zzunk, \u00e9s haszn\u00e1ljunk humuszos, t\u00e1panyagban gazdag talajt.<br \/>\nA paprik\u00e1nak melegre van sz\u00fcks\u00e9ge. Legjobb hely: teljes naps\u00fct\u00e9sben d\u00e9lre vagy m\u0171anyag \u00fcvegh\u00e1zban. A paprika \u00e9rz\u00e9keny a fagyra<\/p>\n<p>A vet\u00e9s janu\u00e1r elej\u00e9t\u0151l m\u00e1rcius k\u00f6zep\u00e9ig 20-25 \u00b0C-on, meleg el\u0151kult\u00far\u00e1val z\u00e1rt t\u00e9rben t\u00f6rt\u00e9nik. \u00dcvegh\u00e1zban vagy a szabadban m\u00e1jus k\u00f6zep\u00e9t\u0151l \u00fcltess\u00fck 60 x 60 cm-es t\u00e1vols\u00e1gra. N\u00f6veked\u00e9si magass\u00e1ga szabadban 60-70 cm, \u00fcvegh\u00e1zban magasabb.<\/p>\n<p>A csomag 10 szem magot tartalmaz<\/p>\n","protected":false},"featured_media":18563,"comment_status":"closed","ping_status":"closed","template":"","meta":[],"product_brand":[],"product_cat":[8],"product_tag":[],"class_list":{"0":"post-18562","1":"product","2":"type-product","3":"status-publish","4":"has-post-thumbnail","6":"product_cat-paprika","8":"first","9":"instock","10":"taxable","11":"shipping-taxable","12":"purchasable","13":"product-type-simple"},"_links":{"self":[{"href":"https:\/\/chilimag.hu\/webshop\/wp-json\/wp\/v2\/product\/18562","targetHints":{"allow":["GET"]}}],"collection":[{"href":"https:\/\/chilimag.hu\/webshop\/wp-json\/wp\/v2\/product"}],"about":[{"href":"https:\/\/chilimag.hu\/webshop\/wp-json\/wp\/v2\/types\/product"}],"replies":[{"embeddable":true,"href":"https:\/\/chilimag.hu\/webshop\/wp-json\/wp\/v2\/comments?post=18562"}],"wp:featuredmedia":[{"embeddable":true,"href":"https:\/\/chilimag.hu\/webshop\/wp-json\/wp\/v2\/media\/18563"}],"wp:attachment":[{"href":"https:\/\/chilimag.hu\/webshop\/wp-json\/wp\/v2\/media?parent=18562"}],"wp:term":[{"taxonomy":"product_brand","embeddable":true,"href":"https:\/\/chilimag.hu\/webshop\/wp-json\/wp\/v2\/product_brand?post=18562"},{"taxonomy":"product_cat","embeddable":true,"href":"https:\/\/chilimag.hu\/webshop\/wp-json\/wp\/v2\/product_cat?post=18562"},{"taxonomy":"product_tag","embeddable":true,"href":"https:\/\/chilimag.hu\/webshop\/wp-json\/wp\/v2\/product_tag?post=18562"}],"curies":[{"name":"wp","href":"https:\/\/api.w.org\/{rel}","templated":true}]}}