{"id":18552,"date":"2022-10-02T16:23:32","date_gmt":"2022-10-02T16:23:32","guid":{"rendered":"https:\/\/chilimag.hu\/webshop\/?post_type=product&#038;p=18552"},"modified":"2025-08-24T08:14:14","modified_gmt":"2025-08-24T08:14:14","slug":"tok-pezsmatok-autumn-buckskin-b-s","status":"publish","type":"product","link":"https:\/\/chilimag.hu\/webshop\/termek\/tok-pezsmatok-autumn-buckskin-b-s\/","title":{"rendered":"Autumn Buckski F1 T\u00f6k B-S"},"content":{"rendered":"","protected":false},"excerpt":{"rendered":"<p><img decoding=\"async\" src=\"https:\/\/chilimag.hu\/webshop\/wp-content\/uploads\/2022\/10\/bobby-seeds-test-logo-150x150.png\" \/><\/p>\n<p>Term\u00e9kinform\u00e1ci\u00f3 &#8222;Autumn Buckskin F1&#8221;<\/p>\n<p>Gy\u00f6ny\u00f6r\u0171, nagy p\u00e9zsma t\u00f6k<\/p>\n<p>Az Autumn Buckskin egy hagyom\u00e1nyos \u00e9tkez\u00e9si s\u00fct\u0151t\u00f6k az Egyes\u00fclt \u00c1llamokb\u00f3l. Rendk\u00edv\u00fcl d\u00edszn\u00f6v\u00e9ny, de az USA-ban kifejezetten ipari c\u00e9lra termesztik a j\u00f3 p\u00e9p miatt. A gy\u00fcm\u00f6lcs\u00f6k s\u00falya k\u00f6r\u00fclbel\u00fcl 8-12 kg, \u00e9s meglehet\u0151sen k\u00e9s\u0151n kelnek. K\u00f6z\u00e9p-Eur\u00f3p\u00e1ban az el\u0151kult\u00fara javasolt.<\/p>\n<p>moschata<br \/>\n\u00c9rlel\u00e9si id\u0151: 115 nap<br \/>\nRangviselked\u00e9s: m\u00e9rs\u00e9kelt<br \/>\nA Cucurbita moschata legink\u00e1bb magas karotintartalm\u00e1val meggy\u0151z.<br \/>\nA Cucurbita moschata sok meleget ig\u00e9nyel, ez\u00e9rt el\u0151 kell termeszteni. A legfeljebb 110 napos \u00e9r\u00e9si idej\u0171 fajt\u00e1k azt\u00e1n a hideg vid\u00e9keken is j\u00f3l fejl\u0151dnek.<\/p>\n<p>A s\u00fct\u0151t\u00f6k \u00fcltet\u00e9si t\u00e1vols\u00e1ga a m\u00e1sz\u00e1si viselked\u00e9st\u0151l f\u00fcgg<\/p>\n<p>Lehets\u00e9ges k\u00e1rtev\u0151k: csig\u00e1k, madarak, egerek, tetvek, lisztharmat<\/p>\n<p>A csomag 10 szem magot tartalmaz<\/p>\n","protected":false},"featured_media":18553,"comment_status":"closed","ping_status":"closed","template":"","meta":[],"product_brand":[],"product_cat":[345],"product_tag":[],"class_list":{"0":"post-18552","1":"product","2":"type-product","3":"status-publish","4":"has-post-thumbnail","6":"product_cat-suto-fozo-es-disztokok","8":"first","9":"instock","10":"sale","11":"taxable","12":"shipping-taxable","13":"purchasable","14":"product-type-simple"},"_links":{"self":[{"href":"https:\/\/chilimag.hu\/webshop\/wp-json\/wp\/v2\/product\/18552","targetHints":{"allow":["GET"]}}],"collection":[{"href":"https:\/\/chilimag.hu\/webshop\/wp-json\/wp\/v2\/product"}],"about":[{"href":"https:\/\/chilimag.hu\/webshop\/wp-json\/wp\/v2\/types\/product"}],"replies":[{"embeddable":true,"href":"https:\/\/chilimag.hu\/webshop\/wp-json\/wp\/v2\/comments?post=18552"}],"wp:featuredmedia":[{"embeddable":true,"href":"https:\/\/chilimag.hu\/webshop\/wp-json\/wp\/v2\/media\/18553"}],"wp:attachment":[{"href":"https:\/\/chilimag.hu\/webshop\/wp-json\/wp\/v2\/media?parent=18552"}],"wp:term":[{"taxonomy":"product_brand","embeddable":true,"href":"https:\/\/chilimag.hu\/webshop\/wp-json\/wp\/v2\/product_brand?post=18552"},{"taxonomy":"product_cat","embeddable":true,"href":"https:\/\/chilimag.hu\/webshop\/wp-json\/wp\/v2\/product_cat?post=18552"},{"taxonomy":"product_tag","embeddable":true,"href":"https:\/\/chilimag.hu\/webshop\/wp-json\/wp\/v2\/product_tag?post=18552"}],"curies":[{"name":"wp","href":"https:\/\/api.w.org\/{rel}","templated":true}]}}