{"id":18550,"date":"2022-10-02T16:17:58","date_gmt":"2022-10-02T16:17:58","guid":{"rendered":"https:\/\/chilimag.hu\/webshop\/?post_type=product&#038;p=18550"},"modified":"2026-02-18T19:24:37","modified_gmt":"2026-02-18T19:24:37","slug":"tok-pezsmatok-autumn-crown-f1-b-s","status":"publish","type":"product","link":"https:\/\/chilimag.hu\/webshop\/termek\/tok-pezsmatok-autumn-crown-f1-b-s\/","title":{"rendered":"Autumn Crown T\u00f6k B-S"},"content":{"rendered":"","protected":false},"excerpt":{"rendered":"<p><img decoding=\"async\" src=\"https:\/\/chilimag.hu\/webshop\/wp-content\/uploads\/2022\/10\/bobby-seeds-test-logo-150x150.png\" \/><\/p>\n<p>Term\u00e9kinform\u00e1ci\u00f3k &#8222;Autumn Crown F1&#8221;<\/p>\n<p>Az Autumn Crown egy praktikus fajta a Long Island Cheese t\u00edpusban. K\u00f6r\u00fclbel\u00fcl 1,5-2 kg-os Autumn Crown F1 term\u00e9sei nagyon j\u00f3l kezelhet\u0151k, \u00e9s \u00e9ppen akkora, mint amennyire sz\u00fcks\u00e9g van. A C. moschata faj t\u00f6bbi k\u00e9pvisel\u0151j\u00e9hez hasonl\u00f3an tart\u00f3s, kiv\u00e1l\u00f3 t\u00f6k. A meglehet\u0151sen kor\u00e1n kel\u0151 term\u00e9sek vil\u00e1gos b\u00e9zs sz\u00edn\u0171ek, laposak, kerekek \u00e9s enyh\u00e9n bord\u00e1zottak.<\/p>\n<p>Cucurbita moschata<br \/>\n\u00c9rlel\u00e9si id\u0151: k\u00f6r\u00fclbel\u00fcl 105 nap<br \/>\nAz Autumn Crown F1 kompakt, hegym\u00e1sz\u00f3 m\u00f3don n\u0151<br \/>\nAz Autumn Crown F1 egy kiv\u00e1l\u00f3 squash<br \/>\nA s\u00fct\u0151t\u00f6k j\u00f3l fejl\u0151dik meleg, j\u00f3 v\u00edzelvezet\u00e9s\u0171 talajban, el\u0151kult\u00far\u00e1ban \u00e9s \u00fcltet\u00e9sben \u00e1prilis v\u00e9gi vet\u00e9ssel vagy m\u00e1jus elej\u00e9t\u0151l k\u00f6zvetlen vet\u00e9ssel.<\/p>\n<p>Az Autumn Crown F1-hez n\u00f6v\u00e9nyenk\u00e9nt k\u00f6r\u00fclbel\u00fcl 2 nm-et aj\u00e1nlunk.<\/p>\n<p>Lehets\u00e9ges k\u00e1rtev\u0151k: csig\u00e1k, madarak, egerek, tetvek, lisztharmat, v\u00edrus<\/p>\n<p>A csomag 10 szem magot tartalmaz<\/p>\n","protected":false},"featured_media":18551,"comment_status":"closed","ping_status":"closed","template":"","meta":[],"product_brand":[],"product_cat":[345],"product_tag":[],"class_list":{"0":"post-18550","1":"product","2":"type-product","3":"status-publish","4":"has-post-thumbnail","6":"product_cat-suto-fozo-es-disztokok","8":"first","9":"instock","10":"sale","11":"taxable","12":"shipping-taxable","13":"purchasable","14":"product-type-simple"},"_links":{"self":[{"href":"https:\/\/chilimag.hu\/webshop\/wp-json\/wp\/v2\/product\/18550","targetHints":{"allow":["GET"]}}],"collection":[{"href":"https:\/\/chilimag.hu\/webshop\/wp-json\/wp\/v2\/product"}],"about":[{"href":"https:\/\/chilimag.hu\/webshop\/wp-json\/wp\/v2\/types\/product"}],"replies":[{"embeddable":true,"href":"https:\/\/chilimag.hu\/webshop\/wp-json\/wp\/v2\/comments?post=18550"}],"wp:featuredmedia":[{"embeddable":true,"href":"https:\/\/chilimag.hu\/webshop\/wp-json\/wp\/v2\/media\/18551"}],"wp:attachment":[{"href":"https:\/\/chilimag.hu\/webshop\/wp-json\/wp\/v2\/media?parent=18550"}],"wp:term":[{"taxonomy":"product_brand","embeddable":true,"href":"https:\/\/chilimag.hu\/webshop\/wp-json\/wp\/v2\/product_brand?post=18550"},{"taxonomy":"product_cat","embeddable":true,"href":"https:\/\/chilimag.hu\/webshop\/wp-json\/wp\/v2\/product_cat?post=18550"},{"taxonomy":"product_tag","embeddable":true,"href":"https:\/\/chilimag.hu\/webshop\/wp-json\/wp\/v2\/product_tag?post=18550"}],"curies":[{"name":"wp","href":"https:\/\/api.w.org\/{rel}","templated":true}]}}