{"id":18548,"date":"2022-10-02T16:14:49","date_gmt":"2022-10-02T16:14:49","guid":{"rendered":"https:\/\/chilimag.hu\/webshop\/?post_type=product&#038;p=18548"},"modified":"2024-11-01T16:06:58","modified_gmt":"2024-11-01T16:06:58","slug":"tok-sutotok-autumn-cup-f1-b-s","status":"publish","type":"product","link":"https:\/\/chilimag.hu\/webshop\/termek\/tok-sutotok-autumn-cup-f1-b-s\/","title":{"rendered":"Autumn Cup F1 T\u00f6k B-S"},"content":{"rendered":"","protected":false},"excerpt":{"rendered":"<p><img decoding=\"async\" src=\"https:\/\/chilimag.hu\/webshop\/wp-content\/uploads\/2022\/10\/bobby-seeds-test-logo-150x150.png\" \/><\/p>\n<p>Term\u00e9kinform\u00e1ci\u00f3k &#8222;Autumn Cup F1&#8221;<\/p>\n<p>Hibrid Bogl\u00e1rka \u00e9s Kabocha k\u00f6z\u00f6tt<\/p>\n<p>J\u00f3l l\u00e1that\u00f3 a vonz\u00f3 gy\u00fcm\u00f6lcs\u00f6k eredete, egyes\u00edtik a bogl\u00e1rka \u00e9s a kabocha minden j\u00f3 tulajdons\u00e1g\u00e1t. S\u00f6t\u00e9tz\u00f6ld gy\u00fcm\u00f6lcs\u00f6k k\u00f6r\u00fclbel\u00fcl 2 kg s\u00faly\u00faak, kiv\u00e1l\u00f3 h\u00fas\u00fa<\/p>\n<p>Cucurbita maxima<br \/>\n\u00c9rlel\u00e9si id\u0151: k\u00f6r\u00fclbel\u00fcl 90 nap<br \/>\nAz Autumn Cup F1 m\u00e9rs\u00e9kelten szerepel<br \/>\nAz Autumn Cup F1 egy abszol\u00fat top squash<br \/>\nA s\u00fct\u0151t\u00f6k j\u00f3l fejl\u0151dik meleg, j\u00f3 v\u00edzelvezet\u00e9s\u0171 talajban, el\u0151kult\u00far\u00e1ban \u00e9s \u00fcltet\u00e9sben \u00e1prilis v\u00e9gi vet\u00e9ssel vagy m\u00e1jus elej\u00e9t\u0151l k\u00f6zvetlen vet\u00e9ssel.<\/p>\n<p>Az Autumn Cup F1-hez n\u00f6v\u00e9nyenk\u00e9nt 2-3 nm-t aj\u00e1nlunk<\/p>\n<p>Lehets\u00e9ges k\u00e1rtev\u0151k: csig\u00e1k, madarak, egerek, tetvek, lisztharmat, v\u00edrus.<\/p>\n<p>A csomag 10 szem magot tartalmaz<\/p>\n","protected":false},"featured_media":18549,"comment_status":"closed","ping_status":"closed","template":"","meta":[],"product_brand":[],"product_cat":[345],"product_tag":[],"class_list":{"0":"post-18548","1":"product","2":"type-product","3":"status-publish","4":"has-post-thumbnail","6":"product_cat-suto-fozo-es-disztokok","8":"first","9":"instock","10":"sale","11":"taxable","12":"shipping-taxable","13":"purchasable","14":"product-type-simple"},"_links":{"self":[{"href":"https:\/\/chilimag.hu\/webshop\/wp-json\/wp\/v2\/product\/18548","targetHints":{"allow":["GET"]}}],"collection":[{"href":"https:\/\/chilimag.hu\/webshop\/wp-json\/wp\/v2\/product"}],"about":[{"href":"https:\/\/chilimag.hu\/webshop\/wp-json\/wp\/v2\/types\/product"}],"replies":[{"embeddable":true,"href":"https:\/\/chilimag.hu\/webshop\/wp-json\/wp\/v2\/comments?post=18548"}],"wp:featuredmedia":[{"embeddable":true,"href":"https:\/\/chilimag.hu\/webshop\/wp-json\/wp\/v2\/media\/18549"}],"wp:attachment":[{"href":"https:\/\/chilimag.hu\/webshop\/wp-json\/wp\/v2\/media?parent=18548"}],"wp:term":[{"taxonomy":"product_brand","embeddable":true,"href":"https:\/\/chilimag.hu\/webshop\/wp-json\/wp\/v2\/product_brand?post=18548"},{"taxonomy":"product_cat","embeddable":true,"href":"https:\/\/chilimag.hu\/webshop\/wp-json\/wp\/v2\/product_cat?post=18548"},{"taxonomy":"product_tag","embeddable":true,"href":"https:\/\/chilimag.hu\/webshop\/wp-json\/wp\/v2\/product_tag?post=18548"}],"curies":[{"name":"wp","href":"https:\/\/api.w.org\/{rel}","templated":true}]}}