{"id":18545,"date":"2022-10-02T16:10:36","date_gmt":"2022-10-02T16:10:36","guid":{"rendered":"https:\/\/chilimag.hu\/webshop\/?post_type=product&#038;p=18545"},"modified":"2026-03-30T17:06:47","modified_gmt":"2026-03-30T17:06:47","slug":"tok-sutotok-atlantic-giant-b-s","status":"publish","type":"product","link":"https:\/\/chilimag.hu\/webshop\/termek\/tok-sutotok-atlantic-giant-b-s\/","title":{"rendered":"Atlantic Giant T\u00f6k B-S"},"content":{"rendered":"","protected":false},"excerpt":{"rendered":"<p><img decoding=\"async\" src=\"https:\/\/chilimag.hu\/webshop\/wp-content\/uploads\/2022\/10\/bobby-seeds-test-logo-150x150.png\" \/><\/p>\n<p>Term\u00e9kinform\u00e1ci\u00f3 &#8222;Atlantic Giant Competition Strain&#8221;<\/p>\n<p>S\u00falyra v\u00e1logatva, narancss\u00e1rga gy\u00fcm\u00f6lcs\u00f6k<\/p>\n<p>Ezt a v\u00e1logat\u00e1st nem v\u00e9letlen\u00fcl nevezik \u201eVersenyt\u00f6rzsnek\u201d. Ez egy 400 kg feletti t\u00f6megpotenci\u00e1l\u00fa egyedi p\u00e9ld\u00e1nyok v\u00e1logat\u00e1sa. Az Atlantic Giant genetikailag rugalmas, ez\u00e9rt a gy\u00fcm\u00f6lcs sz\u00edne a z\u00f6ld-feh\u00e9rt\u0151l az \u00e9l\u00e9nk narancsig v\u00e1ltozik. Ennek a fajt\u00e1nak a n\u00f6v\u00e9nyeinek legal\u00e1bb 10 n\u00e9gyzetm\u00e9terre van sz\u00fcks\u00e9g\u00fck az \u00f3ri\u00e1st\u00f6k\u00f6k termeszt\u00e9s\u00e9hez, k\u00f6r\u00fclbel\u00fcl 20-25 n\u00e9gyzetm\u00e9ter az optim\u00e1lis.<\/p>\n<p>maxim\u00e1lis<br \/>\n\u00c9rlel\u00e9si id\u0151: 125 nap<br \/>\nRang viselked\u00e9s buja<br \/>\nRekordm\u00e9ret\u0171re teny\u00e9sztett\u00e9k, ehet\u0151, de nem k\u00e9nyes<br \/>\nEz a fajta j\u00f3l fejl\u0151dik meleg, j\u00f3 v\u00edzelvezet\u00e9s\u0171 talajban, el\u0151m\u0171vel\u00e9ssel \u00e9s \u00fcltet\u00e9ssel \u00e1prilis v\u00e9g\u00e9t\u0151l vagy k\u00f6zvetlen vet\u00e9ssel m\u00e1jus elej\u00e9t\u0151l.<\/p>\n<p>A s\u00fct\u0151t\u00f6k \u00fcltet\u00e9si t\u00e1vols\u00e1ga a m\u00e1sz\u00e1si viselked\u00e9st\u0151l f\u00fcgg<\/p>\n<p>Lehets\u00e9ges k\u00e1rtev\u0151k: csig\u00e1k, madarak, egerek, tetvek, lisztharmat, v\u00edrus<\/p>\n<p>A csomag 10 szem magot tartalmaz<\/p>\n","protected":false},"featured_media":18546,"comment_status":"closed","ping_status":"closed","template":"","meta":[],"product_brand":[],"product_cat":[345],"product_tag":[],"class_list":{"0":"post-18545","1":"product","2":"type-product","3":"status-publish","4":"has-post-thumbnail","6":"product_cat-suto-fozo-es-disztokok","8":"first","9":"instock","10":"taxable","11":"shipping-taxable","12":"purchasable","13":"product-type-simple"},"_links":{"self":[{"href":"https:\/\/chilimag.hu\/webshop\/wp-json\/wp\/v2\/product\/18545","targetHints":{"allow":["GET"]}}],"collection":[{"href":"https:\/\/chilimag.hu\/webshop\/wp-json\/wp\/v2\/product"}],"about":[{"href":"https:\/\/chilimag.hu\/webshop\/wp-json\/wp\/v2\/types\/product"}],"replies":[{"embeddable":true,"href":"https:\/\/chilimag.hu\/webshop\/wp-json\/wp\/v2\/comments?post=18545"}],"wp:featuredmedia":[{"embeddable":true,"href":"https:\/\/chilimag.hu\/webshop\/wp-json\/wp\/v2\/media\/18546"}],"wp:attachment":[{"href":"https:\/\/chilimag.hu\/webshop\/wp-json\/wp\/v2\/media?parent=18545"}],"wp:term":[{"taxonomy":"product_brand","embeddable":true,"href":"https:\/\/chilimag.hu\/webshop\/wp-json\/wp\/v2\/product_brand?post=18545"},{"taxonomy":"product_cat","embeddable":true,"href":"https:\/\/chilimag.hu\/webshop\/wp-json\/wp\/v2\/product_cat?post=18545"},{"taxonomy":"product_tag","embeddable":true,"href":"https:\/\/chilimag.hu\/webshop\/wp-json\/wp\/v2\/product_tag?post=18545"}],"curies":[{"name":"wp","href":"https:\/\/api.w.org\/{rel}","templated":true}]}}