{"id":18543,"date":"2022-10-02T16:06:10","date_gmt":"2022-10-02T16:06:10","guid":{"rendered":"https:\/\/chilimag.hu\/webshop\/?post_type=product&#038;p=18543"},"modified":"2024-10-25T10:08:10","modified_gmt":"2024-10-25T10:08:10","slug":"tok-aspen-f1-b-s","status":"publish","type":"product","link":"https:\/\/chilimag.hu\/webshop\/termek\/tok-aspen-f1-b-s\/","title":{"rendered":"Aspen F1 T\u00f6k  B-S"},"content":{"rendered":"","protected":false},"excerpt":{"rendered":"<p><img decoding=\"async\" src=\"https:\/\/chilimag.hu\/webshop\/wp-content\/uploads\/2022\/10\/bobby-seeds-test-logo-150x150.png\" \/><\/p>\n<p>Term\u00e9kinform\u00e1ci\u00f3k &#8222;Aspen F1&#8221;<\/p>\n<p>Az Aspen F1 kompakt, bokros n\u00f6veked\u00e9s\u0171 fajta, term\u00e9se t\u00f6bbnyire kerek, 6-10 kg k\u00f6r\u00fcli.<\/p>\n<p>pepo<br \/>\n\u00c9rlel\u00e9si id\u0151: 100 nap<br \/>\nA viselked\u00e9s m\u00e9rt\u00e9ke m\u00e9rs\u00e9kelt<br \/>\nMagas dekorat\u00edv \u00e9rt\u00e9k\u0171 Halloween s\u00fct\u0151t\u00f6k, konyh\u00e1ba kev\u00e9sb\u00e9 alkalmas<br \/>\nA C. pepo j\u00f3l n\u00f6vekszik meleg, j\u00f3 v\u00edzelvezet\u00e9s\u0171 talajban, el\u0151kult\u00far\u00e1ban \u00e9s \u00fcltet\u00e9sben \u00e1prilis v\u00e9g\u00e9t\u0151l, vagy m\u00e1jus elej\u00e9t\u0151l vet\u00e9s n\u00e9lk\u00fcl. Ez a t\u00f6rzs a legalkalmasabb a hidegebb ter\u00fcleteken t\u00f6rt\u00e9n\u0151 termeszt\u00e9sre.<\/p>\n<p>A s\u00fct\u0151t\u00f6k \u00fcltet\u00e9si t\u00e1vols\u00e1ga a m\u00e1sz\u00e1si viselked\u00e9st\u0151l f\u00fcgg<\/p>\n<p>Lehets\u00e9ges k\u00e1rtev\u0151k: csig\u00e1k, madarak, egerek, tetvek, lisztharmat, v\u00edrus<\/p>\n<p>A csomag 10 szem magot tartalmaz<\/p>\n","protected":false},"featured_media":18544,"comment_status":"closed","ping_status":"closed","template":"","meta":[],"product_brand":[],"product_cat":[345],"product_tag":[],"class_list":{"0":"post-18543","1":"product","2":"type-product","3":"status-publish","4":"has-post-thumbnail","6":"product_cat-suto-fozo-es-disztokok","8":"first","9":"instock","10":"sale","11":"taxable","12":"shipping-taxable","13":"purchasable","14":"product-type-simple"},"_links":{"self":[{"href":"https:\/\/chilimag.hu\/webshop\/wp-json\/wp\/v2\/product\/18543","targetHints":{"allow":["GET"]}}],"collection":[{"href":"https:\/\/chilimag.hu\/webshop\/wp-json\/wp\/v2\/product"}],"about":[{"href":"https:\/\/chilimag.hu\/webshop\/wp-json\/wp\/v2\/types\/product"}],"replies":[{"embeddable":true,"href":"https:\/\/chilimag.hu\/webshop\/wp-json\/wp\/v2\/comments?post=18543"}],"wp:featuredmedia":[{"embeddable":true,"href":"https:\/\/chilimag.hu\/webshop\/wp-json\/wp\/v2\/media\/18544"}],"wp:attachment":[{"href":"https:\/\/chilimag.hu\/webshop\/wp-json\/wp\/v2\/media?parent=18543"}],"wp:term":[{"taxonomy":"product_brand","embeddable":true,"href":"https:\/\/chilimag.hu\/webshop\/wp-json\/wp\/v2\/product_brand?post=18543"},{"taxonomy":"product_cat","embeddable":true,"href":"https:\/\/chilimag.hu\/webshop\/wp-json\/wp\/v2\/product_cat?post=18543"},{"taxonomy":"product_tag","embeddable":true,"href":"https:\/\/chilimag.hu\/webshop\/wp-json\/wp\/v2\/product_tag?post=18543"}],"curies":[{"name":"wp","href":"https:\/\/api.w.org\/{rel}","templated":true}]}}