{"id":18538,"date":"2022-10-02T15:54:48","date_gmt":"2022-10-02T15:54:48","guid":{"rendered":"https:\/\/chilimag.hu\/webshop\/?post_type=product&#038;p=18538"},"modified":"2025-03-10T18:32:14","modified_gmt":"2025-03-10T18:32:14","slug":"tok-20-karat-gold-f1-b-s","status":"publish","type":"product","link":"https:\/\/chilimag.hu\/webshop\/termek\/tok-20-karat-gold-f1-b-s\/","title":{"rendered":"20 Karat Gold F1 T\u00f6k B-S"},"content":{"rendered":"","protected":false},"excerpt":{"rendered":"<p><img decoding=\"async\" src=\"https:\/\/chilimag.hu\/webshop\/wp-content\/uploads\/2022\/10\/bobby-seeds-test-logo-150x150.png\" \/><\/p>\n<p>&nbsp;<\/p>\n<p>Term\u00e9kinform\u00e1ci\u00f3 &#8222;20 kar\u00e1tos arany F1&#8221;<\/p>\n<p>Gy\u00f6ny\u00f6r\u0171 form\u00e1j\u00fa s\u00fct\u0151t\u00f6k, t\u00f6m\u00f6r sz\u00e1rral<\/p>\n<p>A 20 Karat Gold F1 nagyon sz\u00e9p, kerekded term\u00e9sei 7-9 kg s\u00faly\u00faak. Gy\u00fcm\u00f6lcsei m\u00e9lynarancss\u00e1rga sz\u00edn\u0171ek \u00e9s nagyon egys\u00e9gesek. Ennek a fajt\u00e1nak a sz\u00e1rai er\u0151sek \u00e9s stabilak, a n\u00f6v\u00e9nyek f\u00e9lig t\u00f6m\u00f6ren n\u0151nek, \u00edgy kev\u00e9s a m\u00e1sz\u00e1s. A 20 Karat Gold F1 pen\u00e9szrezisztens, a pen\u00e9szfert\u0151z\u00e9s k\u00e9s\u0151bb k\u00f6vetkezik be. Farag\u00e1sra, fest\u00e9sre \u00e9s d\u00edszt\u00f6knek is alkalmas, levest\u00f6knek is haszn\u00e1lhat\u00f3<\/p>\n<p>Cucurbita pepo<br \/>\nAz \u00e9r\u00e9si id\u0151 k\u00f6r\u00fclbel\u00fcl 90-95 nap<br \/>\nA 20 ezer arany F1 m\u00e9rs\u00e9kelten rangsorol<br \/>\nA 20 Karat Gold F1 fogyaszt\u00e1sra alkalmas, p\u00e9ld\u00e1ul s\u00fct\u0151t\u00f6klevesbe<br \/>\n1 adag = 10 szem<br \/>\nA s\u00fct\u0151t\u00f6k j\u00f3l fejl\u0151dik meleg, j\u00f3 v\u00edzelvezet\u00e9s\u0171 talajban, el\u0151kult\u00far\u00e1ban \u00e9s \u00fcltet\u00e9sben \u00e1prilis v\u00e9gi vet\u00e9ssel vagy m\u00e1jus elej\u00e9t\u0151l k\u00f6zvetlen vet\u00e9ssel.<\/p>\n<p>A 20 Karat Gold F1-hez k\u00f6r\u00fclbel\u00fcl 2 n\u00e9gyzetm\u00e9tert aj\u00e1nlunk n\u00f6v\u00e9nyenk\u00e9nt.<\/p>\n<p>Lehets\u00e9ges k\u00e1rtev\u0151k: csig\u00e1k, madarak, egerek, tetvek, lisztharmat, v\u00edrus.<\/p>\n<p>A csomag 10 szem magot tartalmaz<\/p>\n","protected":false},"featured_media":18539,"comment_status":"closed","ping_status":"closed","template":"","meta":[],"product_brand":[],"product_cat":[345],"product_tag":[],"class_list":{"0":"post-18538","1":"product","2":"type-product","3":"status-publish","4":"has-post-thumbnail","6":"product_cat-suto-fozo-es-disztokok","8":"first","9":"instock","10":"sale","11":"taxable","12":"shipping-taxable","13":"purchasable","14":"product-type-simple"},"_links":{"self":[{"href":"https:\/\/chilimag.hu\/webshop\/wp-json\/wp\/v2\/product\/18538","targetHints":{"allow":["GET"]}}],"collection":[{"href":"https:\/\/chilimag.hu\/webshop\/wp-json\/wp\/v2\/product"}],"about":[{"href":"https:\/\/chilimag.hu\/webshop\/wp-json\/wp\/v2\/types\/product"}],"replies":[{"embeddable":true,"href":"https:\/\/chilimag.hu\/webshop\/wp-json\/wp\/v2\/comments?post=18538"}],"wp:featuredmedia":[{"embeddable":true,"href":"https:\/\/chilimag.hu\/webshop\/wp-json\/wp\/v2\/media\/18539"}],"wp:attachment":[{"href":"https:\/\/chilimag.hu\/webshop\/wp-json\/wp\/v2\/media?parent=18538"}],"wp:term":[{"taxonomy":"product_brand","embeddable":true,"href":"https:\/\/chilimag.hu\/webshop\/wp-json\/wp\/v2\/product_brand?post=18538"},{"taxonomy":"product_cat","embeddable":true,"href":"https:\/\/chilimag.hu\/webshop\/wp-json\/wp\/v2\/product_cat?post=18538"},{"taxonomy":"product_tag","embeddable":true,"href":"https:\/\/chilimag.hu\/webshop\/wp-json\/wp\/v2\/product_tag?post=18538"}],"curies":[{"name":"wp","href":"https:\/\/api.w.org\/{rel}","templated":true}]}}