{"id":18536,"date":"2022-10-02T15:47:47","date_gmt":"2022-10-02T15:47:47","guid":{"rendered":"https:\/\/chilimag.hu\/webshop\/?post_type=product&#038;p=18536"},"modified":"2025-03-05T17:57:15","modified_gmt":"2025-03-05T17:57:15","slug":"tok-apollo-f1-b-s","status":"publish","type":"product","link":"https:\/\/chilimag.hu\/webshop\/termek\/tok-apollo-f1-b-s\/","title":{"rendered":"Apollo F1 T\u00f6k B-S"},"content":{"rendered":"","protected":false},"excerpt":{"rendered":"<p><img decoding=\"async\" src=\"https:\/\/chilimag.hu\/webshop\/wp-content\/uploads\/2022\/10\/bobby-seeds-test-logo-150x150.png\" \/><\/p>\n<p>Term\u00e9kinform\u00e1ci\u00f3 &#8222;Apollo F1 PMT&#8221;<\/p>\n<p>Nagyon sz\u00e9p farag\u00e1s\u00fa t\u00f6k Howden m\u00e9retben<\/p>\n<p>Gy\u00f6ny\u00f6r\u0171 sz\u00edn\u0171 \u00e9s form\u00e1j\u00fa s\u00fct\u0151t\u00f6k, 8-12 kg-os.Kerek-enyh\u00e9n kerek, nagyon stabil, s\u00f6t\u00e9t narancss\u00e1rga. Kompakt n\u00f6veked\u00e9se, pen\u00e9szt\u0171r\u0151 k\u00e9pess\u00e9ge \u00e9s sz\u00e9p term\u00e9sei ezt a fajt\u00e1t termeszt\u00e9sre aj\u00e1nlj\u00e1k.<\/p>\n<p>Cucurbita pepo<br \/>\n\u00c9rlel\u00e9si id\u0151: 110 nap<br \/>\nAz Apollo F1 r\u00f6vid ind\u00e1kkal n\u0151<br \/>\nMagas dekorat\u00edv \u00e9rt\u00e9k\u0171 Halloween s\u00fct\u0151t\u00f6k, konyh\u00e1ba kev\u00e9sb\u00e9 alkalmas<br \/>\nA C. pepo j\u00f3l n\u00f6vekszik meleg, j\u00f3 v\u00edzelvezet\u00e9s\u0171 talajban, el\u0151kult\u00far\u00e1ban \u00e9s \u00fcltet\u00e9sben \u00e1prilis v\u00e9g\u00e9t\u0151l, vagy m\u00e1jus elej\u00e9t\u0151l vet\u00e9s n\u00e9lk\u00fcl.<\/p>\n<p>A Kratos F1-hez n\u00f6v\u00e9nyenk\u00e9nt 1-2 n\u00e9gyzetm\u00e9ter ter\u00fcletet aj\u00e1nlunk<\/p>\n<p>Lehets\u00e9ges k\u00e1rtev\u0151k: csig\u00e1k, madarak, egerek, tetvek, lisztharmat, v\u00edrus<\/p>\n<p>A csomag 10 szem magot tartalmaz<\/p>\n","protected":false},"featured_media":18537,"comment_status":"closed","ping_status":"closed","template":"","meta":[],"product_brand":[],"product_cat":[345],"product_tag":[],"class_list":{"0":"post-18536","1":"product","2":"type-product","3":"status-publish","4":"has-post-thumbnail","6":"product_cat-suto-fozo-es-disztokok","8":"first","9":"instock","10":"taxable","11":"shipping-taxable","12":"purchasable","13":"product-type-simple"},"_links":{"self":[{"href":"https:\/\/chilimag.hu\/webshop\/wp-json\/wp\/v2\/product\/18536","targetHints":{"allow":["GET"]}}],"collection":[{"href":"https:\/\/chilimag.hu\/webshop\/wp-json\/wp\/v2\/product"}],"about":[{"href":"https:\/\/chilimag.hu\/webshop\/wp-json\/wp\/v2\/types\/product"}],"replies":[{"embeddable":true,"href":"https:\/\/chilimag.hu\/webshop\/wp-json\/wp\/v2\/comments?post=18536"}],"wp:featuredmedia":[{"embeddable":true,"href":"https:\/\/chilimag.hu\/webshop\/wp-json\/wp\/v2\/media\/18537"}],"wp:attachment":[{"href":"https:\/\/chilimag.hu\/webshop\/wp-json\/wp\/v2\/media?parent=18536"}],"wp:term":[{"taxonomy":"product_brand","embeddable":true,"href":"https:\/\/chilimag.hu\/webshop\/wp-json\/wp\/v2\/product_brand?post=18536"},{"taxonomy":"product_cat","embeddable":true,"href":"https:\/\/chilimag.hu\/webshop\/wp-json\/wp\/v2\/product_cat?post=18536"},{"taxonomy":"product_tag","embeddable":true,"href":"https:\/\/chilimag.hu\/webshop\/wp-json\/wp\/v2\/product_tag?post=18536"}],"curies":[{"name":"wp","href":"https:\/\/api.w.org\/{rel}","templated":true}]}}