{"id":18534,"date":"2022-10-02T15:44:22","date_gmt":"2022-10-02T15:44:22","guid":{"rendered":"https:\/\/chilimag.hu\/webshop\/?post_type=product&#038;p=18534"},"modified":"2024-11-01T19:58:16","modified_gmt":"2024-11-01T19:58:16","slug":"tok-aladdin-f1-b-s","status":"publish","type":"product","link":"https:\/\/chilimag.hu\/webshop\/termek\/tok-aladdin-f1-b-s\/","title":{"rendered":"Aladdin F1 T\u00f6k B-S"},"content":{"rendered":"","protected":false},"excerpt":{"rendered":"<p><img decoding=\"async\" src=\"https:\/\/chilimag.hu\/webshop\/wp-content\/uploads\/2022\/10\/bobby-seeds-test-logo-150x150.png\" \/><\/p>\n<p>Term\u00e9kinform\u00e1ci\u00f3 &#8222;Aladdin PMT F1&#8221;<\/p>\n<p>Kiv\u00e1l\u00f3, nagy l\u00e1mp\u00e1s t\u00f6k<\/p>\n<p>Az Aladdin F1 enyh\u00e9n kerek, k\u00f6r\u00fclbel\u00fcl 12-20 kg neh\u00e9z, \u00e9l\u00e9nk narancss\u00e1rga sz\u00edn\u0171, enyh\u00e9n bord\u00e1zott term\u00e9sei vannak. Az Aladdin F1 m\u00e1r j\u00f3l bev\u00e1lt dekorat\u00edv t\u00f6rzs, vonz\u00f3 megjelen\u00e9ssel. Az Aladdin F1 pen\u00e9szrezisztens, er\u0151teljes, n\u00f6v\u00e9nyenk\u00e9nt \u00e1tlagosan 1-2 gy\u00fcm\u00f6lcs\u00f6t terem.<\/p>\n<p>Cucurbita pepo<br \/>\nAz \u00e9r\u00e9si id\u0151 k\u00f6r\u00fclbel\u00fcl 100 nap<br \/>\nAladdin F1 rendesen \u00e1ll<br \/>\nEnnek a fajt\u00e1nak a h\u00fasa t\u00f6kleveshez is felhaszn\u00e1lhat\u00f3<br \/>\nA s\u00fct\u0151t\u00f6k j\u00f3l fejl\u0151dik meleg, j\u00f3 v\u00edzelvezet\u00e9s\u0171 talajban, el\u0151kult\u00far\u00e1ban \u00e9s \u00fcltet\u00e9sben \u00e1prilis v\u00e9gi vet\u00e9ssel vagy m\u00e1jus elej\u00e9t\u0151l k\u00f6zvetlen vet\u00e9ssel.<\/p>\n<p>Az Aladdin F1-hez n\u00f6v\u00e9nyenk\u00e9nt 2-3 nm-et aj\u00e1nlunk.<\/p>\n<p>Lehets\u00e9ges k\u00e1rtev\u0151k: csig\u00e1k, madarak, egerek, tetvek, lisztharmat, v\u00edrus<\/p>\n<p>A csomag 10 szem magot tartalmaz<\/p>\n","protected":false},"featured_media":18535,"comment_status":"closed","ping_status":"closed","template":"","meta":[],"product_brand":[],"product_cat":[345],"product_tag":[],"class_list":{"0":"post-18534","1":"product","2":"type-product","3":"status-publish","4":"has-post-thumbnail","6":"product_cat-suto-fozo-es-disztokok","8":"first","9":"instock","10":"sale","11":"taxable","12":"shipping-taxable","13":"purchasable","14":"product-type-simple"},"_links":{"self":[{"href":"https:\/\/chilimag.hu\/webshop\/wp-json\/wp\/v2\/product\/18534","targetHints":{"allow":["GET"]}}],"collection":[{"href":"https:\/\/chilimag.hu\/webshop\/wp-json\/wp\/v2\/product"}],"about":[{"href":"https:\/\/chilimag.hu\/webshop\/wp-json\/wp\/v2\/types\/product"}],"replies":[{"embeddable":true,"href":"https:\/\/chilimag.hu\/webshop\/wp-json\/wp\/v2\/comments?post=18534"}],"wp:featuredmedia":[{"embeddable":true,"href":"https:\/\/chilimag.hu\/webshop\/wp-json\/wp\/v2\/media\/18535"}],"wp:attachment":[{"href":"https:\/\/chilimag.hu\/webshop\/wp-json\/wp\/v2\/media?parent=18534"}],"wp:term":[{"taxonomy":"product_brand","embeddable":true,"href":"https:\/\/chilimag.hu\/webshop\/wp-json\/wp\/v2\/product_brand?post=18534"},{"taxonomy":"product_cat","embeddable":true,"href":"https:\/\/chilimag.hu\/webshop\/wp-json\/wp\/v2\/product_cat?post=18534"},{"taxonomy":"product_tag","embeddable":true,"href":"https:\/\/chilimag.hu\/webshop\/wp-json\/wp\/v2\/product_tag?post=18534"}],"curies":[{"name":"wp","href":"https:\/\/api.w.org\/{rel}","templated":true}]}}