{"id":18532,"date":"2022-10-02T15:39:44","date_gmt":"2022-10-02T15:39:44","guid":{"rendered":"https:\/\/chilimag.hu\/webshop\/?post_type=product&#038;p=18532"},"modified":"2025-08-24T08:14:14","modified_gmt":"2025-08-24T08:14:14","slug":"tok-pezsmatok-angelique-b-s","status":"publish","type":"product","link":"https:\/\/chilimag.hu\/webshop\/termek\/tok-pezsmatok-angelique-b-s\/","title":{"rendered":"Angelique T\u00f6k B-S"},"content":{"rendered":"","protected":false},"excerpt":{"rendered":"<p><img decoding=\"async\" src=\"https:\/\/chilimag.hu\/webshop\/wp-content\/uploads\/2022\/10\/bobby-seeds-test-logo-150x150.png\" \/><\/p>\n<p>Term\u00e9kinform\u00e1ci\u00f3 &#8222;Angelique&#8221;<\/p>\n<p>Az Angelique kerek, apr\u00f3 term\u00e9seket terem<\/p>\n<p>amelyek csak k\u00f6r\u00fclbel\u00fcl 1 kg-ot nyomnak. A p\u00e9p nagyon massz\u00edv, a mag\u00fcreg pedig meglehet\u0151sen kicsi. Ide\u00e1lis m\u00e9ret\u00e9nek \u00e9s kiv\u00e1l\u00f3 p\u00e9p\u00e9nek k\u00f6sz\u00f6nhet\u0151en ide\u00e1lis s\u00fct\u0151t\u00f6k a konyh\u00e1ban sokf\u00e9le felhaszn\u00e1l\u00e1sra.<\/p>\n<p>Cucurbita moschata<br \/>\n\u00c9r\u00e9si id\u0151: 100-110 nap<br \/>\nA Cucurbita moschata sok meleget ig\u00e9nyel, ez\u00e9rt el\u0151 kell termeszteni. A legfeljebb 110 napos \u00e9r\u00e9si idej\u0171 fajt\u00e1k azt\u00e1n a hideg vid\u00e9keken is j\u00f3l fejl\u0151dnek.<\/p>\n<p>Angelique sz\u00e1m\u00e1ra n\u00f6v\u00e9nyenk\u00e9nt k\u00f6r\u00fclbel\u00fcl 2-3 n\u00e9gyzetm\u00e9tert aj\u00e1nlunk<\/p>\n<p>Lehets\u00e9ges k\u00e1rtev\u0151k: csig\u00e1k, madarak, egerek, tetvek, lisztharmat, v\u00edrus<\/p>\n<p>A csomag 10 szem magot tartalmaz<\/p>\n","protected":false},"featured_media":18533,"comment_status":"closed","ping_status":"closed","template":"","meta":[],"product_brand":[],"product_cat":[345],"product_tag":[],"class_list":{"0":"post-18532","1":"product","2":"type-product","3":"status-publish","4":"has-post-thumbnail","6":"product_cat-suto-fozo-es-disztokok","8":"first","9":"instock","10":"taxable","11":"shipping-taxable","12":"purchasable","13":"product-type-simple"},"_links":{"self":[{"href":"https:\/\/chilimag.hu\/webshop\/wp-json\/wp\/v2\/product\/18532","targetHints":{"allow":["GET"]}}],"collection":[{"href":"https:\/\/chilimag.hu\/webshop\/wp-json\/wp\/v2\/product"}],"about":[{"href":"https:\/\/chilimag.hu\/webshop\/wp-json\/wp\/v2\/types\/product"}],"replies":[{"embeddable":true,"href":"https:\/\/chilimag.hu\/webshop\/wp-json\/wp\/v2\/comments?post=18532"}],"wp:featuredmedia":[{"embeddable":true,"href":"https:\/\/chilimag.hu\/webshop\/wp-json\/wp\/v2\/media\/18533"}],"wp:attachment":[{"href":"https:\/\/chilimag.hu\/webshop\/wp-json\/wp\/v2\/media?parent=18532"}],"wp:term":[{"taxonomy":"product_brand","embeddable":true,"href":"https:\/\/chilimag.hu\/webshop\/wp-json\/wp\/v2\/product_brand?post=18532"},{"taxonomy":"product_cat","embeddable":true,"href":"https:\/\/chilimag.hu\/webshop\/wp-json\/wp\/v2\/product_cat?post=18532"},{"taxonomy":"product_tag","embeddable":true,"href":"https:\/\/chilimag.hu\/webshop\/wp-json\/wp\/v2\/product_tag?post=18532"}],"curies":[{"name":"wp","href":"https:\/\/api.w.org\/{rel}","templated":true}]}}