{"id":18528,"date":"2022-10-02T15:29:56","date_gmt":"2022-10-02T15:29:56","guid":{"rendered":"https:\/\/chilimag.hu\/webshop\/?post_type=product&#038;p=18528"},"modified":"2025-04-29T17:14:24","modified_gmt":"2025-04-29T17:14:24","slug":"tok-lopotok-australian-warted-b-s","status":"publish","type":"product","link":"https:\/\/chilimag.hu\/webshop\/termek\/tok-lopotok-australian-warted-b-s\/","title":{"rendered":"Australian Warted T\u00f6k B-S"},"content":{"rendered":"","protected":false},"excerpt":{"rendered":"<p><img decoding=\"async\" src=\"https:\/\/chilimag.hu\/webshop\/wp-content\/uploads\/2022\/10\/bobby-seeds-test-logo-150x150.png\" \/><\/p>\n<p>Term\u00e9kinform\u00e1ci\u00f3k &#8222;Australian Waited&#8221;<\/p>\n<p>Ausztr\u00e1l v\u00e1r, ahogy a neve is sugallja<\/p>\n<p>egy ausztr\u00e1l eredet\u0171 szem\u00f6lcs\u00f6s kal\u00e1ba. A k\u00f6r\u00fclbel\u00fcl 20 cm magas, csepp alak\u00fa term\u00e9sek vil\u00e1gosz\u00f6ldek, enyh\u00e9n elvetem\u00fcltek.<\/p>\n<p>Lagenaria siceraria<br \/>\nAz \u00e9r\u00e9si id\u0151 k\u00f6r\u00fclbel\u00fcl 110 nap<br \/>\nAz ausztr\u00e1l v\u00e1rakoz\u00e1s el\u0151kel\u0151 helyen \u00e1ll<br \/>\nAz ausztr\u00e1l Warted nem alkalmas fogyaszt\u00e1sra<br \/>\nA s\u00fct\u0151t\u00f6k j\u00f3l fejl\u0151dik meleg, j\u00f3 v\u00edzelvezet\u00e9s\u0171 talajban, el\u0151kult\u00far\u00e1ban \u00e9s \u00fcltet\u00e9sben \u00e1prilis v\u00e9gi vet\u00e9ssel vagy m\u00e1jus elej\u00e9t\u0151l k\u00f6zvetlen vet\u00e9ssel.<\/p>\n<p>Helyig\u00e9nyk\u00e9nt n\u00f6v\u00e9nyenk\u00e9nt k\u00f6r\u00fclbel\u00fcl 2-3 n\u00e9gyzetm\u00e9tert javasolunk<\/p>\n<p>Lehets\u00e9ges k\u00e1rtev\u0151k: csig\u00e1k, madarak, egerek, tetvek, lisztharmat, v\u00edrus<\/p>\n<p>A csomag 10 szem magot tartalmaz<\/p>\n","protected":false},"featured_media":18529,"comment_status":"closed","ping_status":"closed","template":"","meta":[],"product_brand":[],"product_cat":[345],"product_tag":[],"class_list":{"0":"post-18528","1":"product","2":"type-product","3":"status-publish","4":"has-post-thumbnail","6":"product_cat-suto-fozo-es-disztokok","8":"first","9":"instock","10":"sale","11":"taxable","12":"shipping-taxable","13":"purchasable","14":"product-type-simple"},"_links":{"self":[{"href":"https:\/\/chilimag.hu\/webshop\/wp-json\/wp\/v2\/product\/18528","targetHints":{"allow":["GET"]}}],"collection":[{"href":"https:\/\/chilimag.hu\/webshop\/wp-json\/wp\/v2\/product"}],"about":[{"href":"https:\/\/chilimag.hu\/webshop\/wp-json\/wp\/v2\/types\/product"}],"replies":[{"embeddable":true,"href":"https:\/\/chilimag.hu\/webshop\/wp-json\/wp\/v2\/comments?post=18528"}],"wp:featuredmedia":[{"embeddable":true,"href":"https:\/\/chilimag.hu\/webshop\/wp-json\/wp\/v2\/media\/18529"}],"wp:attachment":[{"href":"https:\/\/chilimag.hu\/webshop\/wp-json\/wp\/v2\/media?parent=18528"}],"wp:term":[{"taxonomy":"product_brand","embeddable":true,"href":"https:\/\/chilimag.hu\/webshop\/wp-json\/wp\/v2\/product_brand?post=18528"},{"taxonomy":"product_cat","embeddable":true,"href":"https:\/\/chilimag.hu\/webshop\/wp-json\/wp\/v2\/product_cat?post=18528"},{"taxonomy":"product_tag","embeddable":true,"href":"https:\/\/chilimag.hu\/webshop\/wp-json\/wp\/v2\/product_tag?post=18528"}],"curies":[{"name":"wp","href":"https:\/\/api.w.org\/{rel}","templated":true}]}}