{"id":18526,"date":"2022-10-02T15:25:10","date_gmt":"2022-10-02T15:25:10","guid":{"rendered":"https:\/\/chilimag.hu\/webshop\/?post_type=product&#038;p=18526"},"modified":"2025-03-16T19:47:22","modified_gmt":"2025-03-16T19:47:22","slug":"tok-lopotok-speckled-apple-b-s","status":"publish","type":"product","link":"https:\/\/chilimag.hu\/webshop\/termek\/tok-lopotok-speckled-apple-b-s\/","title":{"rendered":"Speckled Apple T\u00f6k B-S"},"content":{"rendered":"","protected":false},"excerpt":{"rendered":"<p><img decoding=\"async\" src=\"https:\/\/chilimag.hu\/webshop\/wp-content\/uploads\/2022\/10\/bobby-seeds-test-logo-150x150.png\" \/><\/p>\n<p>Term\u00e9kinform\u00e1ci\u00f3k &#8222;Apple, Speckled&#8221;<\/p>\n<p>S\u00f6t\u00e9tz\u00f6ld, vil\u00e1gos foltokkal, alma alak\u00fa, kb 20 cm<\/p>\n<p>Lagenaria<br \/>\n\u00c9rlel\u00e9si id\u0151: 130 nap<\/p>\n<p>A t\u00f6k\u00f6k ide\u00e1lisak sz\u00e1r\u00edt\u00e1sra, majd \u00e9vekig el\u00e1llnak<br \/>\nA t\u00f6k\u00f6k j\u00f3l teremnek meleg, j\u00f3 v\u00edzelvezet\u00e9s\u0171 talajban, az el\u0151m\u0171vel\u00e9s \u00e9s az \u00e1prilis v\u00e9gi vet\u00e9ssel \u00fcltet\u00e9s j\u00f3 eredm\u00e9nyt ad, az egyenes term\u00e9s csak terem, a talajm\u0171vel\u00e9s \u00e9rdekes form\u00e1kat hoz.<\/p>\n<p>A t\u00f6k\u00f6k nagyon \u00e9leter\u0151sek, elegend\u0151 helyet kell adni neki, n\u00f6v\u00e9nyenk\u00e9nt legal\u00e1bb 2-3 n\u00e9gyzetm\u00e9tert<\/p>\n<p>Lehets\u00e9ges k\u00e1rtev\u0151k: csig\u00e1k, madarak, egerek, tetvek, lisztharmat<\/p>\n<p>A csomag 10 szem magot tartalmaz<\/p>\n","protected":false},"featured_media":18527,"comment_status":"closed","ping_status":"closed","template":"","meta":[],"product_brand":[],"product_cat":[345],"product_tag":[],"class_list":{"0":"post-18526","1":"product","2":"type-product","3":"status-publish","4":"has-post-thumbnail","6":"product_cat-suto-fozo-es-disztokok","8":"first","9":"instock","10":"taxable","11":"shipping-taxable","12":"purchasable","13":"product-type-simple"},"_links":{"self":[{"href":"https:\/\/chilimag.hu\/webshop\/wp-json\/wp\/v2\/product\/18526","targetHints":{"allow":["GET"]}}],"collection":[{"href":"https:\/\/chilimag.hu\/webshop\/wp-json\/wp\/v2\/product"}],"about":[{"href":"https:\/\/chilimag.hu\/webshop\/wp-json\/wp\/v2\/types\/product"}],"replies":[{"embeddable":true,"href":"https:\/\/chilimag.hu\/webshop\/wp-json\/wp\/v2\/comments?post=18526"}],"wp:featuredmedia":[{"embeddable":true,"href":"https:\/\/chilimag.hu\/webshop\/wp-json\/wp\/v2\/media\/18527"}],"wp:attachment":[{"href":"https:\/\/chilimag.hu\/webshop\/wp-json\/wp\/v2\/media?parent=18526"}],"wp:term":[{"taxonomy":"product_brand","embeddable":true,"href":"https:\/\/chilimag.hu\/webshop\/wp-json\/wp\/v2\/product_brand?post=18526"},{"taxonomy":"product_cat","embeddable":true,"href":"https:\/\/chilimag.hu\/webshop\/wp-json\/wp\/v2\/product_cat?post=18526"},{"taxonomy":"product_tag","embeddable":true,"href":"https:\/\/chilimag.hu\/webshop\/wp-json\/wp\/v2\/product_tag?post=18526"}],"curies":[{"name":"wp","href":"https:\/\/api.w.org\/{rel}","templated":true}]}}