{"id":18513,"date":"2022-10-01T10:48:17","date_gmt":"2022-10-01T10:48:17","guid":{"rendered":"https:\/\/chilimag.hu\/webshop\/?post_type=product&#038;p=18513"},"modified":"2025-08-28T18:52:01","modified_gmt":"2025-08-28T18:52:01","slug":"kiwano-jelly-rund-b-s","status":"publish","type":"product","link":"https:\/\/chilimag.hu\/webshop\/termek\/kiwano-jelly-rund-b-s\/","title":{"rendered":"Kiwano Jelly Rund B-S"},"content":{"rendered":"","protected":false},"excerpt":{"rendered":"<p><img decoding=\"async\" src=\"https:\/\/chilimag.hu\/webshop\/wp-content\/uploads\/2022\/10\/bobby-seeds-test-logo-150x150.png\" \/><\/p>\n<p>Term\u00e9kinform\u00e1ci\u00f3 &#8222;Kiwano Jelly Round&#8221;<\/p>\n<p>Kerek Kiwano friss\u00edt\u0151 arom\u00e1val<\/p>\n<p>A kiwano, m\u00e1s n\u00e9ven k\u00fcrt\u00f6s uborka, az uborkaf\u00e9l\u00e9k csal\u00e1dj\u00e1nak j\u00f3l ismert, arom\u00e1s gy\u00fcm\u00f6lcse. A Jelly Round egy eddig kev\u00e9ss\u00e9 ismert fajta, kerekded, szaggatott, teljesen \u00e9retten vil\u00e1gosz\u00f6ldt\u0151l feh\u00e9rig \u00e9r\u0151, ban\u00e1n \u00e9s citrom k\u00f6z\u00f6tti arom\u00e1val.<\/p>\n<p>Cucumis metuliferus<br \/>\nA betakar\u00edt\u00e1s a termeszt\u00e9si m\u00f3dt\u00f3l \u00e9s a kezd\u00e9st\u0151l f\u00fcgg\u0151en j\u00falius v\u00e9g\u00e9t\u0151l t\u00f6rt\u00e9nik<br \/>\nAz \u00fcltet\u00e9si t\u00e1vols\u00e1g k\u00f6r\u00fclbel\u00fcl 1 x 1-2 m, hasonl\u00f3an a dinny\u00e9hez<br \/>\n1 adag tartalma: 10 mag<br \/>\nA vet\u00e9s \u00fcveg alatt, \u00e1prilis elej\u00e9n t\u00f6rt\u00e9nik 22-25 \u00b0C-on, k\u00f6zvetlen\u00fcl egy szemekkel kis cser\u00e9pben, amely a s\u00fct\u0151t\u00f6kh\u00f6z hasonl\u00f3an nem tartja t\u00fal nedvesen az ed\u00e9nyeket.<\/p>\n<p>A Kiwanos termeszt\u00e9se hasonl\u00f3 az uborka \u00e9s a dinnye termeszt\u00e9s\u00e9hez, a kiwanok szeretik a meleg helyeket, \u00e9s \u00fcvegh\u00e1zban is termeszthet\u0151k.<\/p>\n","protected":false},"featured_media":18514,"comment_status":"closed","ping_status":"closed","template":"","meta":[],"product_brand":[],"product_cat":[346,331],"product_tag":[],"class_list":{"0":"post-18513","1":"product","2":"type-product","3":"status-publish","4":"has-post-thumbnail","6":"product_cat-cukkini-patiszon-uborka","7":"product_cat-gyumolcs-vetomagok-egyeb-es-kulonleges-vetomagok","9":"first","10":"instock","11":"taxable","12":"shipping-taxable","13":"purchasable","14":"product-type-simple"},"_links":{"self":[{"href":"https:\/\/chilimag.hu\/webshop\/wp-json\/wp\/v2\/product\/18513","targetHints":{"allow":["GET"]}}],"collection":[{"href":"https:\/\/chilimag.hu\/webshop\/wp-json\/wp\/v2\/product"}],"about":[{"href":"https:\/\/chilimag.hu\/webshop\/wp-json\/wp\/v2\/types\/product"}],"replies":[{"embeddable":true,"href":"https:\/\/chilimag.hu\/webshop\/wp-json\/wp\/v2\/comments?post=18513"}],"wp:featuredmedia":[{"embeddable":true,"href":"https:\/\/chilimag.hu\/webshop\/wp-json\/wp\/v2\/media\/18514"}],"wp:attachment":[{"href":"https:\/\/chilimag.hu\/webshop\/wp-json\/wp\/v2\/media?parent=18513"}],"wp:term":[{"taxonomy":"product_brand","embeddable":true,"href":"https:\/\/chilimag.hu\/webshop\/wp-json\/wp\/v2\/product_brand?post=18513"},{"taxonomy":"product_cat","embeddable":true,"href":"https:\/\/chilimag.hu\/webshop\/wp-json\/wp\/v2\/product_cat?post=18513"},{"taxonomy":"product_tag","embeddable":true,"href":"https:\/\/chilimag.hu\/webshop\/wp-json\/wp\/v2\/product_tag?post=18513"}],"curies":[{"name":"wp","href":"https:\/\/api.w.org\/{rel}","templated":true}]}}