{"id":18508,"date":"2022-09-30T17:16:59","date_gmt":"2022-09-30T17:16:59","guid":{"rendered":"https:\/\/chilimag.hu\/webshop\/?post_type=product&#038;p=18508"},"modified":"2026-02-11T22:26:18","modified_gmt":"2026-02-11T22:26:18","slug":"habanero-black","status":"publish","type":"product","link":"https:\/\/chilimag.hu\/webshop\/termek\/habanero-black\/","title":{"rendered":"Habanero Black"},"content":{"rendered":"","protected":false},"excerpt":{"rendered":"<p><img decoding=\"async\" src=\"https:\/\/chilimag.hu\/webshop\/wp-content\/uploads\/2014\/11\/chilimag-logo-2-150x150.jpg\" \/><\/p>\n<p>&nbsp;<\/p>\n<p>Le\u00edr\u00e1s<\/p>\n<p>Capsicum \u00a0chinense<\/p>\n<p>Scouville:100.000-350.000-<\/p>\n<p>Egy \u00faj, 2010-re termesztett chili, amely nem tartozik a legmen\u0151bbek k\u00f6z\u00e9, de lehet, hogy az egyik leg\u00edzletesebb. Eredetileg egy eur\u00f3pai termel\u0151 fejlesztette ki, aki egy Clav\u00f3t egy csokol\u00e1d\u00e9 habaner\u00f3val keresztezte. A Clavo a Fatalii enyh\u00e9bb v\u00e1ltozata. Ezek a paprik\u00e1k vil\u00e1gosz\u00f6ldt\u0151l s\u00f6t\u00e9tbarn\u00e1ig \u00e9rnek.<br \/>\n2-6 h\u00fcvelyk hossz\u00faak, \u00e9s egy mini-Anaheimre vagy Big Jimre hasonl\u00edtanak. A h\u0151fok olyan, mint egy k\u00f6zepes k\u00ednai fajta. El\u00e9g nagyok lesznek a paprik\u00e1k. A n\u00f6v\u00e9ny nagy mennyis\u00e9g\u0171 paprikatermel\u0151, ez\u00e9rt el\u0151fordulhat, hogy meg kell kar\u00f3znia, hogy az \u00e1gak ne t\u00f6rjenek le. \u00cdze gazdag, szinte mazsolaszer\u0171. Amit ebb\u0151l a paprika h\u0151s\u00e9g\u00e9b\u0151l hi\u00e1nyzik, azt a termel\u00e9ssel \u00e9s az \u00edz\u00e9vel jobban p\u00f3tolja!<\/p>\n<p>Gondoz\u00e1sa:A cs\u00edr\u00e1z\u00e1si h\u0151m\u00e9rs\u00e9klet 22 \u00e9s 28\u00b0C k\u00f6z\u00f6tt van (12-21 napos cs\u00edr\u00e1z\u00e1si id\u0151szak), ez\u00e9rt \u00fcvegh\u00e1z \u00e9s f\u0171t\u0151sz\u0151nyeg haszn\u00e1lata javasolt. A n\u00f6v\u00e9nyeknek friss, j\u00f3l tr\u00e1gy\u00e1zott, v\u00edz\u00e1tereszt\u0151 talajra van sz\u00fcks\u00e9g\u00fck, nem t\u0171rik a bevizesed\u00e9st. Napos, v\u00e9dett helyre kell \u00fcltetni, ahol legal\u00e1bb 6 \u00f3ra napf\u00e9ny \u2013 lehet\u0151leg t\u00f6bb. Mivel a n\u00f6v\u00e9nyeknek k\u00fcl\u00f6n\u00f6sen hossz\u00fa az \u00e9r\u00e9si ideje, \u00e9rdemes cser\u00e9pben termeszteni \u0151ket, \u00edgy a napk\u00f6zbeni h\u0151m\u00e9rs\u00e9klet 12\u00b0C al\u00e1 s\u00fcllyed\u00e9sekor k\u00f6nnyen be lehet vinni a n\u00f6v\u00e9nyt, \u00edgy minden gy\u00fcm\u00f6lcs be\u00e9rik. Ahhoz, hogy a n\u00f6v\u00e9nyt t\u00e9len is meg\u0151rizze, betakar\u00edt\u00e1s ut\u00e1n v\u00e1gja vissza 20 cm-rel, \u00e9s tegye vil\u00e1gos helyre, ahol legal\u00e1bb 15\u00b0C h\u0151m\u00e9rs\u00e9klet\u0171.<\/p>\n<p>A csomag 10 szem magot tartalmaz<\/p>\n<p>&nbsp;<\/p>\n","protected":false},"featured_media":18509,"comment_status":"closed","ping_status":"closed","template":"","meta":[],"product_brand":[],"product_cat":[8],"product_tag":[],"class_list":{"0":"post-18508","1":"product","2":"type-product","3":"status-publish","4":"has-post-thumbnail","6":"product_cat-paprika","8":"first","9":"outofstock","10":"taxable","11":"shipping-taxable","12":"purchasable","13":"product-type-simple"},"_links":{"self":[{"href":"https:\/\/chilimag.hu\/webshop\/wp-json\/wp\/v2\/product\/18508","targetHints":{"allow":["GET"]}}],"collection":[{"href":"https:\/\/chilimag.hu\/webshop\/wp-json\/wp\/v2\/product"}],"about":[{"href":"https:\/\/chilimag.hu\/webshop\/wp-json\/wp\/v2\/types\/product"}],"replies":[{"embeddable":true,"href":"https:\/\/chilimag.hu\/webshop\/wp-json\/wp\/v2\/comments?post=18508"}],"wp:featuredmedia":[{"embeddable":true,"href":"https:\/\/chilimag.hu\/webshop\/wp-json\/wp\/v2\/media\/18509"}],"wp:attachment":[{"href":"https:\/\/chilimag.hu\/webshop\/wp-json\/wp\/v2\/media?parent=18508"}],"wp:term":[{"taxonomy":"product_brand","embeddable":true,"href":"https:\/\/chilimag.hu\/webshop\/wp-json\/wp\/v2\/product_brand?post=18508"},{"taxonomy":"product_cat","embeddable":true,"href":"https:\/\/chilimag.hu\/webshop\/wp-json\/wp\/v2\/product_cat?post=18508"},{"taxonomy":"product_tag","embeddable":true,"href":"https:\/\/chilimag.hu\/webshop\/wp-json\/wp\/v2\/product_tag?post=18508"}],"curies":[{"name":"wp","href":"https:\/\/api.w.org\/{rel}","templated":true}]}}