{"id":18494,"date":"2022-09-28T16:00:30","date_gmt":"2022-09-28T16:00:30","guid":{"rendered":"https:\/\/chilimag.hu\/webshop\/?post_type=product&#038;p=18494"},"modified":"2025-09-05T20:16:55","modified_gmt":"2025-09-05T20:16:55","slug":"bolivian-rainbow","status":"publish","type":"product","link":"https:\/\/chilimag.hu\/webshop\/termek\/bolivian-rainbow\/","title":{"rendered":"Bolivian Rainbow"},"content":{"rendered":"","protected":false},"excerpt":{"rendered":"<p><img decoding=\"async\" src=\"https:\/\/chilimag.hu\/webshop\/wp-content\/uploads\/2014\/11\/chilimag-logo-2-150x150.jpg\" \/><\/p>\n<p>Le\u00edr\u00e1s<\/p>\n<p>Igazi sz\u00e9ps\u00e9g! A k\u00f6r\u00fclbel\u00fcl 30-55 cm-es kis n\u00f6v\u00e9nyek sz\u00e9p, nagy, lila vir\u00e1gai, amelyek sz\u00ednes kis kerek chilipaprik\u00e1v\u00e1 v\u00e1lnak, amely z\u00f6ldb\u0151l lil\u00e1ra, feh\u00e9rre, s\u00e1rg\u00e1ra, narancss\u00e1rg\u00e1ra pirosra \u00e9rik. A k\u00fcl\u00f6nb\u00f6z\u0151 \u00e9r\u00e9si \u00e1llapot\u00fa chili egyszerre van a n\u00f6v\u00e9nyen, \u00e9s sz\u00e9p kontrasztot alkot a z\u00f6ld-lila levelekkel. Csod\u00e1latos d\u00edszn\u00f6v\u00e9ny, melynek chilije is kell\u0151en meleg.<\/p>\n<p>Gondoz\u00e1s: A cs\u00edr\u00e1z\u00e1si h\u0151m\u00e9rs\u00e9klet 22\u00b0C \u00e9s 28\u00b0C k\u00f6z\u00f6tt van (cs\u00edr\u00e1z\u00e1si id\u0151: 8-21 nap); ez\u00e9rt \u00fcvegh\u00e1z \u00e9s f\u0171t\u0151sz\u0151nyeg haszn\u00e1lata javasolt. A n\u00f6v\u00e9nyeknek friss, j\u00f3l tr\u00e1gy\u00e1zott, v\u00edz\u00e1tereszt\u0151 talajra van sz\u00fcks\u00e9g\u00fck, nem t\u0171rik a bevizesed\u00e9st. Napos, v\u00e9dett helyre \u00fcltess\u00fck, ahol legal\u00e1bb 6 \u00f3ra \u2013 lehet\u0151leg t\u00f6bb \u2013 napf\u00e9ny \u00e9ri. Tedd ki a n\u00f6v\u00e9nyeket kb. 2-3 h\u00e9ttel az utols\u00f3 fagy ut\u00e1n.<\/p>\n<p>Capsicum annuum t\u00edpus<br \/>\nF\u0171szerszint 7<br \/>\nScoville 15 000 &#8211; 30 000 SHU<br \/>\nOptim\u00e1lis cs\u00edr\u00e1z\u00e1si h\u0151m\u00e9rs\u00e9klet 22 &#8211; 28 \u00b0C<br \/>\nVet\u00e9s jan-\u00e1pr<br \/>\nVir\u00e1gok lila (j\u00fan.-aug.)<br \/>\nN\u00f6veked\u00e9si szok\u00e1sa bokros, 30-55 cm magas<br \/>\n\u00c9rlel\u00e9s z\u00f6ldt\u0151l lil\u00e1ig, s\u00e1rga, narancs, piros<br \/>\nGy\u00fcm\u00f6lcs megjelen\u00e9se ov\u00e1lis, 1&#215;2 cm<br \/>\n\u00c9r\u00e9si ideje 50-60 nap<br \/>\nSz\u00e1rmaz\u00e1si hely Bol\u00edvia<\/p>\n<p>A csomag 10 szem magot tartalmaz<\/p>\n","protected":false},"featured_media":18495,"comment_status":"closed","ping_status":"closed","template":"","meta":[],"product_brand":[],"product_cat":[8],"product_tag":[],"class_list":{"0":"post-18494","1":"product","2":"type-product","3":"status-publish","4":"has-post-thumbnail","6":"product_cat-paprika","8":"first","9":"outofstock","10":"taxable","11":"shipping-taxable","12":"purchasable","13":"product-type-simple"},"_links":{"self":[{"href":"https:\/\/chilimag.hu\/webshop\/wp-json\/wp\/v2\/product\/18494","targetHints":{"allow":["GET"]}}],"collection":[{"href":"https:\/\/chilimag.hu\/webshop\/wp-json\/wp\/v2\/product"}],"about":[{"href":"https:\/\/chilimag.hu\/webshop\/wp-json\/wp\/v2\/types\/product"}],"replies":[{"embeddable":true,"href":"https:\/\/chilimag.hu\/webshop\/wp-json\/wp\/v2\/comments?post=18494"}],"wp:featuredmedia":[{"embeddable":true,"href":"https:\/\/chilimag.hu\/webshop\/wp-json\/wp\/v2\/media\/18495"}],"wp:attachment":[{"href":"https:\/\/chilimag.hu\/webshop\/wp-json\/wp\/v2\/media?parent=18494"}],"wp:term":[{"taxonomy":"product_brand","embeddable":true,"href":"https:\/\/chilimag.hu\/webshop\/wp-json\/wp\/v2\/product_brand?post=18494"},{"taxonomy":"product_cat","embeddable":true,"href":"https:\/\/chilimag.hu\/webshop\/wp-json\/wp\/v2\/product_cat?post=18494"},{"taxonomy":"product_tag","embeddable":true,"href":"https:\/\/chilimag.hu\/webshop\/wp-json\/wp\/v2\/product_tag?post=18494"}],"curies":[{"name":"wp","href":"https:\/\/api.w.org\/{rel}","templated":true}]}}