{"id":18492,"date":"2022-09-28T15:56:25","date_gmt":"2022-09-28T15:56:25","guid":{"rendered":"https:\/\/chilimag.hu\/webshop\/?post_type=product&#038;p=18492"},"modified":"2025-08-11T09:36:05","modified_gmt":"2025-08-11T09:36:05","slug":"scarlett","status":"publish","type":"product","link":"https:\/\/chilimag.hu\/webshop\/termek\/scarlett\/","title":{"rendered":"Scarlet"},"content":{"rendered":"","protected":false},"excerpt":{"rendered":"<p><img decoding=\"async\" src=\"https:\/\/chilimag.hu\/webshop\/wp-content\/uploads\/2014\/11\/chilimag-logo-2-150x150.jpg\" \/><\/p>\n<p>&nbsp;<\/p>\n<p>Le\u00edr\u00e1s<\/p>\n<p>A Capsicum Annuum fajhoz tartoz\u00f3 Scarlett&#8217;s Chilli figyelemre m\u00e9lt\u00f3 tarka leveleket mutat be, amelyeket a feh\u00e9r, lila \u00e9s z\u00f6ld elb\u0171v\u00f6l\u0151 kever\u00e9ke d\u00edsz\u00edt. S\u00f6t\u00e9tlila gy\u00f6ngyszemeib\u0151l kiindul\u00f3 h\u00fcvelyei mag\u00e1val ragad\u00f3 \u00e1talakul\u00e1son mennek kereszt\u00fcl, amely egy \u00e9l\u00e9nk v\u00f6r\u00f6s \u00e1rnyalatban cs\u00facsosodik ki szesz\u00e9lyes lila cs\u00edkokkal.M\u00e9rs\u00e9kelt h\u0151fok\u00e1val a Scarlett&#8217;s Chilli kellemes meleget k\u00edn\u00e1l an\u00e9lk\u00fcl, hogy el\u00e1rasztan\u00e1 az \u00edzlel\u0151bimb\u00f3kat, \u00edgy az \u00e9telek \u00e9s \u00edzek sz\u00e9les v\u00e1laszt\u00e9k\u00e1hoz alkalmas. A Scoville-sk\u00e1la szerint 5000 \u00e9s 10 000+ SHU k\u00f6z\u00f6tt van.A 3 cm hossz\u00fa \u00e9s 1,5-2 cm sz\u00e9les h\u00fcvelyekkel a Scarlett&#8217;s Chilli vizu\u00e1lisan felt\u0171n\u0151 megjelen\u00e9st k\u00f6lcs\u00f6n\u00f6z. Tarka levelei, kieg\u00e9sz\u00edtve a s\u00f6t\u00e9tlil\u00e1b\u00f3l a ragyog\u00f3 v\u00f6r\u00f6sbe \u00e1tmen\u0151 h\u00fcvelyekkel, b\u00e1rmilyen kertben l\u00e1tv\u00e1nyos l\u00e1tv\u00e1nyt var\u00e1zsolnak.<\/p>\n<p>Gondoz\u00e1sa:A Scarlett&#8217;s Chilli termeszt\u00e9sekor biztos\u00edtson j\u00f3l v\u00edzelvezet\u0151 talajt \u00e9s elegend\u0151 napf\u00e9nyt az eg\u00e9szs\u00e9ges n\u00f6veked\u00e9s el\u0151seg\u00edt\u00e9se \u00e9rdek\u00e9ben. A rendszeres \u00f6nt\u00f6z\u00e9s \u00e9s tr\u00e1gy\u00e1z\u00e1s el\u0151seg\u00edti a term\u00e9keny term\u00e9st. Ezenk\u00edv\u00fcl metsz\u00e9sre lehet sz\u00fcks\u00e9g a n\u00f6v\u00e9ny alakj\u00e1nak meg\u0151rz\u00e9se \u00e9s a l\u00e9g\u00e1raml\u00e1s el\u0151seg\u00edt\u00e9se \u00e9rdek\u00e9ben, cs\u00f6kkentve ezzel a betegs\u00e9gek kock\u00e1zat\u00e1t. Megfelel\u0151 gondoz\u00e1s mellett ez az elb\u0171v\u00f6l\u0151 chilifajta b\u0151s\u00e9ges term\u00e9st \u00e9s az \u00e9rz\u00e9kszervek lakom\u00e1j\u00e1t \u00edg\u00e9ri.<\/p>\n<p>&nbsp;<\/p>\n<p>A csomag 10 szem magot tartalmaz<\/p>\n","protected":false},"featured_media":18493,"comment_status":"closed","ping_status":"closed","template":"","meta":[],"product_brand":[],"product_cat":[8],"product_tag":[],"class_list":{"0":"post-18492","1":"product","2":"type-product","3":"status-publish","4":"has-post-thumbnail","6":"product_cat-paprika","8":"first","9":"instock","10":"taxable","11":"shipping-taxable","12":"purchasable","13":"product-type-simple"},"_links":{"self":[{"href":"https:\/\/chilimag.hu\/webshop\/wp-json\/wp\/v2\/product\/18492","targetHints":{"allow":["GET"]}}],"collection":[{"href":"https:\/\/chilimag.hu\/webshop\/wp-json\/wp\/v2\/product"}],"about":[{"href":"https:\/\/chilimag.hu\/webshop\/wp-json\/wp\/v2\/types\/product"}],"replies":[{"embeddable":true,"href":"https:\/\/chilimag.hu\/webshop\/wp-json\/wp\/v2\/comments?post=18492"}],"wp:featuredmedia":[{"embeddable":true,"href":"https:\/\/chilimag.hu\/webshop\/wp-json\/wp\/v2\/media\/18493"}],"wp:attachment":[{"href":"https:\/\/chilimag.hu\/webshop\/wp-json\/wp\/v2\/media?parent=18492"}],"wp:term":[{"taxonomy":"product_brand","embeddable":true,"href":"https:\/\/chilimag.hu\/webshop\/wp-json\/wp\/v2\/product_brand?post=18492"},{"taxonomy":"product_cat","embeddable":true,"href":"https:\/\/chilimag.hu\/webshop\/wp-json\/wp\/v2\/product_cat?post=18492"},{"taxonomy":"product_tag","embeddable":true,"href":"https:\/\/chilimag.hu\/webshop\/wp-json\/wp\/v2\/product_tag?post=18492"}],"curies":[{"name":"wp","href":"https:\/\/api.w.org\/{rel}","templated":true}]}}