{"id":18488,"date":"2022-09-28T15:46:20","date_gmt":"2022-09-28T15:46:20","guid":{"rendered":"https:\/\/chilimag.hu\/webshop\/?post_type=product&#038;p=18488"},"modified":"2025-08-11T09:51:28","modified_gmt":"2025-08-11T09:51:28","slug":"trinidad-scorpion-moruga-white","status":"publish","type":"product","link":"https:\/\/chilimag.hu\/webshop\/termek\/trinidad-scorpion-moruga-white\/","title":{"rendered":"Trinidad Scorpion Moruga White"},"content":{"rendered":"","protected":false},"excerpt":{"rendered":"<p><img decoding=\"async\" src=\"https:\/\/chilimag.hu\/webshop\/wp-content\/uploads\/2014\/11\/chilimag-logo-2-150x150.jpg\" \/><\/p>\n<p>&nbsp;<\/p>\n<p>Le\u00edr\u00e1s<\/p>\n<p>A Trindad Scorpion Moruga White \u00a0Chili a Karib-t\u00e9rs\u00e9gb\u0151l sz\u00e1rmazik, \u00e9s a Trinidad Scorpion Moruga Chili egy fajt\u00e1ja, amely 2012-ben elnyerte a vil\u00e1g legforr\u00f3bb chilije c\u00edmet. A h\u00fcvelyek gy\u00f6ny\u00f6r\u0171 \u00a0feh\u00e9r kr\u00e9m sz\u00edn\u0171ek, \u00e9s ugyanolyan forr\u00f3ak. \u00e9s egy\u00e9rtelm\u0171en felismerhet\u0151 a chili hegyes v\u00e9g\u00e9n l\u00e9v\u0151 t\u00fcsk\u00e9j\u00e9r\u0151l. Nagyon arom\u00e1s \u00e9s gy\u00fcm\u00f6lcs\u00f6s \u00edz\u0171ek, sz\u00f3szokhoz \u00e9s sz\u00e1r\u00edt\u00e1shoz egyar\u00e1nt alkalmasak.<\/p>\n<p>Gondoz\u00e1sa: A cs\u00edr\u00e1z\u00e1si h\u0151m\u00e9rs\u00e9klet 22\u00b0C \u00e9s 30\u00b0C k\u00f6z\u00f6tt van (cs\u00edr\u00e1z\u00e1si id\u0151: 6-20 nap); ez\u00e9rt \u00fcvegh\u00e1z \u00e9s f\u0171t\u0151sz\u0151nyeg haszn\u00e1lata javasolt. A n\u00f6v\u00e9nyeknek friss, j\u00f3l tr\u00e1gy\u00e1zott v\u00edz\u00e1tereszt\u0151 talajra van sz\u00fcks\u00e9g\u00fck, \u00e9s nem szabad \u00e1ll\u00f3v\u00edzben hagyni. Napos, v\u00e9dett helyre kell helyezni, ahol legal\u00e1bb napi 6 \u00f3ra napf\u00e9ny \u00e9ri, ha nem t\u00f6bb. K\u00f6r\u00fclbel\u00fcl 2-3 h\u00e9ttel az utols\u00f3 fagy ut\u00e1n helyezze ki a n\u00f6v\u00e9nyeket a szabadba.<\/p>\n<p>T\u00edpus: Capsicum chinense<br \/>\n10+++ h\u0151fok<br \/>\nScoville \u00e1tlag 1,2 milli\u00f3 SHU<br \/>\nOptim\u00e1lis cs\u00edr\u00e1z\u00e1si h\u0151m\u00e9rs\u00e9klet 22 &#8211; 30 \u00b0C<br \/>\nVet\u00e9s jan-\u00e1pr<br \/>\nVir\u00e1gok feh\u00e9rek (j\u00fan.-aug.)<br \/>\nN\u00f6veked\u00e9si szok\u00e1sa bokros, 70-80 cm magas<br \/>\n\u00c9rlel\u00e9s Z\u00f6ldt\u0151l barackig<br \/>\nGy\u00fcm\u00f6lcs megjelen\u00e9se l\u00e1mp\u00e1s alak\u00fa, hegyes hegy\u0171, kb. 4 x 6 cm<br \/>\n\u00c9rlel\u00e9si id\u0151 90-120 nap<br \/>\nSz\u00e1rmaz\u00e1sa karib t\u00e9rs\u00e9g<\/p>\n<p>A \u00a0csomag 10 szem magot tartalmaz<\/p>\n","protected":false},"featured_media":18489,"comment_status":"closed","ping_status":"closed","template":"","meta":[],"product_brand":[],"product_cat":[8],"product_tag":[],"class_list":{"0":"post-18488","1":"product","2":"type-product","3":"status-publish","4":"has-post-thumbnail","6":"product_cat-paprika","8":"first","9":"instock","10":"taxable","11":"shipping-taxable","12":"purchasable","13":"product-type-simple"},"_links":{"self":[{"href":"https:\/\/chilimag.hu\/webshop\/wp-json\/wp\/v2\/product\/18488","targetHints":{"allow":["GET"]}}],"collection":[{"href":"https:\/\/chilimag.hu\/webshop\/wp-json\/wp\/v2\/product"}],"about":[{"href":"https:\/\/chilimag.hu\/webshop\/wp-json\/wp\/v2\/types\/product"}],"replies":[{"embeddable":true,"href":"https:\/\/chilimag.hu\/webshop\/wp-json\/wp\/v2\/comments?post=18488"}],"wp:featuredmedia":[{"embeddable":true,"href":"https:\/\/chilimag.hu\/webshop\/wp-json\/wp\/v2\/media\/18489"}],"wp:attachment":[{"href":"https:\/\/chilimag.hu\/webshop\/wp-json\/wp\/v2\/media?parent=18488"}],"wp:term":[{"taxonomy":"product_brand","embeddable":true,"href":"https:\/\/chilimag.hu\/webshop\/wp-json\/wp\/v2\/product_brand?post=18488"},{"taxonomy":"product_cat","embeddable":true,"href":"https:\/\/chilimag.hu\/webshop\/wp-json\/wp\/v2\/product_cat?post=18488"},{"taxonomy":"product_tag","embeddable":true,"href":"https:\/\/chilimag.hu\/webshop\/wp-json\/wp\/v2\/product_tag?post=18488"}],"curies":[{"name":"wp","href":"https:\/\/api.w.org\/{rel}","templated":true}]}}