{"id":18431,"date":"2022-09-13T18:17:58","date_gmt":"2022-09-13T18:17:58","guid":{"rendered":"https:\/\/chilimag.hu\/webshop\/?post_type=product&#038;p=18431"},"modified":"2026-02-15T16:36:56","modified_gmt":"2026-02-15T16:36:56","slug":"vitaflora-citrus-0-5l-10","status":"publish","type":"product","link":"https:\/\/chilimag.hu\/webshop\/termek\/vitaflora-citrus-0-5l-10\/","title":{"rendered":"Vitafl\u00f3ra Citrus 0.5L"},"content":{"rendered":"","protected":false},"excerpt":{"rendered":"<p>A Vitafl\u00f3ra Citrusf\u00e9l\u00e9k t\u00e1poldat tartalmazza a n\u00f6v\u00e9ny er\u0151teljes, eg\u00e9szs\u00e9ges fejl\u0151d\u00e9s\u00e9hez, intenz\u00edv vir\u00e1gz\u00e1s\u00e1hoz \u00e9s az \u00edzletes gy\u00fcm\u00f6lcs \u00e9r\u00e9s\u00e9hez sz\u00fcks\u00e9ges valamennyi t\u00e1panyagot \u00e9s mikroelemet. Rendszeres haszn\u00e1lat\u00e1t a n\u00f6v\u00e9ny \u00fcde z\u00f6ld lombozattal, illatos, intenz\u00edv sz\u00edn\u0171 vir\u00e1gokkal \u00e9s zamatos gy\u00fcm\u00f6lcs\u00f6kkel h\u00e1l\u00e1lja meg.<\/p>\n","protected":false},"featured_media":18432,"comment_status":"closed","ping_status":"closed","template":"","meta":[],"product_brand":[],"product_cat":[391],"product_tag":[],"class_list":{"0":"post-18431","1":"product","2":"type-product","3":"status-publish","4":"has-post-thumbnail","6":"product_cat-egyeb-tapoldatok","8":"first","9":"outofstock","10":"taxable","11":"shipping-taxable","12":"purchasable","13":"product-type-simple"},"_links":{"self":[{"href":"https:\/\/chilimag.hu\/webshop\/wp-json\/wp\/v2\/product\/18431","targetHints":{"allow":["GET"]}}],"collection":[{"href":"https:\/\/chilimag.hu\/webshop\/wp-json\/wp\/v2\/product"}],"about":[{"href":"https:\/\/chilimag.hu\/webshop\/wp-json\/wp\/v2\/types\/product"}],"replies":[{"embeddable":true,"href":"https:\/\/chilimag.hu\/webshop\/wp-json\/wp\/v2\/comments?post=18431"}],"wp:featuredmedia":[{"embeddable":true,"href":"https:\/\/chilimag.hu\/webshop\/wp-json\/wp\/v2\/media\/18432"}],"wp:attachment":[{"href":"https:\/\/chilimag.hu\/webshop\/wp-json\/wp\/v2\/media?parent=18431"}],"wp:term":[{"taxonomy":"product_brand","embeddable":true,"href":"https:\/\/chilimag.hu\/webshop\/wp-json\/wp\/v2\/product_brand?post=18431"},{"taxonomy":"product_cat","embeddable":true,"href":"https:\/\/chilimag.hu\/webshop\/wp-json\/wp\/v2\/product_cat?post=18431"},{"taxonomy":"product_tag","embeddable":true,"href":"https:\/\/chilimag.hu\/webshop\/wp-json\/wp\/v2\/product_tag?post=18431"}],"curies":[{"name":"wp","href":"https:\/\/api.w.org\/{rel}","templated":true}]}}