{"id":18222,"date":"2022-06-25T16:26:47","date_gmt":"2022-06-25T16:26:47","guid":{"rendered":"https:\/\/chilimag.hu\/webshop\/?post_type=product&#038;p=18222"},"modified":"2026-02-10T06:22:14","modified_gmt":"2026-02-10T06:22:14","slug":"substral-osmocote-tabletta-viragzo-es-zold-novenyhez-10db-cs","status":"publish","type":"product","link":"https:\/\/chilimag.hu\/webshop\/termek\/substral-osmocote-tabletta-viragzo-es-zold-novenyhez-10db-cs\/","title":{"rendered":"Substral Osmocote tabletta vir\u00e1gz\u00f3 \u00e9s z\u00f6ld n\u00f6v\u00e9nyhez 10db\/cs"},"content":{"rendered":"","protected":false},"excerpt":{"rendered":"<p>ubstral Osmocote hossz\u00fa hat\u00e1startam\u00fa tabletta vir\u00e1gz\u00f3- \u00e9s z\u00f6ld n\u00f6v\u00e9nyekhez 10 db. NPK(MgO) m\u0171tr\u00e1gya, 20-7-12(-2,4). Alacsony kloridtartalom. \u00c9vente egyszer m\u0171tr\u00e1gy\u00e1zni. Kett\u0151s hat\u00e1s: azonnali \u00e9s 6 h\u00f3napos hossz\u00fa t\u00e1v\u00fa. Alkalmazhat\u00f3: febru\u00e1rt\u00f3l augusztusig.<\/p>\n","protected":false},"featured_media":18223,"comment_status":"closed","ping_status":"closed","template":"","meta":[],"product_brand":[],"product_cat":[391],"product_tag":[],"class_list":{"0":"post-18222","1":"product","2":"type-product","3":"status-publish","4":"has-post-thumbnail","6":"product_cat-egyeb-tapoldatok","8":"first","9":"instock","10":"taxable","11":"shipping-taxable","12":"purchasable","13":"product-type-simple"},"_links":{"self":[{"href":"https:\/\/chilimag.hu\/webshop\/wp-json\/wp\/v2\/product\/18222","targetHints":{"allow":["GET"]}}],"collection":[{"href":"https:\/\/chilimag.hu\/webshop\/wp-json\/wp\/v2\/product"}],"about":[{"href":"https:\/\/chilimag.hu\/webshop\/wp-json\/wp\/v2\/types\/product"}],"replies":[{"embeddable":true,"href":"https:\/\/chilimag.hu\/webshop\/wp-json\/wp\/v2\/comments?post=18222"}],"wp:featuredmedia":[{"embeddable":true,"href":"https:\/\/chilimag.hu\/webshop\/wp-json\/wp\/v2\/media\/18223"}],"wp:attachment":[{"href":"https:\/\/chilimag.hu\/webshop\/wp-json\/wp\/v2\/media?parent=18222"}],"wp:term":[{"taxonomy":"product_brand","embeddable":true,"href":"https:\/\/chilimag.hu\/webshop\/wp-json\/wp\/v2\/product_brand?post=18222"},{"taxonomy":"product_cat","embeddable":true,"href":"https:\/\/chilimag.hu\/webshop\/wp-json\/wp\/v2\/product_cat?post=18222"},{"taxonomy":"product_tag","embeddable":true,"href":"https:\/\/chilimag.hu\/webshop\/wp-json\/wp\/v2\/product_tag?post=18222"}],"curies":[{"name":"wp","href":"https:\/\/api.w.org\/{rel}","templated":true}]}}