{"id":18208,"date":"2022-06-25T15:07:54","date_gmt":"2022-06-25T15:07:54","guid":{"rendered":"https:\/\/chilimag.hu\/webshop\/?post_type=product&#038;p=18208"},"modified":"2025-03-26T18:17:21","modified_gmt":"2025-03-26T18:17:21","slug":"glialka-express-6h-3l","status":"publish","type":"product","link":"https:\/\/chilimag.hu\/webshop\/termek\/glialka-express-6h-3l\/","title":{"rendered":"Glialka Express 6H 3L"},"content":{"rendered":"<p>&nbsp;<\/p>\n<p>&nbsp;<\/p>\n<p>&nbsp;<\/p>\n<p>&nbsp;<\/p>\n<p>&nbsp;<\/p>\n<p>&nbsp;<\/p>\n<p>&nbsp;<\/p>\n","protected":false},"excerpt":{"rendered":"<p><strong>Tot\u00e1lis\u00a0gyom\u00edrt\u00f3 szer.<\/strong><\/p>\n<p><strong>Adagol\u00e1sa:\u00a0k\u00e9szre kevert<\/strong><\/p>\n<p><strong>Hat\u00f3anyag: 9,6 g\/l glifoz\u00e1t-izopropilamin s\u00f3<br \/>\n<\/strong><\/p>\n<p><strong>Forgalmaz\u00e1si kateg\u00f3ria: III (szabad forgam\u00fa)<\/strong><\/p>\n<div>Pump\u00e1s permetez\u0151, palackban kiszerelt tot\u00e1lis gyomirt\u00f3 szer.<br \/>\nMinden magr\u00f3l kel\u0151 \u00e9s \u00e9vel\u0151 egy- \u00e9s k\u00e9tszik\u0171 gyomn\u00f6v\u00e9nyt elpuszt\u00edt.A term\u00e9k el\u0151nye, hogy nem kell permetlevet k\u00e9sz\u00edteni, csak a palack tartalm\u00e1t kell a gyomn\u00f6v\u00e9nyre f\u00fajni, teh\u00e1t ez egy k\u00e9nyelmi term\u00e9k, amit nem kell h\u00edgitani, v\u00edzzel keverni.Felhaszn\u00e1lhat\u00f3 minden 3 \u00e9vesn\u00e9l ido\u030bsebb gy\u00fcm\u00f6lcs\u00f6sben, szo\u030blo\u030bben, vir\u00e1g\u00e1gy\u00e1s telep\u00edt\u00e9se elo\u030btt, gyep vet\u00e9se elo\u030btt, erd\u00e9szet, k\u00f6zter\u00fclet vagy nem mu\u030bvelt ter\u00fcleteken, mint p\u00e9ld\u00e1ul gyalog \u00fat, j\u00e1rda, udvar, terasz.A k\u00e9sz\u00edtm\u00e9nyt a magr\u00f3l kelo\u030b gyomn\u00f6v\u00e9nyek t\u00f6meges kel\u00e9sekor, azok 2-4 leveles \u00e1llapot\u00e1ban c\u00e9lszeru\u030b kijuttatni. \u00c9velo\u030bk eset\u00e9ben az intenz\u00edv n\u00f6veked\u00e9si (vir\u00e1gbimb\u00f3s) szakaszban kell a kezel\u00e9seket elv\u00e9gezni \u00fagy, hogy a permetezo\u030bpalack sz\u00f3r\u00f3fej\u00e9t a kiirtand\u00f3 gyomn\u00f6v\u00e9nyekre ir\u00e1ny\u00edtva, 30-50 centim\u00e9ter t\u00e1vols\u00e1gb\u00f3l kell a n\u00f6v\u00e9nyeket lepermetezni. A j\u00f3 gyomirt\u00f3 hat\u00e1s \u00e9rdek\u00e9ben fontos, hogy a n\u00f6v\u00e9nyek minden oldalr\u00f3l egyenletesen bor\u00edtva legyenek a permetl\u00e9vel. A kezelt n\u00f6v\u00e9nyek \u00e9rz\u00e9kenys\u00e9g\u00fck \u00e9s az ido\u030bj\u00e1r\u00e1si k\u00f6r\u00fclm\u00e9nyek f\u00fcggv\u00e9ny\u00e9ben 1-3 h\u00e9t alatt pusztulnak el.<\/p>\n<\/div>\n","protected":false},"featured_media":18209,"comment_status":"closed","ping_status":"closed","template":"","meta":[],"product_brand":[],"product_cat":[391],"product_tag":[],"class_list":{"0":"post-18208","1":"product","2":"type-product","3":"status-publish","4":"has-post-thumbnail","6":"product_cat-egyeb-tapoldatok","8":"first","9":"outofstock","10":"taxable","11":"shipping-taxable","12":"purchasable","13":"product-type-simple"},"_links":{"self":[{"href":"https:\/\/chilimag.hu\/webshop\/wp-json\/wp\/v2\/product\/18208","targetHints":{"allow":["GET"]}}],"collection":[{"href":"https:\/\/chilimag.hu\/webshop\/wp-json\/wp\/v2\/product"}],"about":[{"href":"https:\/\/chilimag.hu\/webshop\/wp-json\/wp\/v2\/types\/product"}],"replies":[{"embeddable":true,"href":"https:\/\/chilimag.hu\/webshop\/wp-json\/wp\/v2\/comments?post=18208"}],"wp:featuredmedia":[{"embeddable":true,"href":"https:\/\/chilimag.hu\/webshop\/wp-json\/wp\/v2\/media\/18209"}],"wp:attachment":[{"href":"https:\/\/chilimag.hu\/webshop\/wp-json\/wp\/v2\/media?parent=18208"}],"wp:term":[{"taxonomy":"product_brand","embeddable":true,"href":"https:\/\/chilimag.hu\/webshop\/wp-json\/wp\/v2\/product_brand?post=18208"},{"taxonomy":"product_cat","embeddable":true,"href":"https:\/\/chilimag.hu\/webshop\/wp-json\/wp\/v2\/product_cat?post=18208"},{"taxonomy":"product_tag","embeddable":true,"href":"https:\/\/chilimag.hu\/webshop\/wp-json\/wp\/v2\/product_tag?post=18208"}],"curies":[{"name":"wp","href":"https:\/\/api.w.org\/{rel}","templated":true}]}}