{"id":18205,"date":"2022-06-24T05:11:11","date_gmt":"2022-06-24T05:11:11","guid":{"rendered":"https:\/\/chilimag.hu\/webshop\/?post_type=product&#038;p=18205"},"modified":"2026-03-17T21:06:47","modified_gmt":"2026-03-17T21:06:47","slug":"ujrahasznositott-muanyagbol-keszult-mini-uveghaz-l-gt253","status":"publish","type":"product","link":"https:\/\/chilimag.hu\/webshop\/termek\/ujrahasznositott-muanyagbol-keszult-mini-uveghaz-l-gt253\/","title":{"rendered":"\u00dajrahasznos\u00edtott m\u0171anyagb\u00f3l k\u00e9sz\u00fclt mini \u00fcvegh\u00e1z, L (GT253)"},"content":{"rendered":"","protected":false},"excerpt":{"rendered":"<p>\u00dajrahasznos\u00edtott m\u0171anyagb\u00f3l k\u00e9sz\u00fclt mini \u00fcvegh\u00e1z, L m\u00e9retben a vir\u00e1g- \u00e9s z\u00f6lds\u00e9gpal\u00e1nt\u00e1k el\u0151nevel\u00e9s\u00e9hez. A pal\u00e1ntanevel\u0151 az \u00e1ttetsz\u0151 fed\u00e9lnek k\u00f6sz\u00f6nhet\u0151en mini melegh\u00e1zk\u00e9nt m\u0171k\u00f6dik, a cs\u00edr\u00e1z\u00e1shoz \u00e9s a n\u00f6veked\u00e9shez sz\u00fcks\u00e9ges f\u00e9nyt \u00e1tengedve, de tov\u00e1bb meg\u0151rizve a talajnedvess\u00e9get. A szell\u0151z\u00e9st a fed\u00e9l tetej\u00e9n k\u00f6nnyen \u00e1ll\u00edthatod, \u00edgy biztos\u00edthatod a megfelel\u0151 mikrokl\u00edm\u00e1t is. Remek v\u00e1laszt\u00e1s, ha t\u00f6k\u00e9letesen szeretn\u00e9l gondoskodni a kis n\u00f6v\u00e9nyek fejl\u0151d\u00e9s\u00e9r\u0151l! Tipp\u00fcnk: tegy\u00e9l a mini \u00fcvegh\u00e1zba biol\u00f3giailag leboml\u00f3 pap\u00edr pal\u00e1ntanevel\u0151 cserepeket, \u00e9s m\u00e1ris m\u00e9g egy l\u00e9p\u00e9st tehetsz a k\u00f6rnyezettudatoss\u00e1g fel\u00e9!<\/p>\n<p>&nbsp;<\/p>\n<p>M\u00e9retei: magass\u00e1g: 10,2\u00a0cm, hossz\u00fas\u00e1g: 29,8 cm, sz\u00e9less\u00e9g:19,8\u00a0cm.<\/p>\n","protected":false},"featured_media":18206,"comment_status":"closed","ping_status":"closed","template":"","meta":[],"product_brand":[],"product_cat":[336],"product_tag":[],"class_list":{"0":"post-18205","1":"product","2":"type-product","3":"status-publish","4":"has-post-thumbnail","6":"product_cat-vetotalcak-ulteto-cserepek-es-palanta-nevelok","8":"first","9":"instock","10":"taxable","11":"shipping-taxable","12":"purchasable","13":"product-type-simple"},"_links":{"self":[{"href":"https:\/\/chilimag.hu\/webshop\/wp-json\/wp\/v2\/product\/18205","targetHints":{"allow":["GET"]}}],"collection":[{"href":"https:\/\/chilimag.hu\/webshop\/wp-json\/wp\/v2\/product"}],"about":[{"href":"https:\/\/chilimag.hu\/webshop\/wp-json\/wp\/v2\/types\/product"}],"replies":[{"embeddable":true,"href":"https:\/\/chilimag.hu\/webshop\/wp-json\/wp\/v2\/comments?post=18205"}],"wp:featuredmedia":[{"embeddable":true,"href":"https:\/\/chilimag.hu\/webshop\/wp-json\/wp\/v2\/media\/18206"}],"wp:attachment":[{"href":"https:\/\/chilimag.hu\/webshop\/wp-json\/wp\/v2\/media?parent=18205"}],"wp:term":[{"taxonomy":"product_brand","embeddable":true,"href":"https:\/\/chilimag.hu\/webshop\/wp-json\/wp\/v2\/product_brand?post=18205"},{"taxonomy":"product_cat","embeddable":true,"href":"https:\/\/chilimag.hu\/webshop\/wp-json\/wp\/v2\/product_cat?post=18205"},{"taxonomy":"product_tag","embeddable":true,"href":"https:\/\/chilimag.hu\/webshop\/wp-json\/wp\/v2\/product_tag?post=18205"}],"curies":[{"name":"wp","href":"https:\/\/api.w.org\/{rel}","templated":true}]}}