{"id":18096,"date":"2022-05-06T19:14:51","date_gmt":"2022-05-06T19:14:51","guid":{"rendered":"https:\/\/chilimag.hu\/webshop\/?post_type=product&#038;p=18096"},"modified":"2023-07-19T04:49:15","modified_gmt":"2023-07-19T04:49:15","slug":"fitohorm-rez-63-cu-1l","status":"publish","type":"product","link":"https:\/\/chilimag.hu\/webshop\/termek\/fitohorm-rez-63-cu-1l\/","title":{"rendered":"Fitohorm R\u00e9z (63 Cu) 1L"},"content":{"rendered":"","protected":false},"excerpt":{"rendered":"<p>A\u00a0<strong>FitoHorm 63 Cu<\/strong>\u00a0r\u00e9zoldat foly\u00e9kony, j\u00f3l kezelhet\u0151 form\u00e1tum\u00fa k\u00e9sz\u00edtm\u00e9ny. Kelatiz\u00e1lt r\u00e9ztartalma biztos\u00edtja a r\u00e9z lev\u00e9len kereszt\u00fcl megval\u00f3sul\u00f3 hat\u00e9kony felv\u00e9tel\u00e9t, n\u00f6v\u00e9nybe t\u00f6rt\u00e9n\u0151 be\u00e9p\u00fcl\u00e9s\u00e9t, lehet\u0151v\u00e9 t\u00e9ve a t\u00e1pelemhi\u00e1ny megel\u0151z\u00e9s\u00e9t, illetve gyors \u00e9s eredm\u00e9nyes orvosl\u00e1s\u00e1t.<br \/>\nR\u00e9zhi\u00e1ny okozza a kal\u00e1szosok (zab, \u00e1rpa, b\u00faza) \u00fan. \u201cfeh\u00e9rkal\u00e1sz\u00fas\u00e1g\u00e1t\u201d, amikor a levelek majd s\u00falyosabb esetben a kal\u00e1szok is kifeh\u00e9rednek, elsz\u00e1radnak. Mindez az el\u00e9gtelen r\u00e9zell\u00e1t\u00e1s k\u00f6vetkezt\u00e9ben kialakul\u00f3 akad\u00e1lyozott v\u00edzsz\u00e1ll\u00edt\u00e1snak tulajdon\u00edthat\u00f3. R\u00e9z hi\u00e1ny\u00e1ban gyeng\u00fclnek a n\u00f6v\u00e9nyi sz\u00f6vetek, ami n\u00f6veli a megd\u0151l\u00e9s vesz\u00e9ly\u00e9t. Meszezett \u00e9s sok nitrog\u00e9nt tartalmaz\u00f3 talajb\u00f3l felv\u00e9tele k\u00fcl\u00f6n\u00f6sk\u00e9ppen akad\u00e1lyozott.<\/p>\n<p>EK-m\u0171tr\u00e1gya<br \/>\nKel\u00e1tk\u00e9pz\u0151: EDDHS<\/p>\n<section class=\"elementor-section elementor-top-section elementor-element elementor-element-f50e826 elementor-section-boxed elementor-section-height-default elementor-section-height-default\" data-id=\"f50e826\" data-element_type=\"section\">\n<div class=\"elementor-container elementor-column-gap-default\">\n<div class=\"elementor-row\">\n<div class=\"elementor-column elementor-col-50 elementor-top-column elementor-element elementor-element-6eafe7f\" data-id=\"6eafe7f\" data-element_type=\"column\">\n<div class=\"elementor-column-wrap elementor-element-populated\">\n<div class=\"elementor-widget-wrap\">\n<div class=\"elementor-element elementor-element-f5f200d elementor-widget elementor-widget-text-editor animated fadeIn\" data-id=\"f5f200d\" data-element_type=\"widget\" data-settings=\"{&quot;_animation&quot;:&quot;fadeIn&quot;}\" data-widget_type=\"text-editor.default\">\n<div class=\"elementor-widget-container\">\n<div class=\"elementor-text-editor elementor-clearfix\">\n<div class=\"elementor-element elementor-element-wdu12db elementor-widget elementor-widget-text-editor\" data-id=\"wdu12db\" data-element_type=\"widget\" data-widget_type=\"text-editor.default\">\n<div class=\"elementor-widget-container\">\n<div class=\"elementor-text-editor elementor-clearfix\">\n<div class=\"elementor-element elementor-element-dpknsit elementor-widget elementor-widget-text-editor\" data-id=\"dpknsit\" data-element_type=\"widget\" data-widget_type=\"text-editor.default\">\n<div class=\"elementor-widget-container\">\n<div class=\"elementor-text-editor elementor-clearfix\">\n<div class=\"elementor-element elementor-element-ldutwse elementor-widget elementor-widget-text-editor\" data-id=\"ldutwse\" data-element_type=\"widget\" data-widget_type=\"text-editor.default\">\n<div class=\"elementor-widget-container\">\n<div class=\"elementor-text-editor elementor-clearfix\">\n<p><strong>Felhaszn\u00e1l\u00e1si javaslat:<\/strong><br \/>\nlev\u00e9ltr\u00e1gy\u00e1z\u00e1sra: 4 l\/ha\/alkalom, h\u00e1zikertben 1-2 %-os t\u00f6m\u00e9nys\u00e9gben (1-2 dl\/10 l v\u00edz)<br \/>\nt\u00e1poldatoz\u00e1sra: 0,1-0,5 %-os t\u00f6m\u00e9nys\u00e9gben (1-5 l \/1000 l v\u00edz)<br \/>\nA kezel\u00e9seket a t\u00e1panyaghi\u00e1ny m\u00e9rt\u00e9k\u00e9nek megfelel\u0151en 2-6 alkalommal ism\u00e9telni lehet a teny\u00e9szid\u0151szak folyam\u00e1n.<\/p>\n<\/div>\n<\/div>\n<\/div>\n<\/div>\n<\/div>\n<\/div>\n<\/div>\n<\/div>\n<\/div>\n<\/div>\n<\/div>\n<\/div>\n<\/div>\n<\/div>\n<\/div>\n<div class=\"elementor-column elementor-col-50 elementor-top-column elementor-element elementor-element-9e386c4\" data-id=\"9e386c4\" data-element_type=\"column\">\n<div class=\"elementor-column-wrap elementor-element-populated\">\n<div class=\"elementor-widget-wrap\">\n<div class=\"elementor-element elementor-element-8d4eaac animated-slow elementor-widget elementor-widget-image animated fadeInRight\" data-id=\"8d4eaac\" data-element_type=\"widget\" data-settings=\"{&quot;_animation&quot;:&quot;fadeInRight&quot;}\" data-widget_type=\"image.default\">\n<div class=\"elementor-widget-container\">\n<div class=\"elementor-image\"><\/div>\n<\/div>\n<\/div>\n<div class=\"elementor-element elementor-element-bf7fb70 elementor-widget elementor-widget-heading animated fadeIn\" data-id=\"bf7fb70\" data-element_type=\"widget\" data-settings=\"{&quot;_animation&quot;:&quot;fadeIn&quot;}\" data-widget_type=\"heading.default\">\n<div class=\"elementor-widget-container\">\n<h2 class=\"elementor-heading-title elementor-size-default\">Felhaszn\u00e1l\u00e1si javaslat: 4 liter\/ha<\/h2>\n<\/div>\n<\/div>\n<\/div>\n<\/div>\n<\/div>\n<\/div>\n<\/div>\n<\/section>\n<section class=\"elementor-section elementor-top-section elementor-element elementor-element-58eb7a1 elementor-section-boxed elementor-section-height-default elementor-section-height-default\" data-id=\"58eb7a1\" data-element_type=\"section\">\n<div class=\"elementor-container elementor-column-gap-default\">\n<div class=\"elementor-row\">\n<div class=\"elementor-column elementor-col-100 elementor-top-column elementor-element elementor-element-fd4eb16\" data-id=\"fd4eb16\" data-element_type=\"column\">\n<div class=\"elementor-column-wrap elementor-element-populated\">\n<div class=\"elementor-widget-wrap\">\n<div class=\"elementor-element elementor-element-81f6064 elementor-widget elementor-widget-text-editor\" data-id=\"81f6064\" data-element_type=\"widget\" data-widget_type=\"text-editor.default\">\n<div class=\"elementor-widget-container\">\n<div class=\"elementor-text-editor elementor-clearfix\">\n<p><strong>\u00d6sszet\u00e9tel:<\/strong><br \/>\nCu: 4%<\/p>\n<p><strong>D\u00f3zis:<\/strong>\u00a04 l\/ha<\/p>\n<p><strong>Eltarthat\u00f3s\u00e1g:<\/strong>eredeti, z\u00e1rt csomagol\u00e1sban, \u00e9telt\u0151l, italt\u00f3l, takarm\u00e1nyt\u00f3l elk\u00fcl\u00f6n\u00edtve, sz\u00e1raz, fedett, h\u0171v\u00f6s \u2013 de fagymentes \u2013 helyen korl\u00e1tlan ideig eltarthat\u00f3.<\/p>\n<p><strong>Figyelem!<\/strong><br \/>\nA lombtr\u00e1gy\u00e1z\u00e1s eset\u00e9n is be kell tartani a permetez\u00e9s alapvet\u0151 szab\u00e1lyait.<br \/>\nN\u00f6v\u00e9nyv\u00e9d\u0151 szerekkel \u00e1ltal\u00e1ban egy\u00fctt is alkalmazhat\u00f3, de a keverhet\u0151s\u00e9get el\u0151z\u0151leg javasol-juk megvizsg\u00e1lni. \u00d3vatos munk\u00e1val ker\u00fclni kell a szer elfoly\u00e1s\u00e1t, elcsepeg\u00e9s\u00e9t, a t\u00f6m\u00e9ny szer szembe, b\u0151rre jut\u00e1s\u00e1t, esetleges lenyel\u00e9s\u00e9t.<br \/>\nA szembe vagy b\u0151rfel\u00fcletre ker\u00fclt szert b\u0151 v\u00edzzel le kell mosni!<br \/>\nTilos a k\u00e9sz\u00edtm\u00e9nyt \u00e9s csomagol\u00f3anyag\u00e1t foly\u00f3kba, tavakba, vagy v\u00edzt\u00e1roz\u00f3kba juttatni.<\/p>\n<\/div>\n<\/div>\n<\/div>\n<\/div>\n<\/div>\n<\/div>\n<\/div>\n<\/div>\n<\/section>\n<p>&nbsp;<\/p>\n","protected":false},"featured_media":18097,"comment_status":"closed","ping_status":"closed","template":"","meta":[],"product_brand":[],"product_cat":[389],"product_tag":[],"class_list":{"0":"post-18096","1":"product","2":"type-product","3":"status-publish","4":"has-post-thumbnail","6":"product_cat-fitohorm","8":"first","9":"instock","10":"taxable","11":"shipping-taxable","12":"purchasable","13":"product-type-simple"},"_links":{"self":[{"href":"https:\/\/chilimag.hu\/webshop\/wp-json\/wp\/v2\/product\/18096","targetHints":{"allow":["GET"]}}],"collection":[{"href":"https:\/\/chilimag.hu\/webshop\/wp-json\/wp\/v2\/product"}],"about":[{"href":"https:\/\/chilimag.hu\/webshop\/wp-json\/wp\/v2\/types\/product"}],"replies":[{"embeddable":true,"href":"https:\/\/chilimag.hu\/webshop\/wp-json\/wp\/v2\/comments?post=18096"}],"wp:featuredmedia":[{"embeddable":true,"href":"https:\/\/chilimag.hu\/webshop\/wp-json\/wp\/v2\/media\/18097"}],"wp:attachment":[{"href":"https:\/\/chilimag.hu\/webshop\/wp-json\/wp\/v2\/media?parent=18096"}],"wp:term":[{"taxonomy":"product_brand","embeddable":true,"href":"https:\/\/chilimag.hu\/webshop\/wp-json\/wp\/v2\/product_brand?post=18096"},{"taxonomy":"product_cat","embeddable":true,"href":"https:\/\/chilimag.hu\/webshop\/wp-json\/wp\/v2\/product_cat?post=18096"},{"taxonomy":"product_tag","embeddable":true,"href":"https:\/\/chilimag.hu\/webshop\/wp-json\/wp\/v2\/product_tag?post=18096"}],"curies":[{"name":"wp","href":"https:\/\/api.w.org\/{rel}","templated":true}]}}