{"id":18092,"date":"2022-05-06T19:08:59","date_gmt":"2022-05-06T19:08:59","guid":{"rendered":"https:\/\/chilimag.hu\/webshop\/?post_type=product&#038;p=18092"},"modified":"2023-07-19T04:48:46","modified_gmt":"2023-07-19T04:48:46","slug":"fitohorm-mangan-1-l","status":"publish","type":"product","link":"https:\/\/chilimag.hu\/webshop\/termek\/fitohorm-mangan-1-l\/","title":{"rendered":"Fitohorm Mang\u00e1n (54 Mn) 1 L"},"content":{"rendered":"","protected":false},"excerpt":{"rendered":"<p>A\u00a0mang\u00e1n\u00a0fontos szerepet j\u00e1tszik a fotoszint\u00e9zisben, a feh\u00e9rje- \u00e9s sz\u00e9nhidr\u00e1tk\u00e9pz\u00e9sben, a szil\u00e1rd\u00edt\u00f3 elemek k\u00e9pz\u0151d\u00e9s\u00e9ben. L\u00fagos talajon a n\u00f6v\u00e9nyek mang\u00e1n felv\u00e9tele g\u00e1tolt. A hossz\u00fa, tart\u00f3s sz\u00e1razs\u00e1g, a talajt\u00f6m\u00f6r\u00f6d\u00e9s, a belv\u00edz, illetve a meszez\u00e9st k\u00f6vet\u0151 id\u0151szak a legt\u00f6bb esetben ugyancsak mang\u00e1nhi\u00e1nyt eredm\u00e9nyez<\/p>\n<div class=\"elementor-element elementor-element-f5f200d elementor-widget elementor-widget-text-editor animated fadeIn\" data-id=\"f5f200d\" data-element_type=\"widget\" data-settings=\"{&quot;_animation&quot;:&quot;fadeIn&quot;}\" data-widget_type=\"text-editor.default\">\n<div class=\"elementor-widget-container\">\n<div class=\"elementor-text-editor elementor-clearfix\">\n<div class=\"elementor-element elementor-element-hvekgmh elementor-widget elementor-widget-text-editor\" data-id=\"hvekgmh\" data-element_type=\"widget\" data-widget_type=\"text-editor.default\">\n<div class=\"elementor-widget-container\">\n<div class=\"elementor-text-editor elementor-clearfix\">\n<p>A mang\u00e1nhi\u00e1nyos sejtekben a klorofill lebomlik. \u00cdgy a sejtek elvesz\u00edtik z\u00f6ld sz\u00ed\u00fcket, \u00e9s a kisebb erek k\u00f6z\u00f6tt el\u0151sz\u00f6r halv\u00e1ny- vagy s\u00e1rg\u00e1sz\u00f6ld, apr\u00f3, pontszer\u0171 nekr\u00f3zisok keletkeznek, amelyek kezdetben az erekt\u0151l t\u00e1volabbi z\u00f3n\u00e1kra korl\u00e1toz\u00f3dnak, r\u00e1es\u0151 f\u00e9nyben vil\u00e1gos pettyeknek mutatkoznak. A foltok s\u00e1rg\u00e1sfeh\u00e9rr\u00e9 sz\u00ednez\u0151dnek el.<\/p>\n<\/div>\n<\/div>\n<\/div>\n<\/div>\n<\/div>\n<\/div>\n<div class=\"elementor-element elementor-element-a93a120 elementor-widget elementor-widget-text-editor animated fadeIn\" data-id=\"a93a120\" data-element_type=\"widget\" data-settings=\"{&quot;_animation&quot;:&quot;fadeIn&quot;}\" data-widget_type=\"text-editor.default\">\n<div class=\"elementor-widget-container\">\n<div class=\"elementor-text-editor elementor-clearfix\">\n<div class=\"elementor-element elementor-element-hvekgmh elementor-widget elementor-widget-text-editor\" data-id=\"hvekgmh\" data-element_type=\"widget\" data-widget_type=\"text-editor.default\">\n<div class=\"elementor-widget-container\">\n<div class=\"elementor-text-editor elementor-clearfix\">\n<p>Tart\u00f3s hi\u00e1ny eset\u00e9n a levelek finom erezete is klorotikuss\u00e1 v\u00e1lik, csak a lev\u00e9l alapi r\u00e9sz\u00e9n marad meg a f\u0151\u00e9r k\u00f6r\u00fcl egy keskeny z\u00f6ld szeg\u00e9ly. A mang\u00e1nhi\u00e1nyt\u00fcnetek t\u00f6bbnyire a fiatalabb vagy k\u00f6zepes kor\u00fa leveleken \u00e9szlelhet\u0151k, a leger\u0151sebben a t\u0151alaphoz k\u00f6zelebbi leveleken jelentkeznek. Ha nagym\u00e9rv\u0171 a mang\u00e1nhi\u00e1ny okozta n\u00f6veked\u00e9sg\u00e1tl\u00e1s, cs\u00f6kkent vir\u00e1g- \u00e9s gy\u00fcm\u00f6lcsk\u00e9pz\u00e9s, gyenge lev\u00e9l- \u00e9s gy\u00f6k\u00e9rn\u00f6veked\u00e9s is megfigyelhet\u0151.<\/p>\n<\/div>\n<\/div>\n<\/div>\n<\/div>\n<\/div>\n<\/div>\n<p>&nbsp;<\/p>\n","protected":false},"featured_media":18093,"comment_status":"closed","ping_status":"closed","template":"","meta":[],"product_brand":[],"product_cat":[389],"product_tag":[],"class_list":{"0":"post-18092","1":"product","2":"type-product","3":"status-publish","4":"has-post-thumbnail","6":"product_cat-fitohorm","8":"first","9":"instock","10":"taxable","11":"shipping-taxable","12":"purchasable","13":"product-type-simple"},"_links":{"self":[{"href":"https:\/\/chilimag.hu\/webshop\/wp-json\/wp\/v2\/product\/18092","targetHints":{"allow":["GET"]}}],"collection":[{"href":"https:\/\/chilimag.hu\/webshop\/wp-json\/wp\/v2\/product"}],"about":[{"href":"https:\/\/chilimag.hu\/webshop\/wp-json\/wp\/v2\/types\/product"}],"replies":[{"embeddable":true,"href":"https:\/\/chilimag.hu\/webshop\/wp-json\/wp\/v2\/comments?post=18092"}],"wp:featuredmedia":[{"embeddable":true,"href":"https:\/\/chilimag.hu\/webshop\/wp-json\/wp\/v2\/media\/18093"}],"wp:attachment":[{"href":"https:\/\/chilimag.hu\/webshop\/wp-json\/wp\/v2\/media?parent=18092"}],"wp:term":[{"taxonomy":"product_brand","embeddable":true,"href":"https:\/\/chilimag.hu\/webshop\/wp-json\/wp\/v2\/product_brand?post=18092"},{"taxonomy":"product_cat","embeddable":true,"href":"https:\/\/chilimag.hu\/webshop\/wp-json\/wp\/v2\/product_cat?post=18092"},{"taxonomy":"product_tag","embeddable":true,"href":"https:\/\/chilimag.hu\/webshop\/wp-json\/wp\/v2\/product_tag?post=18092"}],"curies":[{"name":"wp","href":"https:\/\/api.w.org\/{rel}","templated":true}]}}