{"id":18090,"date":"2022-05-06T19:04:47","date_gmt":"2022-05-06T19:04:47","guid":{"rendered":"https:\/\/chilimag.hu\/webshop\/?post_type=product&#038;p=18090"},"modified":"2023-07-27T17:31:29","modified_gmt":"2023-07-27T17:31:29","slug":"fitohorm-cink-65zn-1-l","status":"publish","type":"product","link":"https:\/\/chilimag.hu\/webshop\/termek\/fitohorm-cink-65zn-1-l\/","title":{"rendered":"Fitohorm Cink (65Zn) 1 L"},"content":{"rendered":"","protected":false},"excerpt":{"rendered":"<p>Fitohorm \u00a0Cink biztos\u00edtja a n\u00f6v\u00e9nyek norm\u00e1lis n\u00f6veked\u00e9s\u00e9t, tiszta forr\u00e1sa a n\u00f6v\u00e9nyek sz\u00e1m\u00e1ra n\u00e9lk\u00fcl\u00f6zhet. Felhaszn\u00e1l\u00e1sa kiemelt fontoss\u00e1g\u00fa kukoric\u00e1ban, sz\u00f3j\u00e1ban, gy\u00fcm\u00f6lcs\u00f6s\u00f6kben, sz\u0151l\u0151ben. Seg\u00edti a kukorica cs\u0151differenci\u00e1l\u00f3d\u00e1s\u00e1t, gy\u00f6keresed\u00e9s\u00e9t. Gy\u00fcm\u00f6lcs\u00f6s\u00f6kben, sz\u0151l\u0151ben, hozz\u00e1j\u00e1rul a hajt\u00e1sok, levelek norm\u00e1lis fejl\u0151d\u00e9s\u00e9hez, jav\u00edtja a f\u00e1sod\u00e1st, cs\u00f6kkenti a fagy\u00e9rz\u00e9kenys\u00e9get, \u00e9s a \u201et\u00e9li \u00e1gelhal\u00e1st\u201d.<\/p>\n<p>Sz\u00f3j\u00e1ban, babban cs\u00f6kkenthet\u0151 vagy megsz\u00fcntethet\u0151 a vir\u00e1gok \u00e9s id\u0151sebb levelek cinkhi\u00e1nyb\u00f3l ered\u0151 lehull\u00e1sa.<\/p>\n<p>Felhaszn\u00e1l\u00e1sa kiemelt fontoss\u00e1g\u00fa kukoric\u00e1ban, sz\u00f3j\u00e1ban, gy\u00fcm\u00f6lcs\u00f6s\u00f6kben \u00e9s sz\u0151l\u0151ben. Seg\u00edti a kukorica cs\u0151differenci\u00e1l\u00f3d\u00e1s\u00e1t, gy\u00f6keresed\u00e9s\u00e9t.<\/p>\n<p>&nbsp;<\/p>\n","protected":false},"featured_media":18091,"comment_status":"closed","ping_status":"closed","template":"","meta":[],"product_brand":[],"product_cat":[389],"product_tag":[],"class_list":{"0":"post-18090","1":"product","2":"type-product","3":"status-publish","4":"has-post-thumbnail","6":"product_cat-fitohorm","8":"first","9":"instock","10":"taxable","11":"shipping-taxable","12":"purchasable","13":"product-type-simple"},"_links":{"self":[{"href":"https:\/\/chilimag.hu\/webshop\/wp-json\/wp\/v2\/product\/18090","targetHints":{"allow":["GET"]}}],"collection":[{"href":"https:\/\/chilimag.hu\/webshop\/wp-json\/wp\/v2\/product"}],"about":[{"href":"https:\/\/chilimag.hu\/webshop\/wp-json\/wp\/v2\/types\/product"}],"replies":[{"embeddable":true,"href":"https:\/\/chilimag.hu\/webshop\/wp-json\/wp\/v2\/comments?post=18090"}],"wp:featuredmedia":[{"embeddable":true,"href":"https:\/\/chilimag.hu\/webshop\/wp-json\/wp\/v2\/media\/18091"}],"wp:attachment":[{"href":"https:\/\/chilimag.hu\/webshop\/wp-json\/wp\/v2\/media?parent=18090"}],"wp:term":[{"taxonomy":"product_brand","embeddable":true,"href":"https:\/\/chilimag.hu\/webshop\/wp-json\/wp\/v2\/product_brand?post=18090"},{"taxonomy":"product_cat","embeddable":true,"href":"https:\/\/chilimag.hu\/webshop\/wp-json\/wp\/v2\/product_cat?post=18090"},{"taxonomy":"product_tag","embeddable":true,"href":"https:\/\/chilimag.hu\/webshop\/wp-json\/wp\/v2\/product_tag?post=18090"}],"curies":[{"name":"wp","href":"https:\/\/api.w.org\/{rel}","templated":true}]}}