{"id":17976,"date":"2022-04-06T05:05:21","date_gmt":"2022-04-06T05:05:21","guid":{"rendered":"https:\/\/chilimag.hu\/webshop\/?post_type=product&#038;p=17976"},"modified":"2026-02-04T12:27:28","modified_gmt":"2026-02-04T12:27:28","slug":"florimo-eper-es-aprogyumolcs-tragya-1-kg","status":"publish","type":"product","link":"https:\/\/chilimag.hu\/webshop\/termek\/florimo-eper-es-aprogyumolcs-tragya-1-kg\/","title":{"rendered":"Florimo Eper \u00e9s apr\u00f3gy\u00fcm\u00f6lcs tr\u00e1gya 1 kg"},"content":{"rendered":"","protected":false},"excerpt":{"rendered":"<p>Le\u00edr\u00e1<\/p>\n<p><b>Felhaszn\u00e1lhat\u00f3:\u00a0<\/b>eper, m\u00e1lna, szeder, ribizli, egres \u00e9s m\u00e1s bogy\u00f3s gy\u00fcm\u00f6lcs n\u00f6v\u00e9nyek \u00fcltet\u00e9s\u00e9re, t\u00e1panyag ell\u00e1t\u00e1s\u00e1ra.\u00a0 Nitrog\u00e9ntartalma seg\u00edti a n\u00f6v\u00e9ny fejl\u0151d\u00e9s\u00e9t, k\u00e1lium \u00e9s\u00a0 tartalma el\u0151seg\u00edti a vir\u00e1gk\u00e9pz\u0151d\u00e9st, foszfor \u00e9s magn\u00e9zium tartalma \u00edzletes \u00e9s magas term\u00e9st biztos\u00edt.\u00a0\u00a0\u00a0\u00a0\u00a0\u00a0\u00a0\u00a0\u00a0\u00a0\u00a0\u00a0\u00a0\u00a0\u00a0\u00a0\u00a0\u00a0\u00a0\u00a0\u00a0\u00a0\u00a0\u00a0\u00a0\u00a0\u00a0\u00a0\u00a0 <b>\u00a0<\/b><b><\/b><\/p>\n<p><b>NPK\u00a010-10-15 (+3 MgO+1 Fe)\u00a0<\/b> EK kevert m\u0171tr\u00e1gya, kl\u00f3rszeg\u00e9ny<\/p>\n<p>&nbsp;<\/p>\n","protected":false},"featured_media":17977,"comment_status":"closed","ping_status":"closed","template":"","meta":[],"product_brand":[],"product_cat":[390],"product_tag":[],"class_list":{"0":"post-17976","1":"product","2":"type-product","3":"status-publish","4":"has-post-thumbnail","6":"product_cat-florimo","8":"first","9":"instock","10":"taxable","11":"shipping-taxable","12":"purchasable","13":"product-type-simple"},"_links":{"self":[{"href":"https:\/\/chilimag.hu\/webshop\/wp-json\/wp\/v2\/product\/17976","targetHints":{"allow":["GET"]}}],"collection":[{"href":"https:\/\/chilimag.hu\/webshop\/wp-json\/wp\/v2\/product"}],"about":[{"href":"https:\/\/chilimag.hu\/webshop\/wp-json\/wp\/v2\/types\/product"}],"replies":[{"embeddable":true,"href":"https:\/\/chilimag.hu\/webshop\/wp-json\/wp\/v2\/comments?post=17976"}],"wp:featuredmedia":[{"embeddable":true,"href":"https:\/\/chilimag.hu\/webshop\/wp-json\/wp\/v2\/media\/17977"}],"wp:attachment":[{"href":"https:\/\/chilimag.hu\/webshop\/wp-json\/wp\/v2\/media?parent=17976"}],"wp:term":[{"taxonomy":"product_brand","embeddable":true,"href":"https:\/\/chilimag.hu\/webshop\/wp-json\/wp\/v2\/product_brand?post=17976"},{"taxonomy":"product_cat","embeddable":true,"href":"https:\/\/chilimag.hu\/webshop\/wp-json\/wp\/v2\/product_cat?post=17976"},{"taxonomy":"product_tag","embeddable":true,"href":"https:\/\/chilimag.hu\/webshop\/wp-json\/wp\/v2\/product_tag?post=17976"}],"curies":[{"name":"wp","href":"https:\/\/api.w.org\/{rel}","templated":true}]}}