{"id":17973,"date":"2022-04-06T04:59:06","date_gmt":"2022-04-06T04:59:06","guid":{"rendered":"https:\/\/chilimag.hu\/webshop\/?post_type=product&#038;p=17973"},"modified":"2026-03-25T11:40:07","modified_gmt":"2026-03-25T11:40:07","slug":"fitohorm-mikromax-1l","status":"publish","type":"product","link":"https:\/\/chilimag.hu\/webshop\/termek\/fitohorm-mikromax-1l\/","title":{"rendered":"Fitohorm MikroMax 1L"},"content":{"rendered":"","protected":false},"excerpt":{"rendered":"<p>Le\u00edr\u00e1s<\/p>\n<p>Kert\u00e9szeti kult\u00far\u00e1kn\u00e1l \u00e9s d\u00edszn\u00f6v\u00e9nyekn\u00e9l talajkezel\u00e9sre, t\u00e1poldatoz\u00e1sra \u00e9s lombtr\u00e1gy\u00e1z\u00e1sra egyar\u00e1nt haszn\u00e1ljuk pal\u00e1nt\u00e1z\u00e1s \u00e9s \u00fcltet\u00e9s el\u0151tt, vagy ut\u00e1n az eg\u00e9sz teny\u00e9szid\u0151szakban. A makrot\u00e1pelemek (N, P, K) n\u00e9lk\u00fcl\u00f6z\u00e9s\u00e9vel kiz\u00e1r\u00f3lag a harmonikus mikroelem ell\u00e1t\u00e1st c\u00e9lozza (B, Cu, Fe, Mn, Mo, Zn) meg. Lev\u00e9len kereszt\u00fcl alkalmazhat\u00f3 sz\u00e1nt\u00f3f\u00f6ld\u00f6n, sz\u0151l\u0151- \u00e9s gy\u00fcm\u00f6lcskult\u00far\u00e1kban egyar\u00e1nt.<br \/>\nHat\u00f3anyag tartalom: 3% Fe,1,32% Mn,0,12% Cu,0,23% Zn,0,26% B,0,07% Mo<\/p>\n","protected":false},"featured_media":17974,"comment_status":"closed","ping_status":"closed","template":"","meta":[],"product_brand":[],"product_cat":[389],"product_tag":[],"class_list":{"0":"post-17973","1":"product","2":"type-product","3":"status-publish","4":"has-post-thumbnail","6":"product_cat-fitohorm","8":"first","9":"instock","10":"taxable","11":"shipping-taxable","12":"purchasable","13":"product-type-simple"},"_links":{"self":[{"href":"https:\/\/chilimag.hu\/webshop\/wp-json\/wp\/v2\/product\/17973","targetHints":{"allow":["GET"]}}],"collection":[{"href":"https:\/\/chilimag.hu\/webshop\/wp-json\/wp\/v2\/product"}],"about":[{"href":"https:\/\/chilimag.hu\/webshop\/wp-json\/wp\/v2\/types\/product"}],"replies":[{"embeddable":true,"href":"https:\/\/chilimag.hu\/webshop\/wp-json\/wp\/v2\/comments?post=17973"}],"wp:featuredmedia":[{"embeddable":true,"href":"https:\/\/chilimag.hu\/webshop\/wp-json\/wp\/v2\/media\/17974"}],"wp:attachment":[{"href":"https:\/\/chilimag.hu\/webshop\/wp-json\/wp\/v2\/media?parent=17973"}],"wp:term":[{"taxonomy":"product_brand","embeddable":true,"href":"https:\/\/chilimag.hu\/webshop\/wp-json\/wp\/v2\/product_brand?post=17973"},{"taxonomy":"product_cat","embeddable":true,"href":"https:\/\/chilimag.hu\/webshop\/wp-json\/wp\/v2\/product_cat?post=17973"},{"taxonomy":"product_tag","embeddable":true,"href":"https:\/\/chilimag.hu\/webshop\/wp-json\/wp\/v2\/product_tag?post=17973"}],"curies":[{"name":"wp","href":"https:\/\/api.w.org\/{rel}","templated":true}]}}