{"id":17953,"date":"2022-03-31T16:08:31","date_gmt":"2022-03-31T16:08:31","guid":{"rendered":"https:\/\/chilimag.hu\/webshop\/?post_type=product&#038;p=17953"},"modified":"2026-04-15T11:21:38","modified_gmt":"2026-04-15T11:21:38","slug":"biotoll-rovarirto-permet-500ml","status":"publish","type":"product","link":"https:\/\/chilimag.hu\/webshop\/termek\/biotoll-rovarirto-permet-500ml\/","title":{"rendered":"Biotoll rovarirt\u00f3 permet 500ml"},"content":{"rendered":"","protected":false},"excerpt":{"rendered":"<p>Le\u00edr\u00e1s:<\/p>\n<p>Hossz\u00fa hat\u00e1s\u00fa rovarirt\u00f3 permetszer sz\u00e1rnyas rovarok (legyek, sz\u00fanyogok, molyok, muslic\u00e1k, stb.) \u00e9s m\u00e1sz\u00f3 rovarok (hangy\u00e1k, ez\u00fcst\u00f6s pikkelyk\u00e9k, cs\u00f3t\u00e1nyok, bolh\u00e1k, tetvek, stb.) ellen a lak\u00f3t\u00e9rben \u00e9s \u00e9l\u00e9skamr\u00e1kban. Hat\u00f3anyag: 0,25 % permetrin<\/p>\n<p><strong>El\u0151ny\u00f6k:<\/strong><\/p>\n<ul>\n<li>hat\u00e9kony v\u00e9delmet ny\u00fajt<\/li>\n<li>biol\u00f3giailag lebomlik<\/li>\n<li>nem hagy foltot \u00e9s szagmentes<\/li>\n<li>hat\u00e1sa kb. 4 h\u00e9tig tart<\/li>\n<li>k\u00f6rnyezetbar\u00e1t<\/li>\n<\/ul>\n<p><strong>Kiszerel\u00e9s<\/strong>: 500 ml sz\u00f3r\u00f3fejes.<\/p>\n","protected":false},"featured_media":17954,"comment_status":"closed","ping_status":"closed","template":"","meta":[],"product_brand":[],"product_cat":[391],"product_tag":[],"class_list":{"0":"post-17953","1":"product","2":"type-product","3":"status-publish","4":"has-post-thumbnail","6":"product_cat-egyeb-tapoldatok","8":"first","9":"instock","10":"taxable","11":"shipping-taxable","12":"purchasable","13":"product-type-simple"},"_links":{"self":[{"href":"https:\/\/chilimag.hu\/webshop\/wp-json\/wp\/v2\/product\/17953","targetHints":{"allow":["GET"]}}],"collection":[{"href":"https:\/\/chilimag.hu\/webshop\/wp-json\/wp\/v2\/product"}],"about":[{"href":"https:\/\/chilimag.hu\/webshop\/wp-json\/wp\/v2\/types\/product"}],"replies":[{"embeddable":true,"href":"https:\/\/chilimag.hu\/webshop\/wp-json\/wp\/v2\/comments?post=17953"}],"wp:featuredmedia":[{"embeddable":true,"href":"https:\/\/chilimag.hu\/webshop\/wp-json\/wp\/v2\/media\/17954"}],"wp:attachment":[{"href":"https:\/\/chilimag.hu\/webshop\/wp-json\/wp\/v2\/media?parent=17953"}],"wp:term":[{"taxonomy":"product_brand","embeddable":true,"href":"https:\/\/chilimag.hu\/webshop\/wp-json\/wp\/v2\/product_brand?post=17953"},{"taxonomy":"product_cat","embeddable":true,"href":"https:\/\/chilimag.hu\/webshop\/wp-json\/wp\/v2\/product_cat?post=17953"},{"taxonomy":"product_tag","embeddable":true,"href":"https:\/\/chilimag.hu\/webshop\/wp-json\/wp\/v2\/product_tag?post=17953"}],"curies":[{"name":"wp","href":"https:\/\/api.w.org\/{rel}","templated":true}]}}