{"id":17886,"date":"2022-03-22T18:53:48","date_gmt":"2022-03-22T18:53:48","guid":{"rendered":"https:\/\/chilimag.hu\/webshop\/?post_type=product&#038;p=17886"},"modified":"2023-05-16T19:19:17","modified_gmt":"2023-05-16T19:19:17","slug":"phenix-npk-6-8-15-2mgo","status":"publish","type":"product","link":"https:\/\/chilimag.hu\/webshop\/termek\/phenix-npk-6-8-15-2mgo\/","title":{"rendered":"PHENIX (NPK: 6-8-15 +2MgO)"},"content":{"rendered":"","protected":false},"excerpt":{"rendered":"<p><strong>BIOGAZD\u00c1LKOD\u00c1SBAN ENGED\u00c9LYEZETT<\/strong><\/p>\n<p>K\u00e1liumt\u00fals\u00falyos szerves tr\u00e1gyagranul\u00e1tum.\u00a0A\u00a0szerves tr\u00e1gya\u00adgranul\u00e1tumok k\u00f6z\u00f6tt az egyik leghat\u00e9konyabb n\u00f6v\u00e9nyi t\u00e1panyag, k\u00f6sz\u00f6nhet\u0151en az organikus \u00f6sszetev\u0151k sokf\u00e9les\u00e9g\u00e9nek, valamint \u00admagas szervesanyagtartalm\u00e1nak (nitrog\u00e9n, foszfor \u00e9s k\u00e1lium). \u00adKiv\u00e1l\u00f3 t\u00e1panyag-ut\u00e1np\u00f3tl\u00e1si hat\u00e9konys\u00e1ggal b\u00edr, k\u00f6sz\u00f6nhet\u0151en alacsony s\u00f3tartalm\u00e1nak, \u00edgy a PHENIX a legjobb tr\u00e1gya, amely maxim\u00e1lisan \u00adbiztos\u00edtja a k\u00e1liumig\u00e9nyes n\u00f6v\u00e9nyek t\u00e1panyagsz\u00fcks\u00e9glet\u00e9t. Min\u0151s\u00e9gi v\u00e9gterm\u00e9k v\u00e1rhat\u00f3 magas s\u00f3tartalm\u00fa \u00e9s l\u00fagos talajok eset\u00e9ben is.<br \/>\nMagas k\u00e1liumtartalma el\u0151seg\u00edti a bogy\u00f3term\u00e9s\u0171 z\u00f6lds\u00e9gf\u00e9l\u00e9k (pl. paprika, paradicsom) \u00e9s a pirosra sz\u00ednez\u0151d\u0151 gy\u00fcm\u00f6lcs\u00f6k (pl. meggy, szam\u00f3ca) \u00e9r\u00e9slefut\u00e1s\u00e1t, term\u00e9ssz\u00ednez\u0151d\u00e9s\u00e9t. Jav\u00edtja a pulton tarthat\u00f3s\u00e1got, gy\u00fcm\u00f6lcsmin\u0151s\u00e9get, \u00edz- \u00e9s zamatanyagok kialakul\u00e1s\u00e1t, koncentr\u00e1lt \u00e9r\u00e9slefut\u00e1st \u00e9s cukrosod\u00e1st.<\/p>\n<p><strong>ADAGOL\u00c1S:<\/strong>\u00a00,4-1,4 tonna\/ha<\/p>\n<p><strong>\u00d6SSZET\u00c9TEL:<\/strong><br \/>\nNitrog\u00e9n, v\u00edzoldhat\u00f3 (N) 6%<br \/>\nFoszfor, v\u00edzoldhat\u00f3 (P<sub>2<\/sub>O<sub>2<\/sub>) 8%<br \/>\nK\u00e1lium, v\u00edzoldhat\u00f3 (K<sub>2<\/sub>O) 15%<br \/>\nMagn\u00e9zium, v\u00edzoldhat\u00f3 (MgO)\u00a02%<br \/>\nKalcium, v\u00edzoldhat\u00f3 (CaO) 4%<br \/>\nMikroelemek, v\u00edzoldhat\u00f3ak ~ 1%<br \/>\nSzerves eredet\u0171 sz\u00e9n (C) 29%<br \/>\nSzervesanyag-tartalom 50%<br \/>\nHasznos talajlak\u00f3 bakt\u00e9rium 1milli\u00f3\/1 g<br \/>\nHuminsavak 7%<br \/>\nFulvosavak 7%<br \/>\nNedvess\u00e9gtartalom 7%<br \/>\npH 7<br \/>\nPellet m\u00e9ret 3 mm<\/p>\n<p><strong>KISZEREL\u00c9S:<\/strong> 25 kg<\/p>\n","protected":false},"featured_media":17887,"comment_status":"closed","ping_status":"closed","template":"","meta":[],"product_brand":[],"product_cat":[391],"product_tag":[],"class_list":{"0":"post-17886","1":"product","2":"type-product","3":"status-publish","4":"has-post-thumbnail","6":"product_cat-egyeb-tapoldatok","8":"first","9":"instock","10":"taxable","11":"shipping-taxable","12":"purchasable","13":"product-type-simple"},"_links":{"self":[{"href":"https:\/\/chilimag.hu\/webshop\/wp-json\/wp\/v2\/product\/17886","targetHints":{"allow":["GET"]}}],"collection":[{"href":"https:\/\/chilimag.hu\/webshop\/wp-json\/wp\/v2\/product"}],"about":[{"href":"https:\/\/chilimag.hu\/webshop\/wp-json\/wp\/v2\/types\/product"}],"replies":[{"embeddable":true,"href":"https:\/\/chilimag.hu\/webshop\/wp-json\/wp\/v2\/comments?post=17886"}],"wp:featuredmedia":[{"embeddable":true,"href":"https:\/\/chilimag.hu\/webshop\/wp-json\/wp\/v2\/media\/17887"}],"wp:attachment":[{"href":"https:\/\/chilimag.hu\/webshop\/wp-json\/wp\/v2\/media?parent=17886"}],"wp:term":[{"taxonomy":"product_brand","embeddable":true,"href":"https:\/\/chilimag.hu\/webshop\/wp-json\/wp\/v2\/product_brand?post=17886"},{"taxonomy":"product_cat","embeddable":true,"href":"https:\/\/chilimag.hu\/webshop\/wp-json\/wp\/v2\/product_cat?post=17886"},{"taxonomy":"product_tag","embeddable":true,"href":"https:\/\/chilimag.hu\/webshop\/wp-json\/wp\/v2\/product_tag?post=17886"}],"curies":[{"name":"wp","href":"https:\/\/api.w.org\/{rel}","templated":true}]}}