{"id":17884,"date":"2022-03-22T18:50:20","date_gmt":"2022-03-22T18:50:20","guid":{"rendered":"https:\/\/chilimag.hu\/webshop\/?post_type=product&#038;p=17884"},"modified":"2026-04-15T10:37:23","modified_gmt":"2026-04-15T10:37:23","slug":"guanito-szervestragya","status":"publish","type":"product","link":"https:\/\/chilimag.hu\/webshop\/termek\/guanito-szervestragya\/","title":{"rendered":"Guanito szervestr\u00e1gya 25 kg"},"content":{"rendered":"","protected":false},"excerpt":{"rendered":"<h4 class=\"text-green\"><b>GUANITO (NPK: 6-15-3 + 10CaO + 2MgO<\/b><\/h4>\n<p><strong>BIOGAZD\u00c1LKOD\u00c1SBAN ENGED\u00c9LYEZETT<\/strong><\/p>\n<p>Foszfort\u00fals\u00falyos szerves tr\u00e1gyagranul\u00e1tum. Term\u00e9szetes n\u00f6v\u00e9nyi t\u00e1panyag, mely nagy mennyis\u00e9gben tartalmaz szerves nitrog\u00e9nt \u00e9s foszfort. Egyedi \u00f6sszetev\u0151je a Perub\u00f3l sz\u00e1rmaz\u00f3 guan\u00f3, ami garant\u00e1lja az alacsony s\u00f3koncentr\u00e1ci\u00f3t \u00e9s az enyh\u00e9n \u00adsavas k\u00e9mhat\u00e1st (pH: 6,5), ez\u00e1ltal a t\u00e1panyagok folyamatos felsz\u00edv\u00f3d\u00e1s\u00e1t a n\u00f6v\u00e9ny minden \u00e9letciklus\u00e1ban.<\/p>\n<p>A GUANITO a gy\u00f6k\u00e9rz\u00f3n\u00e1ban a v\u00e9gbemen\u0151 mikrobiol\u00f3giai folyamatok serkent\u00e9s\u00e9vel hozz\u00e1seg\u00edti az oldott n\u00f6v\u00e9nyi t\u00e1panyagok felsz\u00edv\u00f3d\u00e1s\u00e1t. Magas term\u00e9shozamot biztos\u00edt az olyan akt\u00edv n\u00f6veked\u00e9si alkot\u00f3elemek felv\u00e9tel\u00e9vel, mint a huminsav, vitaminok, aminosavak, auxinok \u00e9s cytokininek, melyek seg\u00edts\u00e9g\u00e9vel a n\u00f6v\u00e9ny gy\u00f6k\u00e9rzete k\u00f6nnyebben felveszi az oldott t\u00e1panyagokat. A magas foszfortartalom nagy jelent\u0151s\u00e9ggel b\u00edr a n\u00f6v\u00e9ny kezdeti fejl\u0151d\u00e9si szakasz\u00e1ban (gy\u00f6k\u00e9rk\u00e9pz\u0151d\u00e9s), valamint a generat\u00edv szervek fejleszt\u00e9s\u00e9ben (vir\u00e1gzat).<\/p>\n<p><strong>ADAGOL\u00c1S:<\/strong> 0,3-1 tonna\/ha<\/p>\n<p><strong>\u00d6SSZET\u00c9TEL:<\/strong><br \/>\nNitrog\u00e9n, v\u00edzoldhat\u00f3 (N) 6%<br \/>\nFoszfor, v\u00edzoldhat\u00f3 (P<sub>2<\/sub>O<sub>2<\/sub>) 15%<br \/>\nK\u00e1lium, v\u00edzoldhat\u00f3 (K<sub>2<\/sub>O) 3%<br \/>\nMagn\u00e9zium, v\u00edzoldhat\u00f3 (MgO) 2%<br \/>\nKalcium, v\u00edzoldhat\u00f3 (CaO) 10%<br \/>\nSzerves eredet\u0171 sz\u00e9n (C) 32%<br \/>\nSzervesanyag-tartalom 55,2%<br \/>\nHasznos talajlak\u00f3 bakt\u00e9rium 1milli\u00f3\/1 g<br \/>\nHuminsavak 3,5%<br \/>\nFulvosavak 7,5%<br \/>\nNedvess\u00e9gtartalom 7%<br \/>\npH 6,5<br \/>\nPellet m\u00e9ret 3 mm<\/p>\n<p><strong>KISZEREL\u00c9S:<\/strong> 25 kg<\/p>\n<p>&nbsp;<\/p>\n","protected":false},"featured_media":17885,"comment_status":"closed","ping_status":"closed","template":"","meta":[],"product_brand":[],"product_cat":[391,466],"product_tag":[],"class_list":{"0":"post-17884","1":"product","2":"type-product","3":"status-publish","4":"has-post-thumbnail","6":"product_cat-egyeb-tapoldatok","7":"product_cat-talaj-javitok-es-takarok","9":"first","10":"instock","11":"taxable","12":"shipping-taxable","13":"purchasable","14":"product-type-simple"},"_links":{"self":[{"href":"https:\/\/chilimag.hu\/webshop\/wp-json\/wp\/v2\/product\/17884","targetHints":{"allow":["GET"]}}],"collection":[{"href":"https:\/\/chilimag.hu\/webshop\/wp-json\/wp\/v2\/product"}],"about":[{"href":"https:\/\/chilimag.hu\/webshop\/wp-json\/wp\/v2\/types\/product"}],"replies":[{"embeddable":true,"href":"https:\/\/chilimag.hu\/webshop\/wp-json\/wp\/v2\/comments?post=17884"}],"wp:featuredmedia":[{"embeddable":true,"href":"https:\/\/chilimag.hu\/webshop\/wp-json\/wp\/v2\/media\/17885"}],"wp:attachment":[{"href":"https:\/\/chilimag.hu\/webshop\/wp-json\/wp\/v2\/media?parent=17884"}],"wp:term":[{"taxonomy":"product_brand","embeddable":true,"href":"https:\/\/chilimag.hu\/webshop\/wp-json\/wp\/v2\/product_brand?post=17884"},{"taxonomy":"product_cat","embeddable":true,"href":"https:\/\/chilimag.hu\/webshop\/wp-json\/wp\/v2\/product_cat?post=17884"},{"taxonomy":"product_tag","embeddable":true,"href":"https:\/\/chilimag.hu\/webshop\/wp-json\/wp\/v2\/product_tag?post=17884"}],"curies":[{"name":"wp","href":"https:\/\/api.w.org\/{rel}","templated":true}]}}