{"id":17882,"date":"2022-03-22T18:46:01","date_gmt":"2022-03-22T18:46:01","guid":{"rendered":"https:\/\/chilimag.hu\/webshop\/?post_type=product&#038;p=17882"},"modified":"2023-05-08T11:07:53","modified_gmt":"2023-05-08T11:07:53","slug":"cerbero-npk-13-40-13","status":"publish","type":"product","link":"https:\/\/chilimag.hu\/webshop\/termek\/cerbero-npk-13-40-13\/","title":{"rendered":"Cerbero (NPK 13-40-13) 25 kg"},"content":{"rendered":"","protected":false},"excerpt":{"rendered":"<h4 class=\"text-green\"><b>Cerbero (NPK: 13-40-13 + 2 MgO)<\/b><\/h4>\n<p>Az 1:3:1 NPK ar\u00e1ny\u00e1nak k\u00f6sz\u00f6nhet\u0151en k\u00fcl\u00f6n\u00f6sen alkalmas a gy\u00f6keresed\u00e9s \u00e9s a vir\u00e1gz\u00e1s el\u0151seg\u00edt\u00e9s\u00e9re. Savas a pH-ja, ami rendk\u00edv\u00fcl elony\u00f6s kem\u00e9ny v\u00edz eset\u00e9n. Az alacsony EC pedig lehet\u0151v\u00e9 teszi, hogy gyenge min\u0151s\u00e9g\u0171 \u00f6nt\u00f6z\u0151vizekkel is sikerrel haszn\u00e1ljuk.<\/p>\n<p><strong>ADAGOL\u00c1S:<\/strong> 15-25 kg\/1000 m<\/p>\n<p><strong>\u00d6SSZET\u00c9TEL:<\/strong><br \/>\nTeljes nitrog\u00e9n (N) 13%<br \/>\nAmm\u00f3nium-nitrog\u00e9n (N) 6,6%<br \/>\nNitr\u00e1t-nitrog\u00e9n (N) 2,7%<br \/>\nKarbamid-nitrog\u00e9n (N) 3,7%<br \/>\nFoszfor, v\u00edzoldhat\u00f3 (P<sub>2<\/sub>O<sub>5<\/sub>) 40%<br \/>\nK\u00e1lium, v\u00edzoldhat\u00f3 (K2O) 13%<br \/>\nMagn\u00e9zium, v\u00edzoldhat\u00f3 (MgO) 2%<br \/>\npH (10%-os oldat 20 \u00b0C-on) 4,9<br \/>\nECelektromos vezetok\u00e9pess\u00e9g 0,9 mS\/cm<br \/>\nMikroelemek: B: 0,01%, Cu: 0,01%, Fe: 0,02%<br \/>\nMn: 0,01%, Zn: 0,01%, Mo: 0,001%<\/p>\n<p><strong>KISZEREL\u00c9S:<\/strong> 25 kg<\/p>\n","protected":false},"featured_media":17883,"comment_status":"closed","ping_status":"closed","template":"","meta":[],"product_brand":[],"product_cat":[391],"product_tag":[],"class_list":{"0":"post-17882","1":"product","2":"type-product","3":"status-publish","4":"has-post-thumbnail","6":"product_cat-egyeb-tapoldatok","8":"first","9":"instock","10":"taxable","11":"shipping-taxable","12":"purchasable","13":"product-type-simple"},"_links":{"self":[{"href":"https:\/\/chilimag.hu\/webshop\/wp-json\/wp\/v2\/product\/17882","targetHints":{"allow":["GET"]}}],"collection":[{"href":"https:\/\/chilimag.hu\/webshop\/wp-json\/wp\/v2\/product"}],"about":[{"href":"https:\/\/chilimag.hu\/webshop\/wp-json\/wp\/v2\/types\/product"}],"replies":[{"embeddable":true,"href":"https:\/\/chilimag.hu\/webshop\/wp-json\/wp\/v2\/comments?post=17882"}],"wp:featuredmedia":[{"embeddable":true,"href":"https:\/\/chilimag.hu\/webshop\/wp-json\/wp\/v2\/media\/17883"}],"wp:attachment":[{"href":"https:\/\/chilimag.hu\/webshop\/wp-json\/wp\/v2\/media?parent=17882"}],"wp:term":[{"taxonomy":"product_brand","embeddable":true,"href":"https:\/\/chilimag.hu\/webshop\/wp-json\/wp\/v2\/product_brand?post=17882"},{"taxonomy":"product_cat","embeddable":true,"href":"https:\/\/chilimag.hu\/webshop\/wp-json\/wp\/v2\/product_cat?post=17882"},{"taxonomy":"product_tag","embeddable":true,"href":"https:\/\/chilimag.hu\/webshop\/wp-json\/wp\/v2\/product_tag?post=17882"}],"curies":[{"name":"wp","href":"https:\/\/api.w.org\/{rel}","templated":true}]}}