{"id":17878,"date":"2022-03-22T18:38:14","date_gmt":"2022-03-22T18:38:14","guid":{"rendered":"https:\/\/chilimag.hu\/webshop\/?post_type=product&#038;p=17878"},"modified":"2024-03-23T11:47:49","modified_gmt":"2024-03-23T11:47:49","slug":"cerbero-npk-15-5-30","status":"publish","type":"product","link":"https:\/\/chilimag.hu\/webshop\/termek\/cerbero-npk-15-5-30\/","title":{"rendered":"Cerbero (NPK 15-5-30)"},"content":{"rendered":"","protected":false},"excerpt":{"rendered":"<h4 class=\"text-green\"><b>Cerbero (NPK: 15-5-30 + 2 MgO)<\/b><\/h4>\n<p>A 3:1:6 NPK ar\u00e1nynak k\u00f6sz\u00f6nhet\u0151en a generat\u00edv szakaszban haszn\u00e1latos, \u00edgy a bimb\u00f3k\u00e9pz\u0151d\u00e9s, a vir\u00e1gfejl\u0151d\u00e9s, a term\u00e9sn\u00f6veked\u00e9s \u00e9s a term\u00e9s\u00e9r\u00e9s alatt.<\/p>\n<p><strong>ADAGOL\u00c1S:<\/strong> 15-25 kg\/1000 m<\/p>\n<p><strong>\u00d6SSZET\u00c9TEL:<\/strong><br \/>\nTeljes nitrog\u00e9n (N) 15%<br \/>\nAmm\u00f3nium-nitrog\u00e9n (N) 4,3%<br \/>\nNitr\u00e1t-nitrog\u00e9n (N) 8,9%<br \/>\nKarbamid-nitrog\u00e9n (N) 1,8%<br \/>\nFoszfor, v\u00edzoldhat\u00f3 (P<sub>2<\/sub>O<sub>5<\/sub>) 5%<br \/>\nK\u00e1lium-oxid (K<sub>2<\/sub>O) 30%<br \/>\nMagn\u00e9zium-oxid, v\u00edzoldhat\u00f3 (MgO) 2%<br \/>\npH (10%-os oldat 20 \u00b0C-on) 7<br \/>\nECelektromos vezetok\u00e9pess\u00e9g 1,3 mS\/cm<br \/>\nMikroelemek: B: 0,01%, Cu: 0,01%, Fe: 0,02%<br \/>\nMn: 0,01%, Zn: 0,01%, Mo: 0,001%<\/p>\n<p><strong>KISZEREL\u00c9S:<\/strong> 25 kg<\/p>\n","protected":false},"featured_media":17879,"comment_status":"closed","ping_status":"closed","template":"","meta":[],"product_brand":[],"product_cat":[391],"product_tag":[],"class_list":{"0":"post-17878","1":"product","2":"type-product","3":"status-publish","4":"has-post-thumbnail","6":"product_cat-egyeb-tapoldatok","8":"first","9":"instock","10":"taxable","11":"shipping-taxable","12":"purchasable","13":"product-type-simple"},"_links":{"self":[{"href":"https:\/\/chilimag.hu\/webshop\/wp-json\/wp\/v2\/product\/17878","targetHints":{"allow":["GET"]}}],"collection":[{"href":"https:\/\/chilimag.hu\/webshop\/wp-json\/wp\/v2\/product"}],"about":[{"href":"https:\/\/chilimag.hu\/webshop\/wp-json\/wp\/v2\/types\/product"}],"replies":[{"embeddable":true,"href":"https:\/\/chilimag.hu\/webshop\/wp-json\/wp\/v2\/comments?post=17878"}],"wp:featuredmedia":[{"embeddable":true,"href":"https:\/\/chilimag.hu\/webshop\/wp-json\/wp\/v2\/media\/17879"}],"wp:attachment":[{"href":"https:\/\/chilimag.hu\/webshop\/wp-json\/wp\/v2\/media?parent=17878"}],"wp:term":[{"taxonomy":"product_brand","embeddable":true,"href":"https:\/\/chilimag.hu\/webshop\/wp-json\/wp\/v2\/product_brand?post=17878"},{"taxonomy":"product_cat","embeddable":true,"href":"https:\/\/chilimag.hu\/webshop\/wp-json\/wp\/v2\/product_cat?post=17878"},{"taxonomy":"product_tag","embeddable":true,"href":"https:\/\/chilimag.hu\/webshop\/wp-json\/wp\/v2\/product_tag?post=17878"}],"curies":[{"name":"wp","href":"https:\/\/api.w.org\/{rel}","templated":true}]}}