{"id":17874,"date":"2022-03-22T18:21:50","date_gmt":"2022-03-22T18:21:50","guid":{"rendered":"https:\/\/chilimag.hu\/webshop\/?post_type=product&#038;p=17874"},"modified":"2026-05-12T18:04:58","modified_gmt":"2026-05-12T18:04:58","slug":"maxtrap-sarga-lap-nagy","status":"publish","type":"product","link":"https:\/\/chilimag.hu\/webshop\/termek\/maxtrap-sarga-lap-nagy\/","title":{"rendered":"Maxtrap s\u00e1rga lap nagy"},"content":{"rendered":"","protected":false},"excerpt":{"rendered":"<p>10 db-os 17&#215;24 cm.<\/p>\n<p>100% polibut\u00e9n ragaszt\u00f3val vannak kezelve, \u00edgy nem sz\u00e1radnak be, be, k\u00f6rnyezetbar\u00e1t. Megold\u00e1st adhatnak a cseresznyelegyek, szilvadarazsak, k\u00fcl\u00f6nb\u00f6z\u0151 molyf\u00e9l\u00e9kre, lev\u00e9ltetvek, \u00e9s egy\u00e9b kerti k\u00e1rtev\u0151k ellen.<\/p>\n<p>&nbsp;<\/p>\n","protected":false},"featured_media":17875,"comment_status":"closed","ping_status":"closed","template":"","meta":[],"product_brand":[],"product_cat":[340],"product_tag":[],"class_list":{"0":"post-17874","1":"product","2":"type-product","3":"status-publish","4":"has-post-thumbnail","6":"product_cat-kartevo-csapdak","8":"first","9":"instock","10":"taxable","11":"shipping-taxable","12":"purchasable","13":"product-type-simple"},"_links":{"self":[{"href":"https:\/\/chilimag.hu\/webshop\/wp-json\/wp\/v2\/product\/17874","targetHints":{"allow":["GET"]}}],"collection":[{"href":"https:\/\/chilimag.hu\/webshop\/wp-json\/wp\/v2\/product"}],"about":[{"href":"https:\/\/chilimag.hu\/webshop\/wp-json\/wp\/v2\/types\/product"}],"replies":[{"embeddable":true,"href":"https:\/\/chilimag.hu\/webshop\/wp-json\/wp\/v2\/comments?post=17874"}],"wp:featuredmedia":[{"embeddable":true,"href":"https:\/\/chilimag.hu\/webshop\/wp-json\/wp\/v2\/media\/17875"}],"wp:attachment":[{"href":"https:\/\/chilimag.hu\/webshop\/wp-json\/wp\/v2\/media?parent=17874"}],"wp:term":[{"taxonomy":"product_brand","embeddable":true,"href":"https:\/\/chilimag.hu\/webshop\/wp-json\/wp\/v2\/product_brand?post=17874"},{"taxonomy":"product_cat","embeddable":true,"href":"https:\/\/chilimag.hu\/webshop\/wp-json\/wp\/v2\/product_cat?post=17874"},{"taxonomy":"product_tag","embeddable":true,"href":"https:\/\/chilimag.hu\/webshop\/wp-json\/wp\/v2\/product_tag?post=17874"}],"curies":[{"name":"wp","href":"https:\/\/api.w.org\/{rel}","templated":true}]}}