{"id":17870,"date":"2022-03-22T18:06:42","date_gmt":"2022-03-22T18:06:42","guid":{"rendered":"https:\/\/chilimag.hu\/webshop\/?post_type=product&#038;p=17870"},"modified":"2026-05-06T07:13:02","modified_gmt":"2026-05-06T07:13:02","slug":"maxtrap-rovarfogo-csikcsapda-5cmx5m","status":"publish","type":"product","link":"https:\/\/chilimag.hu\/webshop\/termek\/maxtrap-rovarfogo-csikcsapda-5cmx5m\/","title":{"rendered":"Maxtrap rovarfog\u00f3 cs\u00edkcsapda 5cmx5m"},"content":{"rendered":"","protected":false},"excerpt":{"rendered":"<p>5cmx5m<\/p>\n<p>K\u00e9t oldal\u00e1n k\u00fcl\u00f6nleges ragaszt\u00f3anyaggal \u00a0bevont mechanikai k\u00e9sz\u00edtm\u00e9ny\u00a0a k\u00e1rtev\u0151k ellen, melynek hat\u00e9konys\u00e1g\u00e1t az id\u0151j\u00e1r\u00e1s nem befoly\u00e1solja.<br \/>\nA MAXTRAP\u00a0Ragacsos Cs\u00edkcsapda k\u00fcl\u00f6n\u00f6sen hat\u00e9kony a m\u00e1sz\u00f3 rovarok irt\u00e1s\u00e1ra m\u00e9reganyag alkalmaz\u00e1sa n\u00e9lk\u00fcl. A cs\u00edkcsapd\u00e1ra a k\u00fcl\u00f6nb\u00f6z\u0151 rovarok r\u00e1ragadnak. Kert\u00e9szetben, gy\u00fcm\u00f6lcs\u00f6s\u00f6kben, erd\u0151kben haszn\u00e1lhat\u00f3.<br \/>\n<strong>Haszn\u00e1lati utas\u00edt\u00e1s:\u00a0<\/strong>A szalagot ragasszuk szorosan a fa t\u00f6rzs\u00e9re \u00e9s a gallyak k\u00f6r\u00e9. A ragacsos fel\u00fclet megakad\u00e1lyozza a rovarok tov\u00e1bbjut\u00e1s\u00e1t. A megtelt szalagot cser\u00e9lj\u00fck ki \u00e9s \u00e9gess\u00fck el.<br \/>\n<strong>\u00d6sszet\u00e9tel:<\/strong> Polibuten + polyzobuten<\/p>\n","protected":false},"featured_media":17871,"comment_status":"closed","ping_status":"closed","template":"","meta":[],"product_brand":[],"product_cat":[340],"product_tag":[],"class_list":{"0":"post-17870","1":"product","2":"type-product","3":"status-publish","4":"has-post-thumbnail","6":"product_cat-kartevo-csapdak","8":"first","9":"instock","10":"taxable","11":"shipping-taxable","12":"purchasable","13":"product-type-simple"},"_links":{"self":[{"href":"https:\/\/chilimag.hu\/webshop\/wp-json\/wp\/v2\/product\/17870","targetHints":{"allow":["GET"]}}],"collection":[{"href":"https:\/\/chilimag.hu\/webshop\/wp-json\/wp\/v2\/product"}],"about":[{"href":"https:\/\/chilimag.hu\/webshop\/wp-json\/wp\/v2\/types\/product"}],"replies":[{"embeddable":true,"href":"https:\/\/chilimag.hu\/webshop\/wp-json\/wp\/v2\/comments?post=17870"}],"wp:featuredmedia":[{"embeddable":true,"href":"https:\/\/chilimag.hu\/webshop\/wp-json\/wp\/v2\/media\/17871"}],"wp:attachment":[{"href":"https:\/\/chilimag.hu\/webshop\/wp-json\/wp\/v2\/media?parent=17870"}],"wp:term":[{"taxonomy":"product_brand","embeddable":true,"href":"https:\/\/chilimag.hu\/webshop\/wp-json\/wp\/v2\/product_brand?post=17870"},{"taxonomy":"product_cat","embeddable":true,"href":"https:\/\/chilimag.hu\/webshop\/wp-json\/wp\/v2\/product_cat?post=17870"},{"taxonomy":"product_tag","embeddable":true,"href":"https:\/\/chilimag.hu\/webshop\/wp-json\/wp\/v2\/product_tag?post=17870"}],"curies":[{"name":"wp","href":"https:\/\/api.w.org\/{rel}","templated":true}]}}