{"id":178,"date":"2014-11-09T12:11:37","date_gmt":"2014-11-09T12:11:37","guid":{"rendered":"https:\/\/chilimag.hu\/webshop\/?post_type=product&#038;p=178"},"modified":"2026-03-26T17:46:46","modified_gmt":"2026-03-26T17:46:46","slug":"fatalii","status":"publish","type":"product","link":"https:\/\/chilimag.hu\/webshop\/termek\/fatalii\/","title":{"rendered":"Fatalii yellow"},"content":{"rendered":"","protected":false},"excerpt":{"rendered":"<div id=\"productDescription\" class=\"content\">\n<p><img decoding=\"async\" src=\"https:\/\/chilimag.hu\/webshop\/wp-content\/uploads\/2014\/11\/chilimag-logo-2-150x150.jpg\" \/><\/p>\n<\/div>\n<p>Le\u00edr\u00e1s<\/p>\n<p>A fatalii fajta a Capsicum chinense csal\u00e1dba tartozik, amely a habanero chilit \u00e9s a vil\u00e1g legforr\u00f3bb chili fajt\u00e1it is termeli. K\u00f6z\u00e9p-Afrik\u00e1b\u00f3l sz\u00e1rmazik, \u00fagy tartj\u00e1k, hogy a Karib-t\u00e9rs\u00e9gb\u0151l hazat\u00e9r\u0151 rabszolg\u00e1k hozt\u00e1k \u00e1t \u00e9s termesztett\u00e9k.<\/p>\n<p>A legfeljebb 70 cm magas bokrokon n\u00f6v\u0151 paprika ennek a fajt\u00e1nak jellemz\u0151en hegyes form\u00e1j\u00fa. A z\u00f6ldr\u0151l s\u00e1rg\u00e1ra \u00e9r\u0151 paprika 6-8 cm hossz\u00fara \u00e9s k\u00f6r\u00fclbel\u00fcl 3 cm \u00e1tm\u00e9r\u0151j\u0171re n\u0151. Ennek a chili csal\u00e1dnak a t\u00f6bbi tagj\u00e1val ellent\u00e9tben a fatalii chili f\u0171szeres melege azonnal megcsap egy er\u0151teljes l\u00f6k\u00e9ssel, amely hossz\u00fa ideig tart. Ezen fel\u00fcl jellegzetes, gazdag citrus \u00edzt kap, amely a fatalii chilit t\u00f6k\u00e9letes \u00f6sszetev\u0151j\u00e9v\u00e9 teszi az egzotikus gy\u00fcm\u00f6lcs\u00f6ket tartalmaz\u00f3, \u00edzletes sals\u00e1khoz. A paprika v\u00e9kony k\u00fcls\u0151 fal\u00e1nak k\u00f6sz\u00f6nhet\u0151en a kisz\u00e1r\u00edt\u00e1sra is kiv\u00e1l\u00f3an alkalmas.<\/p>\n<p>Gondoz\u00e1sa: A cser\u00e9pben termesztett, kompakt n\u00f6v\u00e9nyeket k\u00f6nny\u0171 \u00e1t\u00e9lni. A cs\u00edr\u00e1z\u00e1si h\u0151m\u00e9rs\u00e9klet 24\u00b0C \u00e9s 30\u00b0C k\u00f6z\u00f6tt van (cs\u00edr\u00e1z\u00e1si id\u0151: 9-20 nap); ez\u00e9rt \u00fcvegh\u00e1z \u00e9s f\u0171t\u0151sz\u0151nyeg haszn\u00e1lata javasolt. A n\u00f6v\u00e9nyeknek friss, j\u00f3l tr\u00e1gy\u00e1zott, v\u00edz\u00e1tereszt\u0151 talajra van sz\u00fcks\u00e9g\u00fck, nem t\u0171rik a bevizesed\u00e9st. Napos, v\u00e9dett helyre \u00fcltess\u00fck, ahol legal\u00e1bb 6 \u00f3ra \u2013 lehet\u0151leg t\u00f6bb \u2013 napf\u00e9ny \u00e9ri. Mivel a n\u00f6v\u00e9nyeknek k\u00fcl\u00f6n\u00f6sen hossz\u00fa az \u00e9r\u00e9si ideje, \u00e9rdemes cser\u00e9pben termeszteni \u0151ket, \u00edgy a napk\u00f6zbeni h\u0151m\u00e9rs\u00e9klet 12\u00b0C al\u00e1 s\u00fcllyed\u00e9sekor k\u00f6nnyen be lehet vinni a n\u00f6v\u00e9nyt, \u00edgy minden gy\u00fcm\u00f6lcs be\u00e9rik. Ahhoz, hogy a n\u00f6v\u00e9nyt t\u00e9len is meg\u0151rizze, betakar\u00edt\u00e1s ut\u00e1n v\u00e1gja vissza 20 cm-rel, \u00e9s tegye vil\u00e1gos helyre, ahol legal\u00e1bb 15\u00b0C h\u0151m\u00e9rs\u00e9klet\u0171.<\/p>\n<p>T\u00edpus: Capsicum chinense<br \/>\nF\u0171szerszint 10+<br \/>\nScoville 100 000 \u2013 500 000 SHU<br \/>\nOptim\u00e1lis cs\u00edr\u00e1z\u00e1si h\u0151m\u00e9rs\u00e9klet 24 &#8211; 30 \u00b0C<br \/>\nVet\u00e9s jan \u2013 \u00e1pr<br \/>\nFeh\u00e9r vir\u00e1gok (m\u00e1jus-augusztus)<br \/>\nN\u00f6veked\u00e9si szok\u00e1sa Bokros, 60-80 cm magas<br \/>\n\u00c9rlel\u00e9s Z\u00f6ldt\u0151l s\u00e1rg\u00e1ig<br \/>\nGy\u00fcm\u00f6lcs megjelen\u00e9se Hossz\u00fak\u00e1s, hegyes alak\u00fa, kb. 6-8 cm, hossz\u00fa<br \/>\n\u00c9r\u00e9si id\u0151 100 nap<br \/>\nSz\u00e1rmaz\u00e1si hely K\u00f6z\u00e9p-Afrika<\/p>\n<div id=\"productDescription\" class=\"content\">\n<p>A csomag 10 szem \u00a0magot tartalmaz<\/p>\n<\/div>\n","protected":false},"featured_media":179,"comment_status":"open","ping_status":"closed","template":"","meta":[],"product_brand":[],"product_cat":[8],"product_tag":[],"class_list":{"0":"post-178","1":"product","2":"type-product","3":"status-publish","4":"has-post-thumbnail","6":"product_cat-paprika","8":"first","9":"instock","10":"taxable","11":"shipping-taxable","12":"purchasable","13":"product-type-simple"},"_links":{"self":[{"href":"https:\/\/chilimag.hu\/webshop\/wp-json\/wp\/v2\/product\/178","targetHints":{"allow":["GET"]}}],"collection":[{"href":"https:\/\/chilimag.hu\/webshop\/wp-json\/wp\/v2\/product"}],"about":[{"href":"https:\/\/chilimag.hu\/webshop\/wp-json\/wp\/v2\/types\/product"}],"replies":[{"embeddable":true,"href":"https:\/\/chilimag.hu\/webshop\/wp-json\/wp\/v2\/comments?post=178"}],"wp:featuredmedia":[{"embeddable":true,"href":"https:\/\/chilimag.hu\/webshop\/wp-json\/wp\/v2\/media\/179"}],"wp:attachment":[{"href":"https:\/\/chilimag.hu\/webshop\/wp-json\/wp\/v2\/media?parent=178"}],"wp:term":[{"taxonomy":"product_brand","embeddable":true,"href":"https:\/\/chilimag.hu\/webshop\/wp-json\/wp\/v2\/product_brand?post=178"},{"taxonomy":"product_cat","embeddable":true,"href":"https:\/\/chilimag.hu\/webshop\/wp-json\/wp\/v2\/product_cat?post=178"},{"taxonomy":"product_tag","embeddable":true,"href":"https:\/\/chilimag.hu\/webshop\/wp-json\/wp\/v2\/product_tag?post=178"}],"curies":[{"name":"wp","href":"https:\/\/api.w.org\/{rel}","templated":true}]}}