{"id":17764,"date":"2022-03-08T17:54:32","date_gmt":"2022-03-08T17:54:32","guid":{"rendered":"https:\/\/chilimag.hu\/webshop\/?post_type=product&#038;p=17764"},"modified":"2026-02-04T15:58:25","modified_gmt":"2026-02-04T15:58:25","slug":"paradicsom-brutus","status":"publish","type":"product","link":"https:\/\/chilimag.hu\/webshop\/termek\/paradicsom-brutus\/","title":{"rendered":"Brutus B-S Paradicsom"},"content":{"rendered":"","protected":false},"excerpt":{"rendered":"<p><img decoding=\"async\" src=\"https:\/\/chilimag.hu\/webshop\/wp-content\/uploads\/2022\/10\/bobby-seeds-test-logo-150x150.png\" \/><\/p>\n<p>&nbsp;<\/p>\n<p>Term\u00e9kinform\u00e1ci\u00f3 &#8222;Tomato Brutus&#8221;<\/p>\n<p>Tetszet\u0151s, nagyon nagy beefsteak paradicsom<\/p>\n<p>Hatalmas term\u00e9seivel, melyek j\u00f3 k\u00f6r\u00fclm\u00e9nyek k\u00f6z\u00f6tt ak\u00e1r 1 kg-ot is el\u00e9rhetnek, a Brutus igazi attrakci\u00f3. Gy\u00fcm\u00f6lcsei lapos kerekek, s\u00f6t\u00e9tv\u00f6r\u00f6sek, finom cs\u00edkokkal \u00e9s j\u00f3l bord\u00e1zottak. Mint minden nagy beefsteak paradicsom, a Brutus is v\u00e9dett termeszt\u00e9sben fejl\u0151dik a legjobban. Meleg helyeken \u00e9s tet\u0151vel ell\u00e1tott Brutus a szabadban is n\u0151<\/p>\n<p>Lycopersicon lycopersicum<br \/>\nA betakar\u00edt\u00e1s j\u00falius v\u00e9g\u00e9t\u0151l szeptemberig az \u00fcvegh\u00e1zban t\u00f6rt\u00e9nik<br \/>\nVet\u00e9s 20-25 \u00b0C-on, majd el\u0151teny\u00e9szt\u00e9s febru\u00e1rt\u00f3l \u00e1prilisig<\/p>\n<p>Paradicsom tipp:<br \/>\nSoha ne \u00f6nt\u00f6zze a n\u00f6v\u00e9nyeket csaphideg v\u00edzzel, a v\u00edznek legal\u00e1bb szobah\u0151m\u00e9rs\u00e9klet\u0171nek kell lennie. Mindig \u00fcgyeljen arra, hogy a levelek sz\u00e1razak maradjanak, hogy a paradicsom rothad\u00e1sa kisebb legyen.<\/p>\n<p><span style=\"font-size: 16px;\">A csomag 10 szem magot tartalmaz<\/span><\/p>\n","protected":false},"featured_media":17765,"comment_status":"closed","ping_status":"closed","template":"","meta":[],"product_brand":[],"product_cat":[10],"product_tag":[],"class_list":{"0":"post-17764","1":"product","2":"type-product","3":"status-publish","4":"has-post-thumbnail","6":"product_cat-paradicsom","8":"first","9":"outofstock","10":"taxable","11":"shipping-taxable","12":"purchasable","13":"product-type-simple"},"_links":{"self":[{"href":"https:\/\/chilimag.hu\/webshop\/wp-json\/wp\/v2\/product\/17764","targetHints":{"allow":["GET"]}}],"collection":[{"href":"https:\/\/chilimag.hu\/webshop\/wp-json\/wp\/v2\/product"}],"about":[{"href":"https:\/\/chilimag.hu\/webshop\/wp-json\/wp\/v2\/types\/product"}],"replies":[{"embeddable":true,"href":"https:\/\/chilimag.hu\/webshop\/wp-json\/wp\/v2\/comments?post=17764"}],"wp:featuredmedia":[{"embeddable":true,"href":"https:\/\/chilimag.hu\/webshop\/wp-json\/wp\/v2\/media\/17765"}],"wp:attachment":[{"href":"https:\/\/chilimag.hu\/webshop\/wp-json\/wp\/v2\/media?parent=17764"}],"wp:term":[{"taxonomy":"product_brand","embeddable":true,"href":"https:\/\/chilimag.hu\/webshop\/wp-json\/wp\/v2\/product_brand?post=17764"},{"taxonomy":"product_cat","embeddable":true,"href":"https:\/\/chilimag.hu\/webshop\/wp-json\/wp\/v2\/product_cat?post=17764"},{"taxonomy":"product_tag","embeddable":true,"href":"https:\/\/chilimag.hu\/webshop\/wp-json\/wp\/v2\/product_tag?post=17764"}],"curies":[{"name":"wp","href":"https:\/\/api.w.org\/{rel}","templated":true}]}}