{"id":17704,"date":"2022-03-03T17:14:41","date_gmt":"2022-03-03T17:14:41","guid":{"rendered":"https:\/\/chilimag.hu\/webshop\/?post_type=product&#038;p=17704"},"modified":"2025-06-03T07:17:16","modified_gmt":"2025-06-03T07:17:16","slug":"biosol-kaliszappan-0-5l","status":"publish","type":"product","link":"https:\/\/chilimag.hu\/webshop\/termek\/biosol-kaliszappan-0-5l\/","title":{"rendered":"Biosol-K\u00e1liszappan 0.5L"},"content":{"rendered":"","protected":false},"excerpt":{"rendered":"<p><strong><em>Tapad\u00e1sfokoz\u00f3, k\u00e1ros\u00edt\u00f3k t\u00e1vols\u00e1gtart\u00e1sa.<\/em><\/strong><br \/>\n<em>&#8211; Gomba \u00e9s rovar\u00f6l\u0151 szerek tapad\u00e1sfokoz\u00e1s\u00e1ra 0,5-1,0 %-os koncentr\u00e1ci\u00f3ban (0,05-0,1 l\/10 l permetl\u00e9ben) a n\u00f6v\u00e9nyv\u00e9d\u0151szerrel egy\u00fctt kijuttatva.\u00a0<\/em><br \/>\n<em>&#8211; \u00c9l\u0151 k\u00e1ros\u00edt\u00f3k (pl. lev\u00e9ltetvek, atk\u00e1k, lev\u00e9lbolh\u00e1k) fizikai t\u00e1voltart\u00e1s\u00e1ra \u00e9s elt\u00e1vol\u00edt\u00e1s\u00e1ra\u00a01,0-2,5 %-os koncentr\u00e1ci\u00f3ban (0,1-0,25 l\/10 l permetl\u00e9ben).<\/em><br \/>\n<em><strong>Hat\u00f3anyag \u00f6sszet\u00e9tel<\/strong>: 30% k\u00e1liszappan &#8211; emulzi\u00f3k\u00e9pz\u0151 koncentr\u00e1tum (EC)<\/em><br \/>\n<em><strong>Kult\u00fara<\/strong>: sz\u00e1nt\u00f3f\u00f6ldi kult\u00far\u00e1k, z\u00f6lds\u00e9g, gy\u00fcm\u00f6lcsf\u00e9l\u00e9k<\/em><\/p>\n","protected":false},"featured_media":17705,"comment_status":"closed","ping_status":"closed","template":"","meta":[],"product_brand":[],"product_cat":[391],"product_tag":[],"class_list":{"0":"post-17704","1":"product","2":"type-product","3":"status-publish","4":"has-post-thumbnail","6":"product_cat-egyeb-tapoldatok","8":"first","9":"outofstock","10":"taxable","11":"shipping-taxable","12":"purchasable","13":"product-type-simple"},"_links":{"self":[{"href":"https:\/\/chilimag.hu\/webshop\/wp-json\/wp\/v2\/product\/17704","targetHints":{"allow":["GET"]}}],"collection":[{"href":"https:\/\/chilimag.hu\/webshop\/wp-json\/wp\/v2\/product"}],"about":[{"href":"https:\/\/chilimag.hu\/webshop\/wp-json\/wp\/v2\/types\/product"}],"replies":[{"embeddable":true,"href":"https:\/\/chilimag.hu\/webshop\/wp-json\/wp\/v2\/comments?post=17704"}],"wp:featuredmedia":[{"embeddable":true,"href":"https:\/\/chilimag.hu\/webshop\/wp-json\/wp\/v2\/media\/17705"}],"wp:attachment":[{"href":"https:\/\/chilimag.hu\/webshop\/wp-json\/wp\/v2\/media?parent=17704"}],"wp:term":[{"taxonomy":"product_brand","embeddable":true,"href":"https:\/\/chilimag.hu\/webshop\/wp-json\/wp\/v2\/product_brand?post=17704"},{"taxonomy":"product_cat","embeddable":true,"href":"https:\/\/chilimag.hu\/webshop\/wp-json\/wp\/v2\/product_cat?post=17704"},{"taxonomy":"product_tag","embeddable":true,"href":"https:\/\/chilimag.hu\/webshop\/wp-json\/wp\/v2\/product_tag?post=17704"}],"curies":[{"name":"wp","href":"https:\/\/api.w.org\/{rel}","templated":true}]}}