{"id":17702,"date":"2022-03-03T17:07:15","date_gmt":"2022-03-03T17:07:15","guid":{"rendered":"https:\/\/chilimag.hu\/webshop\/?post_type=product&#038;p=17702"},"modified":"2024-02-28T14:21:16","modified_gmt":"2024-02-28T14:21:16","slug":"bio-plantella-flora-permet-750-ml","status":"publish","type":"product","link":"https:\/\/chilimag.hu\/webshop\/termek\/bio-plantella-flora-permet-750-ml\/","title":{"rendered":"Bio Plantella Fl\u00f3ra permet 750 ml"},"content":{"rendered":"","protected":false},"excerpt":{"rendered":"<p><em><strong>Le\u00edr\u00e1s:<\/strong><\/em><br \/>\n<em>A Bio Plantella Flora Permet term\u00e9szetes piretrin alap\u00fa rovarirt\u00f3szer\u00a0lev\u00e9ltetvek, molytetvek \u00e9s tripszek ellen (alkalmazhat\u00f3\u00a0gy\u00fcm\u00f6lcs\u00f6s\u00f6kben, z\u00f6lds\u00e9ges kertekben szoba-\u00e9s\u00a0d\u00edszn\u00f6v\u00e9nyeken). A ny\u00e1ri h\u00f3napokban a molytetu nagy\u00a0k\u00e1rokat okozhat a d\u00edszn\u00f6v\u00e9nyeken \u00e9s a z\u00f6lds\u00e9gf\u00e9l\u00e9ken. A\u00a0molytetu \u00e9s annak l\u00e1rv\u00e1i kisz\u00edvj\u00e1k a n\u00f6v\u00e9nyek nedveit\u00a0\u00e9s ez\u00e1ltal a levelek els\u00e1rgulnak.<\/em><\/p>\n<p><em>A k\u00e1rtevok t\u00e1mad\u00e1sa miatt k\u00fcl\u00f6nb\u00f6zo gomb\u00e1s\u00a0fertoz\u00e9sek alakulhatnak ki a n\u00f6v\u00e9nyeken, ez\u00e1ltal a\u00a0fotoszint\u00e9zis nem muk\u00f6dik megfeleloen, a\u00a0term\u00e9s ak\u00e1r 40%-kal is cs\u00f6kkenhet.<\/em><\/p>\n<p><em>A legjobb hat\u00e1st \u00e9s a\u00a0v\u00e9dekez\u00e9st akkor tudjuk\u00a0el\u00e9rni, ha a k\u00e9sz\u00edtm\u00e9nyt 3-5 naponta alkalmazzuk \u00fagy,\u00a0hogy lemossuk a n\u00f6v\u00e9nyeket (a levelek mindk\u00e9t oldal\u00e1t).\u00a0A Bio Plantella Flora Permet m\u00e1r alkalmaz\u00e1sra k\u00e9sz\u00a0term\u00e9k. A v\u00e1rakoz\u00e1si ido igen r\u00f6vid: 4-7 nap. A\u00a0k\u00e9sz\u00edtm\u00e9ny a f\u00e9ny hat\u00e1s\u00e1ra gyorsan elbomlik.<\/em><\/p>\n","protected":false},"featured_media":17703,"comment_status":"closed","ping_status":"closed","template":"","meta":[],"product_brand":[],"product_cat":[391],"product_tag":[],"class_list":{"0":"post-17702","1":"product","2":"type-product","3":"status-publish","4":"has-post-thumbnail","6":"product_cat-egyeb-tapoldatok","8":"first","9":"instock","10":"taxable","11":"shipping-taxable","12":"purchasable","13":"product-type-simple"},"_links":{"self":[{"href":"https:\/\/chilimag.hu\/webshop\/wp-json\/wp\/v2\/product\/17702","targetHints":{"allow":["GET"]}}],"collection":[{"href":"https:\/\/chilimag.hu\/webshop\/wp-json\/wp\/v2\/product"}],"about":[{"href":"https:\/\/chilimag.hu\/webshop\/wp-json\/wp\/v2\/types\/product"}],"replies":[{"embeddable":true,"href":"https:\/\/chilimag.hu\/webshop\/wp-json\/wp\/v2\/comments?post=17702"}],"wp:featuredmedia":[{"embeddable":true,"href":"https:\/\/chilimag.hu\/webshop\/wp-json\/wp\/v2\/media\/17703"}],"wp:attachment":[{"href":"https:\/\/chilimag.hu\/webshop\/wp-json\/wp\/v2\/media?parent=17702"}],"wp:term":[{"taxonomy":"product_brand","embeddable":true,"href":"https:\/\/chilimag.hu\/webshop\/wp-json\/wp\/v2\/product_brand?post=17702"},{"taxonomy":"product_cat","embeddable":true,"href":"https:\/\/chilimag.hu\/webshop\/wp-json\/wp\/v2\/product_cat?post=17702"},{"taxonomy":"product_tag","embeddable":true,"href":"https:\/\/chilimag.hu\/webshop\/wp-json\/wp\/v2\/product_tag?post=17702"}],"curies":[{"name":"wp","href":"https:\/\/api.w.org\/{rel}","templated":true}]}}