{"id":17633,"date":"2022-02-26T19:25:33","date_gmt":"2022-02-26T19:25:33","guid":{"rendered":"https:\/\/chilimag.hu\/webshop\/?post_type=product&#038;p=17633"},"modified":"2026-01-31T20:06:26","modified_gmt":"2026-01-31T20:06:26","slug":"paradicsom-cream-sausage","status":"publish","type":"product","link":"https:\/\/chilimag.hu\/webshop\/termek\/paradicsom-cream-sausage\/","title":{"rendered":"Cream sausage B Paradicsom"},"content":{"rendered":"","protected":false},"excerpt":{"rendered":"<p><i><img decoding=\"async\" src=\"https:\/\/chilimag.hu\/webshop\/wp-content\/uploads\/2014\/11\/chilimag-logo-2-150x150.jpg\" \/><\/i><\/p>\n<p>&nbsp;<\/p>\n<p>Le\u00edr\u00e1s<\/p>\n<p>A paradicsomos `Cream Sausage` egy \u00faj, hossz\u00fak\u00e1s p\u00e9pes paradicsom, amely kr\u00e9mfeh\u00e9rt\u0151l halv\u00e1nys\u00e1rg\u00e1ig terjed. A paradicsom legfeljebb 10 cm hossz\u00fa \u00e9s k\u00f6r\u00fclbel\u00fcl 120 g t\u00f6meg\u0171. \u00c9des, l\u00e9d\u00fas, aranysz\u00edn\u0171 h\u00fasuk, egy csipetnyi citromos \u00edzzel ide\u00e1lis v\u00e1laszt\u00e1ss\u00e1 teszi szokatlan sz\u00f3szok k\u00e9sz\u00edt\u00e9s\u00e9hez. De friss fogyaszt\u00e1sra \u00e9s sal\u00e1t\u00e1kra is alkalmasak. Mivel a n\u00f6v\u00e9nyek bokrosodnak, nem kell kics\u00edpni a balekokat.<\/p>\n<p>Gondoz\u00e1sa: Paradicsomot termeszthet otthon, \u00fcvegh\u00e1zban vagy kint. A magokat csak kiss\u00e9 takarja be talajjal. Az optim\u00e1lis cs\u00edr\u00e1z\u00e1si h\u0151m\u00e9rs\u00e9klet 20\u00b0C \u00e9s 25\u00b0C k\u00f6z\u00f6tt van, a cs\u00edr\u00e1z\u00e1s 5-15 nap m\u00falva k\u00f6vetkezik be. Felgyors\u00edthatja a cs\u00edr\u00e1z\u00e1st, ha egy \u00e9jszak\u00e1n \u00e1t nedves ruh\u00e1ban alapozza \u0151ket. A fiatal n\u00f6v\u00e9nyt csak az utols\u00f3 fagy ut\u00e1n szabad a szabadba \u00fcltetni.<\/p>\n<p>A paradicsomnak friss, j\u00f3l tr\u00e1gy\u00e1zott, v\u00edz\u00e1tereszt\u0151 talajra van sz\u00fcks\u00e9ge, amelyet nedvesen (de nem nedvesen!) kell tartani. Napos, v\u00e9dett helyre kell helyezni, ahol legal\u00e1bb napi 6 \u00f3ra napf\u00e9ny \u00e9ri, ha nem t\u00f6bb.<br \/>\nOptim\u00e1lis cs\u00edr\u00e1z\u00e1si h\u0151m\u00e9rs\u00e9klet 20 &#8211; 25 \u00b0C<br \/>\nVet\u00e9s febru\u00e1r-m\u00e1jus<br \/>\nCs\u00edr\u00e1z\u00e1si id\u0151 5-15 nap<br \/>\nN\u00f6v\u00e9nyi n\u00f6veked\u00e9si szok\u00e1sa 100-150 cm magas, bokros paradicsom<br \/>\nGy\u00fcm\u00f6lcs megjelen\u00e9se kr\u00e9ms\u00e1rga, hossz\u00fak\u00e1s, kb. 10 cm hossz\u00fa<br \/>\n\u00cdze \u00e9des, l\u00e9d\u00fas, kem\u00e9ny arany h\u00fas\u00fa<br \/>\nBetakar\u00edt\u00e1s j\u00faliust\u00f3l szeptemberig<br \/>\nSz\u00e1rmaz\u00e1sa USA<\/p>\n<p><span style=\"font-size: 16px;\">A csomag 10 szem magot tartalmaz<\/span><\/p>\n","protected":false},"featured_media":17634,"comment_status":"closed","ping_status":"closed","template":"","meta":[],"product_brand":[],"product_cat":[10],"product_tag":[],"class_list":{"0":"post-17633","1":"product","2":"type-product","3":"status-publish","4":"has-post-thumbnail","6":"product_cat-paradicsom","8":"first","9":"outofstock","10":"taxable","11":"shipping-taxable","12":"purchasable","13":"product-type-simple"},"_links":{"self":[{"href":"https:\/\/chilimag.hu\/webshop\/wp-json\/wp\/v2\/product\/17633","targetHints":{"allow":["GET"]}}],"collection":[{"href":"https:\/\/chilimag.hu\/webshop\/wp-json\/wp\/v2\/product"}],"about":[{"href":"https:\/\/chilimag.hu\/webshop\/wp-json\/wp\/v2\/types\/product"}],"replies":[{"embeddable":true,"href":"https:\/\/chilimag.hu\/webshop\/wp-json\/wp\/v2\/comments?post=17633"}],"wp:featuredmedia":[{"embeddable":true,"href":"https:\/\/chilimag.hu\/webshop\/wp-json\/wp\/v2\/media\/17634"}],"wp:attachment":[{"href":"https:\/\/chilimag.hu\/webshop\/wp-json\/wp\/v2\/media?parent=17633"}],"wp:term":[{"taxonomy":"product_brand","embeddable":true,"href":"https:\/\/chilimag.hu\/webshop\/wp-json\/wp\/v2\/product_brand?post=17633"},{"taxonomy":"product_cat","embeddable":true,"href":"https:\/\/chilimag.hu\/webshop\/wp-json\/wp\/v2\/product_cat?post=17633"},{"taxonomy":"product_tag","embeddable":true,"href":"https:\/\/chilimag.hu\/webshop\/wp-json\/wp\/v2\/product_tag?post=17633"}],"curies":[{"name":"wp","href":"https:\/\/api.w.org\/{rel}","templated":true}]}}