{"id":17627,"date":"2022-02-26T16:49:57","date_gmt":"2022-02-26T16:49:57","guid":{"rendered":"https:\/\/chilimag.hu\/webshop\/?post_type=product&#038;p=17627"},"modified":"2026-01-14T13:13:41","modified_gmt":"2026-01-14T13:13:41","slug":"lemon-drop","status":"publish","type":"product","link":"https:\/\/chilimag.hu\/webshop\/termek\/lemon-drop\/","title":{"rendered":"Lemon drop SCh"},"content":{"rendered":"","protected":false},"excerpt":{"rendered":"<p><img decoding=\"async\" src=\"https:\/\/chilimag.hu\/webshop\/wp-content\/uploads\/2014\/11\/chilimag-logo-2-150x150.jpg\" \/><\/p>\n<p>&nbsp;<\/p>\n<p>Le\u00edr\u00e1s<\/p>\n<p>Intenz\u00edv citrusos \u00edz\u00e9nek k\u00f6sz\u00f6nhet\u0151en a Lemon Drop chili paprika a Capsicum baccatum, a D\u00e9l-Amerik\u00e1ban \u0151shonos n\u00f6v\u00e9ny egyik legismertebb fajt\u00e1ja. A faj e v\u00e1ltozat\u00e1nak f\u0151 jellemz\u0151je a f\u00fcgg\u0151leges, nagy \u00e9s egy\u00e9rtelm\u0171en el\u00e1gaz\u00f3 n\u00f6veked\u00e9si szok\u00e1sa (ak\u00e1r 2 m\u00e9ter magass\u00e1got is el\u00e9rhet), valamint a vir\u00e1g k\u00f6zep\u00e9n kialakul\u00f3, z\u00f6ldes-s\u00e1rga akcentus\u00fa feh\u00e9r vir\u00e1gai. .<\/p>\n<p>A Lemon Drop chilit aj\u00ed limuzink\u00e9nt vagy cs\u00edp\u0151s citromk\u00e9nt is ismerik, rendk\u00edv\u00fcl term\u00e9keny n\u00f6v\u00e9ny, amely ak\u00e1r 100 gy\u00fcm\u00f6lcs\u00f6t is tud hozni egy \u00e9v alatt. A megny\u00falt chili paprika v\u00e9kony fal\u00fa, kev\u00e9s maggal, z\u00f6ldb\u0151l lumineszcens s\u00e1rg\u00e1ra \u00e9rik. Gy\u00fcm\u00f6lcs\u00f6s, citrusra eml\u00e9keztet\u0151 \u00edz\u00e9vel a citromcsepp chili t\u00f6k\u00e9letes sal\u00e1t\u00e1khoz. Mindazon\u00e1ltal frissen vagy sz\u00e1r\u00edtva is fogyaszthat\u00f3k, \u00e9s csiliporr\u00e1 \u0151r\u00f6lhet\u0151k, amely vil\u00e1g\u00edt\u00f3s\u00e1rga sz\u00edn\u0171. D\u00e9l-Amerik\u00e1ban ezt a chilit hagyom\u00e1nyosan sals\u00e1k \u00e9s sz\u00f3szok, valamint hal\u00e9telek \u00e9s cuy (grillezett tengerimalac) f\u0171szerez\u00e9s\u00e9re haszn\u00e1lj\u00e1k.<\/p>\n<p>Gondoz\u00e1sa: A cs\u00edr\u00e1z\u00e1si h\u0151m\u00e9rs\u00e9klet 22\u00b0C \u00e9s 28\u00b0C k\u00f6z\u00f6tt van (cs\u00edr\u00e1z\u00e1si id\u0151: 8-20 nap); ez\u00e9rt \u00fcvegh\u00e1z \u00e9s f\u0171t\u0151sz\u0151nyeg haszn\u00e1lata javasolt. A n\u00f6v\u00e9nyeknek friss, j\u00f3l tr\u00e1gy\u00e1zott v\u00edz\u00e1tereszt\u0151 talajra van sz\u00fcks\u00e9g\u00fck, \u00e9s nem szabad \u00e1ll\u00f3v\u00edzben hagyni. Napos, v\u00e9dett helyre kell helyezni, ahol legal\u00e1bb napi 6 \u00f3ra napf\u00e9ny \u00e9ri, ha nem t\u00f6bb. A n\u00f6v\u00e9nyek kihelyez\u00e9s\u00e9nek legkor\u00e1bbi id\u0151pontja az utols\u00f3 fagy ut\u00e1n 2-3 h\u00e9t. Ha a Lemon Drop chili paprik\u00e1t a szabadban \u00fclteti, \u00fcgyeljen arra, hogy az egyes n\u00f6v\u00e9nyek k\u00f6z\u00f6tt legal\u00e1bb 80 cm t\u00e1vols\u00e1g legyen. B\u00e1rmilyen probl\u00e9ma eset\u00e9n cser\u00e9pben is termeszthet\u0151k. A n\u00f6v\u00e9nyeket eg\u00e9sz t\u00e9len k\u00f6nny\u0171 gondozni, ha cser\u00e9pben termesztik \u0151ket. El\u0151fordulhat, hogy kiss\u00e9 vissza kell v\u00e1gni, \u00e9s vil\u00e1gos helyre kell tenni, ahol legal\u00e1bb 15\u00b0C h\u0151m\u00e9rs\u00e9klet\u0171.<\/p>\n<p>T\u00edpus Capsicum baccatum<br \/>\nF\u0171szerszint 7<br \/>\nScoville 15 000 \u2013 30 000 SHU<br \/>\nOptim\u00e1lis cs\u00edr\u00e1z\u00e1si h\u0151m\u00e9rs\u00e9klet 22 &#8211; 28 \u00b0C<br \/>\nVet\u00e9s janu\u00e1r-\u00e1prilis<br \/>\nFeh\u00e9r vir\u00e1gok (j\u00fan-augusztus)<br \/>\nN\u00f6veked\u00e9si szok\u00e1sa 150-200 cm magas, f\u00fcgg\u0151leges \u00e9s sok el\u00e1gaz\u00e1s\u00fa<br \/>\n\u00c9rlel\u00e9s Z\u00f6ldt\u0151l s\u00e1rg\u00e1ig<br \/>\nGy\u00fcm\u00f6lcs megjelen\u00e9se Hossz\u00fak\u00e1s, 2 x 8 cm, v\u00e9kony h\u00fas\u00fa<br \/>\n\u00c9rlel\u00e9si id\u0151 70-80 nap<br \/>\nSz\u00e1rmaz\u00e1si hely D\u00e9l-Amerika (Bol\u00edvia\/Peru)<\/p>\n<p>&nbsp;<\/p>\n<p>A csomag 10 szem magot tartalmaz<\/p>\n","protected":false},"featured_media":17629,"comment_status":"closed","ping_status":"closed","template":"","meta":[],"product_brand":[],"product_cat":[8],"product_tag":[],"class_list":{"0":"post-17627","1":"product","2":"type-product","3":"status-publish","4":"has-post-thumbnail","6":"product_cat-paprika","8":"first","9":"instock","10":"taxable","11":"shipping-taxable","12":"purchasable","13":"product-type-simple"},"_links":{"self":[{"href":"https:\/\/chilimag.hu\/webshop\/wp-json\/wp\/v2\/product\/17627","targetHints":{"allow":["GET"]}}],"collection":[{"href":"https:\/\/chilimag.hu\/webshop\/wp-json\/wp\/v2\/product"}],"about":[{"href":"https:\/\/chilimag.hu\/webshop\/wp-json\/wp\/v2\/types\/product"}],"replies":[{"embeddable":true,"href":"https:\/\/chilimag.hu\/webshop\/wp-json\/wp\/v2\/comments?post=17627"}],"wp:featuredmedia":[{"embeddable":true,"href":"https:\/\/chilimag.hu\/webshop\/wp-json\/wp\/v2\/media\/17629"}],"wp:attachment":[{"href":"https:\/\/chilimag.hu\/webshop\/wp-json\/wp\/v2\/media?parent=17627"}],"wp:term":[{"taxonomy":"product_brand","embeddable":true,"href":"https:\/\/chilimag.hu\/webshop\/wp-json\/wp\/v2\/product_brand?post=17627"},{"taxonomy":"product_cat","embeddable":true,"href":"https:\/\/chilimag.hu\/webshop\/wp-json\/wp\/v2\/product_cat?post=17627"},{"taxonomy":"product_tag","embeddable":true,"href":"https:\/\/chilimag.hu\/webshop\/wp-json\/wp\/v2\/product_tag?post=17627"}],"curies":[{"name":"wp","href":"https:\/\/api.w.org\/{rel}","templated":true}]}}