{"id":17572,"date":"2022-02-22T18:15:50","date_gmt":"2022-02-22T18:15:50","guid":{"rendered":"https:\/\/chilimag.hu\/webshop\/?post_type=product&#038;p=17572"},"modified":"2026-03-13T11:44:51","modified_gmt":"2026-03-13T11:44:51","slug":"jiffy-tozegkorong","status":"publish","type":"product","link":"https:\/\/chilimag.hu\/webshop\/termek\/jiffy-tozegkorong\/","title":{"rendered":"Jiffy t\u0151zegkorong 33 mm"},"content":{"rendered":"","protected":false},"excerpt":{"rendered":"<p>M\u00e9rete: 33 mm \u00e1tm\u00e9r\u0151j\u0171.<\/p>\n<p>A t\u0151zegkorong kiv\u00e1l\u00f3an alkalmas magok csir\u00e1ztat\u00e1s\u00e1ra, pal\u00e1nt\u00e1k, dugv\u00e1nyok gy\u00f6kereztet\u00e9s\u00e9re. A pr\u00e9selt t\u0151zegb\u0151l k\u00e9sz\u00fclt t\u0151zegkorong hengerr\u00e9 duzzad, miut\u00e1n megsz\u00edvta mag\u00e1t v\u00edzzel. A gy\u00f6k\u00e9rzet kifakad\u00e1s\u00e1ig megfelel\u0151 k\u00f6zeg a n\u00f6v\u00e9nysz\u00e1m\u00e1ra.<\/p>\n","protected":false},"featured_media":17573,"comment_status":"closed","ping_status":"closed","template":"","meta":[],"product_brand":[],"product_cat":[466,336],"product_tag":[],"class_list":{"0":"post-17572","1":"product","2":"type-product","3":"status-publish","4":"has-post-thumbnail","6":"product_cat-talaj-javitok-es-takarok","7":"product_cat-vetotalcak-ulteto-cserepek-es-palanta-nevelok","9":"first","10":"instock","11":"taxable","12":"shipping-taxable","13":"purchasable","14":"product-type-simple"},"_links":{"self":[{"href":"https:\/\/chilimag.hu\/webshop\/wp-json\/wp\/v2\/product\/17572","targetHints":{"allow":["GET"]}}],"collection":[{"href":"https:\/\/chilimag.hu\/webshop\/wp-json\/wp\/v2\/product"}],"about":[{"href":"https:\/\/chilimag.hu\/webshop\/wp-json\/wp\/v2\/types\/product"}],"replies":[{"embeddable":true,"href":"https:\/\/chilimag.hu\/webshop\/wp-json\/wp\/v2\/comments?post=17572"}],"wp:featuredmedia":[{"embeddable":true,"href":"https:\/\/chilimag.hu\/webshop\/wp-json\/wp\/v2\/media\/17573"}],"wp:attachment":[{"href":"https:\/\/chilimag.hu\/webshop\/wp-json\/wp\/v2\/media?parent=17572"}],"wp:term":[{"taxonomy":"product_brand","embeddable":true,"href":"https:\/\/chilimag.hu\/webshop\/wp-json\/wp\/v2\/product_brand?post=17572"},{"taxonomy":"product_cat","embeddable":true,"href":"https:\/\/chilimag.hu\/webshop\/wp-json\/wp\/v2\/product_cat?post=17572"},{"taxonomy":"product_tag","embeddable":true,"href":"https:\/\/chilimag.hu\/webshop\/wp-json\/wp\/v2\/product_tag?post=17572"}],"curies":[{"name":"wp","href":"https:\/\/api.w.org\/{rel}","templated":true}]}}