{"id":17386,"date":"2022-02-16T19:51:02","date_gmt":"2022-02-16T19:51:02","guid":{"rendered":"https:\/\/chilimag.hu\/webshop\/?post_type=product&#038;p=17386"},"modified":"2025-08-11T15:43:28","modified_gmt":"2025-08-11T15:43:28","slug":"paradicsom-tigerella-2","status":"publish","type":"product","link":"https:\/\/chilimag.hu\/webshop\/termek\/paradicsom-tigerella-2\/","title":{"rendered":"Tigerella B Paradicsom"},"content":{"rendered":"","protected":false},"excerpt":{"rendered":"<p><img decoding=\"async\" src=\"https:\/\/chilimag.hu\/webshop\/wp-content\/uploads\/2014\/11\/chilimag-logo-2-150x150.jpg\" \/><\/p>\n<p>&nbsp;<\/p>\n<p>&nbsp;<\/p>\n<p>Le\u00edr\u00e1s<\/p>\n<p>A Tigerella paradicsom nagyon ellen\u00e1ll a betegs\u00e9geknek, k\u00fcl\u00f6n\u00f6sen a v\u00e9sznek. Emiatt t\u00f6k\u00e9letes kerti paradicsom a k\u00f6z\u00e9ps\u0151 sz\u00e9less\u00e9gi fokainkon.<\/p>\n<p>A k\u00f6zepes m\u00e9ret\u0171 gy\u00fcm\u00f6lcs\u00f6k vonz\u00f3 s\u00e1rg\u00e1sv\u00f6r\u00f6s cs\u00edkokat mutatnak, b\u00e1r ezeket \u00e1ltal\u00e1ban neh\u00e9z \u00e9szrevenni, miut\u00e1n a paradicsom teljesen be\u00e9rett. Ezek nagyszer\u0171 sal\u00e1taparadicsomok, mivel enyhe gy\u00fcm\u00f6lcs\u00f6s \u00edz\u0171ek, sok folyad\u00e9kkal \u00e9s feszes h\u00e9jjal rendelkeznek.<br \/>\nMivel a n\u00f6v\u00e9nyek nagyon nagyra n\u0151hetnek, er\u0151sen javasoljuk m\u00e1sz\u00f3t\u00e1maszok biztos\u00edt\u00e1s\u00e1t. Az oldalhajt\u00e1sokat is rendszeresen le kell cs\u00edpni.<\/p>\n<p>Gondoz\u00e1sa: A tigerella paradicsomot termesztheti otthon, \u00fcvegh\u00e1zban vagy kint. Az optim\u00e1lis cs\u00edr\u00e1z\u00e1si h\u0151m\u00e9rs\u00e9klet 20\u00b0C \u00e9s 28\u00b0C k\u00f6z\u00f6tt van, a cs\u00edr\u00e1z\u00e1s 6-15 nap m\u00falva k\u00f6vetkezik be. Felgyors\u00edthatja a cs\u00edr\u00e1z\u00e1st, ha egy \u00e9jszak\u00e1n \u00e1t nedves ruh\u00e1ban alapozza \u0151ket. A fiatal n\u00f6v\u00e9nyt csak az utols\u00f3 fagy ut\u00e1n szabad a szabadba \u00fcltetni. A paradicsomnak friss, j\u00f3l tr\u00e1gy\u00e1zott, \u00e1tereszt\u0151 talajra van sz\u00fcks\u00e9ge, amelyet nedvesen (de nem nedvesen!) kell tartani. Napos, v\u00e9dett helyre kell helyezni, ahol legal\u00e1bb napi 6 \u00f3ra napf\u00e9ny \u00e9ri, ha nem t\u00f6bb.<\/p>\n<p>Tigerella paradicsom fajta<br \/>\nOptim\u00e1lis cs\u00edr\u00e1z\u00e1si h\u0151m\u00e9rs\u00e9klet 20 &#8211; 26 \u00b0C<br \/>\nVet\u00e9s febru\u00e1r-\u00e1prilis<br \/>\nCs\u00edr\u00e1z\u00e1si id\u0151 6-15 nap<br \/>\nN\u00f6v\u00e9nyi n\u00f6veked\u00e9si szok\u00e1sa 1,5-2,5 m\u00e9ter magas, kar\u00f3paradicsom, nagyon ellen\u00e1ll\u00f3<br \/>\nGy\u00fcm\u00f6lcs megjelen\u00e9se V\u00e9kony v\u00f6r\u00f6s-s\u00e1rga cs\u00edkos, kerek, k\u00f6zepes m\u00e9ret\u0171<br \/>\n\u00cdze Gy\u00fcm\u00f6lcs\u00f6s, enyhe-\u00e9des<br \/>\nBetakar\u00edt\u00e1s j\u00falius v\u00e9g\u00e9t\u0151l szeptemberig<br \/>\nSz\u00e1rmaz\u00e1si Anglia<\/p>\n<p>A csomag 10 szem magot tartalmaz<\/p>\n","protected":false},"featured_media":17387,"comment_status":"closed","ping_status":"closed","template":"","meta":[],"product_brand":[],"product_cat":[10],"product_tag":[],"class_list":{"0":"post-17386","1":"product","2":"type-product","3":"status-publish","4":"has-post-thumbnail","6":"product_cat-paradicsom","8":"first","9":"instock","10":"taxable","11":"shipping-taxable","12":"purchasable","13":"product-type-simple"},"_links":{"self":[{"href":"https:\/\/chilimag.hu\/webshop\/wp-json\/wp\/v2\/product\/17386","targetHints":{"allow":["GET"]}}],"collection":[{"href":"https:\/\/chilimag.hu\/webshop\/wp-json\/wp\/v2\/product"}],"about":[{"href":"https:\/\/chilimag.hu\/webshop\/wp-json\/wp\/v2\/types\/product"}],"replies":[{"embeddable":true,"href":"https:\/\/chilimag.hu\/webshop\/wp-json\/wp\/v2\/comments?post=17386"}],"wp:featuredmedia":[{"embeddable":true,"href":"https:\/\/chilimag.hu\/webshop\/wp-json\/wp\/v2\/media\/17387"}],"wp:attachment":[{"href":"https:\/\/chilimag.hu\/webshop\/wp-json\/wp\/v2\/media?parent=17386"}],"wp:term":[{"taxonomy":"product_brand","embeddable":true,"href":"https:\/\/chilimag.hu\/webshop\/wp-json\/wp\/v2\/product_brand?post=17386"},{"taxonomy":"product_cat","embeddable":true,"href":"https:\/\/chilimag.hu\/webshop\/wp-json\/wp\/v2\/product_cat?post=17386"},{"taxonomy":"product_tag","embeddable":true,"href":"https:\/\/chilimag.hu\/webshop\/wp-json\/wp\/v2\/product_tag?post=17386"}],"curies":[{"name":"wp","href":"https:\/\/api.w.org\/{rel}","templated":true}]}}